{"id":508,"date":"2019-03-06T08:02:34","date_gmt":"2019-03-06T08:02:34","guid":{"rendered":"http:\/\/mau2.maudep.com.vn\/mypham\/?page_id=508"},"modified":"2024-06-21T13:09:48","modified_gmt":"2024-06-21T13:09:48","slug":"gioi-thieu","status":"publish","type":"page","link":"https:\/\/maylocnuoc2.hoctot.top\/?page_id=508","title":{"rendered":"Gi\u1edbi thi\u1ec7u"},"content":{"rendered":"<p>C\u00f4ng ty C\u1ed5 ph\u1ea7n C\u00f4ng HADOCO th\u00e0nh l\u1eadp t\u1eeb ng\u00e0y 01\/06\/2023 theo gi\u1ea5y ph\u00e9p \u0111\u0103ng k\u00fd kinh doanh s\u1ed1 0110374311 do S\u1edf k\u1ebf ho\u1ea1ch \u0111\u1ea7u t\u01b0 H\u00e0 N\u1ed9i c\u1ea5p ng\u00e0y 01\/06\/2023<\/p>\n<p>HADOCO l\u00e0 C\u00f4ng ty h\u00e0ng \u0111\u1ea7u trong l\u0129nh v\u1ef1c: cung c\u1ea5p v\u1eadt t\u01b0, thi\u1ebft b\u1ecb x\u1eed l\u00fd n\u01b0\u1edbc d\u00e2n d\u1ee5ng v\u00e0 c\u00f4ng nghi\u1ec7p.<\/p>\n<p>V\u1edbi ph\u01b0\u01a1ng ch\u00e2m ho\u1ea1t \u0111\u1ed9ng \u201ccung c\u1ea5p c\u00e1c s\u1ea3n ph\u1ea9m v\u1edbi ch\u1ea5t l\u01b0\u1ee3ng, d\u1ecbch v\u1ee5 t\u1ed1t nh\u1ea5t, chi ph\u00ed ph\u00f9 h\u1ee3p nh\u1ea5t\u201d . HADOCO r\u1ea5t vui l\u00f2ng \u0111\u01b0\u1ee3c h\u1ee3p t\u00e1c \u0111\u1ec3 g\u00f3p ph\u1ea7n v\u00e0o s\u1ef1 th\u1ecbnh v\u01b0\u1ee3ng c\u1ee7a qu\u00fd Kh\u00e1ch h\u00e0ng v\u00e0 c\u1ea3i thi\u1ec7n m\u00f4i tr\u01b0\u1eddng s\u1ed1ng ng\u00e0y m\u1ed9t t\u1ed1t \u0111\u1eb9p h\u01a1n.<\/p>\n<p>Xin tr\u00e2n tr\u1ecdng c\u1ea3m \u01a1n!<\/p>\n","protected":false},"excerpt":{"rendered":"<p>C\u00f4ng ty C\u1ed5 ph\u1ea7n C\u00f4ng HADOCO th\u00e0nh l\u1eadp t\u1eeb ng\u00e0y 01\/06\/2023 theo gi\u1ea5y ph\u00e9p \u0111\u0103ng k\u00fd kinh doanh s\u1ed1 0110374311 do S\u1edf k\u1ebf ho\u1ea1ch \u0111\u1ea7u t\u01b0 H\u00e0 N\u1ed9i c\u1ea5p ng\u00e0y 01\/06\/2023 HADOCO l\u00e0 C\u00f4ng ty h\u00e0ng \u0111\u1ea7u trong l\u0129nh v\u1ef1c: cung c\u1ea5p v\u1eadt t\u01b0, thi\u1ebft b\u1ecb x\u1eed l\u00fd n\u01b0\u1edbc d\u00e2n d\u1ee5ng v\u00e0 c\u00f4ng nghi\u1ec7p. V\u1edbi [&#8230;]\n","protected":false},"author":1,"featured_media":0,"parent":0,"menu_order":0,"comment_status":"closed","ping_status":"closed","template":"","meta":{"footnotes":""},"class_list":["post-508","page","type-page","status-publish","hentry"],"yoast_head":"<!-- This site is optimized with the Yoast SEO plugin v24.6 - https:\/\/yoast.com\/wordpress\/plugins\/seo\/ -->\n<title>H\u1ee3p Nh\u1ea5t<\/title>\n<meta name=\"robots\" content=\"index, follow, max-snippet:-1, max-image-preview:large, max-video-preview:-1\" \/>\n<link rel=\"canonical\" href=\"https:\/\/maylocnuoc2.hoctot.top\/?page_id=508\" \/>\n<meta property=\"og:locale\" content=\"vi_VN\" \/>\n<meta property=\"og:type\" content=\"article\" \/>\n<meta property=\"og:title\" content=\"H\u1ee3p Nh\u1ea5t\" \/>\n<meta property=\"og:description\" content=\"C\u00f4ng ty C\u1ed5 ph\u1ea7n C\u00f4ng HADOCO th\u00e0nh l\u1eadp t\u1eeb ng\u00e0y 01\/06\/2023 theo gi\u1ea5y ph\u00e9p \u0111\u0103ng k\u00fd kinh doanh s\u1ed1 0110374311 do S\u1edf k\u1ebf ho\u1ea1ch \u0111\u1ea7u t\u01b0 H\u00e0 N\u1ed9i c\u1ea5p ng\u00e0y 01\/06\/2023 HADOCO l\u00e0 C\u00f4ng ty h\u00e0ng \u0111\u1ea7u trong l\u0129nh v\u1ef1c: cung c\u1ea5p v\u1eadt t\u01b0, thi\u1ebft b\u1ecb x\u1eed l\u00fd n\u01b0\u1edbc d\u00e2n d\u1ee5ng v\u00e0 c\u00f4ng nghi\u1ec7p. V\u1edbi [...]\" \/>\n<meta property=\"og:url\" content=\"https:\/\/maylocnuoc2.hoctot.top\/?page_id=508\" \/>\n<meta property=\"og:site_name\" content=\"H\u1ee3p Nh\u1ea5t\" \/>\n<meta property=\"article:modified_time\" content=\"2024-06-21T13:09:48+00:00\" \/>\n<meta name=\"twitter:card\" content=\"summary_large_image\" \/>\n<meta name=\"twitter:label1\" content=\"\u01af\u1edbc t\u00ednh th\u1eddi gian \u0111\u1ecdc\" \/>\n\t<meta name=\"twitter:data1\" content=\"1 ph\u00fat\" \/>\n<script type=\"application\/ld+json\" class=\"yoast-schema-graph\">{\"@context\":\"https:\/\/schema.org\",\"@graph\":[{\"@type\":\"WebPage\",\"@id\":\"https:\/\/maylocnuoc2.hoctot.top\/?page_id=508\",\"url\":\"https:\/\/maylocnuoc2.hoctot.top\/?page_id=508\",\"name\":\"H\u1ee3p Nh\u1ea5t\",\"isPartOf\":{\"@id\":\"https:\/\/maylocnuoc2.hoctot.top\/#website\"},\"datePublished\":\"2019-03-06T08:02:34+00:00\",\"dateModified\":\"2024-06-21T13:09:48+00:00\",\"breadcrumb\":{\"@id\":\"https:\/\/maylocnuoc2.hoctot.top\/?page_id=508#breadcrumb\"},\"inLanguage\":\"vi\",\"potentialAction\":[{\"@type\":\"ReadAction\",\"target\":[\"https:\/\/maylocnuoc2.hoctot.top\/?page_id=508\"]}]},{\"@type\":\"BreadcrumbList\",\"@id\":\"https:\/\/maylocnuoc2.hoctot.top\/?page_id=508#breadcrumb\",\"itemListElement\":[{\"@type\":\"ListItem\",\"position\":1,\"name\":\"Trang ch\u1ee7\",\"item\":\"https:\/\/maylocnuoc2.hoctot.top\/\"},{\"@type\":\"ListItem\",\"position\":2,\"name\":\"Gi\u1edbi thi\u1ec7u\"}]},{\"@type\":\"WebSite\",\"@id\":\"https:\/\/maylocnuoc2.hoctot.top\/#website\",\"url\":\"https:\/\/maylocnuoc2.hoctot.top\/\",\"name\":\"H\u1ee3p Nh\u1ea5t\",\"description\":\"\",\"potentialAction\":[{\"@type\":\"SearchAction\",\"target\":{\"@type\":\"EntryPoint\",\"urlTemplate\":\"https:\/\/maylocnuoc2.hoctot.top\/?s={search_term_string}\"},\"query-input\":{\"@type\":\"PropertyValueSpecification\",\"valueRequired\":true,\"valueName\":\"search_term_string\"}}],\"inLanguage\":\"vi\"}]}<\/script>\n<!-- \/ Yoast SEO plugin. -->","yoast_head_json":{"title":"H\u1ee3p Nh\u1ea5t","robots":{"index":"index","follow":"follow","max-snippet":"max-snippet:-1","max-image-preview":"max-image-preview:large","max-video-preview":"max-video-preview:-1"},"canonical":"https:\/\/maylocnuoc2.hoctot.top\/?page_id=508","og_locale":"vi_VN","og_type":"article","og_title":"H\u1ee3p Nh\u1ea5t","og_description":"C\u00f4ng ty C\u1ed5 ph\u1ea7n C\u00f4ng HADOCO th\u00e0nh l\u1eadp t\u1eeb ng\u00e0y 01\/06\/2023 theo gi\u1ea5y ph\u00e9p \u0111\u0103ng k\u00fd kinh doanh s\u1ed1 0110374311 do S\u1edf k\u1ebf ho\u1ea1ch \u0111\u1ea7u t\u01b0 H\u00e0 N\u1ed9i c\u1ea5p ng\u00e0y 01\/06\/2023 HADOCO l\u00e0 C\u00f4ng ty h\u00e0ng \u0111\u1ea7u trong l\u0129nh v\u1ef1c: cung c\u1ea5p v\u1eadt t\u01b0, thi\u1ebft b\u1ecb x\u1eed l\u00fd n\u01b0\u1edbc d\u00e2n d\u1ee5ng v\u00e0 c\u00f4ng nghi\u1ec7p. V\u1edbi [...]","og_url":"https:\/\/maylocnuoc2.hoctot.top\/?page_id=508","og_site_name":"H\u1ee3p Nh\u1ea5t","article_modified_time":"2024-06-21T13:09:48+00:00","twitter_card":"summary_large_image","twitter_misc":{"\u01af\u1edbc t\u00ednh th\u1eddi gian \u0111\u1ecdc":"1 ph\u00fat"},"schema":{"@context":"https:\/\/schema.org","@graph":[{"@type":"WebPage","@id":"https:\/\/maylocnuoc2.hoctot.top\/?page_id=508","url":"https:\/\/maylocnuoc2.hoctot.top\/?page_id=508","name":"H\u1ee3p Nh\u1ea5t","isPartOf":{"@id":"https:\/\/maylocnuoc2.hoctot.top\/#website"},"datePublished":"2019-03-06T08:02:34+00:00","dateModified":"2024-06-21T13:09:48+00:00","breadcrumb":{"@id":"https:\/\/maylocnuoc2.hoctot.top\/?page_id=508#breadcrumb"},"inLanguage":"vi","potentialAction":[{"@type":"ReadAction","target":["https:\/\/maylocnuoc2.hoctot.top\/?page_id=508"]}]},{"@type":"BreadcrumbList","@id":"https:\/\/maylocnuoc2.hoctot.top\/?page_id=508#breadcrumb","itemListElement":[{"@type":"ListItem","position":1,"name":"Trang ch\u1ee7","item":"https:\/\/maylocnuoc2.hoctot.top\/"},{"@type":"ListItem","position":2,"name":"Gi\u1edbi thi\u1ec7u"}]},{"@type":"WebSite","@id":"https:\/\/maylocnuoc2.hoctot.top\/#website","url":"https:\/\/maylocnuoc2.hoctot.top\/","name":"H\u1ee3p Nh\u1ea5t","description":"","potentialAction":[{"@type":"SearchAction","target":{"@type":"EntryPoint","urlTemplate":"https:\/\/maylocnuoc2.hoctot.top\/?s={search_term_string}"},"query-input":{"@type":"PropertyValueSpecification","valueRequired":true,"valueName":"search_term_string"}}],"inLanguage":"vi"}]}},"_links":{"self":[{"href":"https:\/\/maylocnuoc2.hoctot.top\/index.php?rest_route=\/wp\/v2\/pages\/508","targetHints":{"allow":["GET"]}}],"collection":[{"href":"https:\/\/maylocnuoc2.hoctot.top\/index.php?rest_route=\/wp\/v2\/pages"}],"about":[{"href":"https:\/\/maylocnuoc2.hoctot.top\/index.php?rest_route=\/wp\/v2\/types\/page"}],"author":[{"embeddable":true,"href":"https:\/\/maylocnuoc2.hoctot.top\/index.php?rest_route=\/wp\/v2\/users\/1"}],"replies":[{"embeddable":true,"href":"https:\/\/maylocnuoc2.hoctot.top\/index.php?rest_route=%2Fwp%2Fv2%2Fcomments&post=508"}],"version-history":[{"count":2,"href":"https:\/\/maylocnuoc2.hoctot.top\/index.php?rest_route=\/wp\/v2\/pages\/508\/revisions"}],"predecessor-version":[{"id":2801,"href":"https:\/\/maylocnuoc2.hoctot.top\/index.php?rest_route=\/wp\/v2\/pages\/508\/revisions\/2801"}],"wp:attachment":[{"href":"https:\/\/maylocnuoc2.hoctot.top\/index.php?rest_route=%2Fwp%2Fv2%2Fmedia&parent=508"}],"curies":[{"name":"wp","href":"https:\/\/api.w.org\/{rel}","templated":true}]}}