{"id":510,"date":"2019-03-06T08:02:47","date_gmt":"2019-03-06T08:02:47","guid":{"rendered":"http:\/\/mau2.maudep.com.vn\/mypham\/?page_id=510"},"modified":"2023-06-09T08:12:29","modified_gmt":"2023-06-09T08:12:29","slug":"lien-he","status":"publish","type":"page","link":"https:\/\/maylocnuoc2.hoctot.top\/?page_id=510","title":{"rendered":"Li\u00ean h\u1ec7"},"content":{"rendered":"\n\t<section class=\"section lh_01\" id=\"section_37462464\">\n\t\t<div class=\"section-bg fill\" >\n\t\t\t\t\t\t\t\t\t\n\t\t\t\n\n\t\t<\/div>\n\n\t\t\n\n\t\t<div class=\"section-content relative\">\n\t\t\t\n<div class=\"row\"  id=\"row-726267935\">\n\n\t<div id=\"col-748927679\" class=\"col medium-9 small-12 large-9\"  >\n\t\t\t\t<div class=\"col-inner\"  >\n\t\t\t\n\t\t\t\n<h1><strong><span style=\"color: #27509a; font-size: 1.2em;\">Th\u00f4ng tin li\u00ean h\u1ec7<\/span><\/strong><\/h1>\n\n<p><iframe loading=\"lazy\" style=\"border: 0;\" src=\"https:\/\/www.google.com\/maps\/embed?pb=!1m18!1m12!1m3!1d3725.896018653716!2d105.75802949999999!3d20.956690500000004!2m3!1f0!2f0!3f0!3m2!1i1024!2i768!4f13.1!3m3!1m2!1s0x313452e822a486d9%3A0x845205d950800748!2zODU5IMSQLiBRdWFuZyBUcnVuZywgUGjDuiBMYSwgSMOgIMSQw7RuZywgSMOgIE7hu5lp!5e0!3m2!1svi!2s!4v1686039055642!5m2!1svi!2s\" width=\"100%\" height=\"450\" allowfullscreen=\"allowfullscreen\"><\/iframe><br \/>\n\n<p><strong>C\u00d4NG TY CP C\u00d4NG NGH\u1ec6 HADOCO<\/strong><br \/>\n\u0110\u1ecba ch\u1ec9: 859 Quang Trung &#8211; Ph\u00fa La &#8211; H\u00e0 \u0110\u00f4ng &#8211; H\u00e0 N\u1ed9i<br \/>\nHotline: 0988.971.636 &#8211; 0989.645.389<br \/>\nEmail: <a href=\"mailto:abc@demo.com\">abc@demo.com<\/a><\/p>\n\n<div class=\"wpcf7 no-js\" id=\"wpcf7-f6-o1\" lang=\"vi\" dir=\"ltr\" data-wpcf7-id=\"6\">\n<div class=\"screen-reader-response\"><p role=\"status\" aria-live=\"polite\" aria-atomic=\"true\"><\/p> <ul><\/ul><\/div>\n<form action=\"\/index.php?rest_route=%2Fwp%2Fv2%2Fpages%2F510#wpcf7-f6-o1\" method=\"post\" class=\"wpcf7-form init\" aria-label=\"Form li\u00ean h\u1ec7\" novalidate=\"novalidate\" data-status=\"init\">\n<div style=\"display: none;\">\n<input type=\"hidden\" name=\"_wpcf7\" value=\"6\" \/>\n<input type=\"hidden\" name=\"_wpcf7_version\" value=\"6.0.4\" \/>\n<input type=\"hidden\" name=\"_wpcf7_locale\" value=\"vi\" \/>\n<input type=\"hidden\" name=\"_wpcf7_unit_tag\" value=\"wpcf7-f6-o1\" \/>\n<input type=\"hidden\" name=\"_wpcf7_container_post\" value=\"0\" \/>\n<input type=\"hidden\" name=\"_wpcf7_posted_data_hash\" value=\"\" \/>\n<\/div>\n<h2>Li\u00ean h\u1ec7 v\u1edbi ch\u00fang t\u00f4i\n<\/h2>\n<p>Qu\u00fd kh\u00e1ch c\u00f3 nhu c\u1ea7u li\u00ean h\u1ec7 v\u1edbi ch\u00fang t\u00f4i vui l\u00f2ng \u0111i\u1ec1n th\u00f4ng tin \u0111\u1ea7y \u0111\u1ee7 b\u00ean d\u01b0\u1edbi v\u00e0 y\u00eau c\u1ea7u h\u1ed7 tr\u1ee3, ch\u00fang t\u00f4i s\u1ebd li\u00ean h\u1ec7 l\u1ea1i ngay sau khi nh\u1eadn \u0111\u01b0\u1ee3c th\u00f4ng tin c\u1ee7a qu\u00fd kh\u00e1ch\n<\/p>\n<p><label> H\u1ecd v\u00e0 t\u00ean<br \/>\n<span class=\"wpcf7-form-control-wrap\" data-name=\"your-name\"><input size=\"40\" maxlength=\"400\" class=\"wpcf7-form-control wpcf7-text wpcf7-validates-as-required\" aria-required=\"true\" aria-invalid=\"false\" placeholder=\"H\u1ecd t\u00ean\" value=\"\" type=\"text\" name=\"your-name\" \/><\/span> <\/label><br \/>\n<label> S\u1ed1 \u0111i\u1ec7n tho\u1ea1i<br \/>\n<span class=\"wpcf7-form-control-wrap\" data-name=\"tel-552\"><input size=\"40\" maxlength=\"400\" class=\"wpcf7-form-control wpcf7-tel wpcf7-validates-as-required wpcf7-text wpcf7-validates-as-tel\" aria-required=\"true\" aria-invalid=\"false\" placeholder=\"S\u1ed1 \u0111i\u1ec7n tho\u1ea1i\" value=\"\" type=\"tel\" name=\"tel-552\" \/><\/span> <\/label><br \/>\n<label> Email<br \/>\n<span class=\"wpcf7-form-control-wrap\" data-name=\"your-email\"><input size=\"40\" maxlength=\"400\" class=\"wpcf7-form-control wpcf7-email wpcf7-text wpcf7-validates-as-email\" aria-invalid=\"false\" placeholder=\"Email\" value=\"\" type=\"email\" name=\"your-email\" \/><\/span> <\/label>\n<\/p>\n<p><label> N\u1ed9i dung li\u00ean h\u1ec7<br \/>\n<span class=\"wpcf7-form-control-wrap\" data-name=\"your-message\"><textarea cols=\"40\" rows=\"10\" maxlength=\"2000\" class=\"wpcf7-form-control wpcf7-textarea\" aria-invalid=\"false\" placeholder=\"N\u1ed9i dung li\u00ean h\u1ec7\" name=\"your-message\"><\/textarea><\/span> <\/label>\n<\/p>\n<p><input class=\"wpcf7-form-control wpcf7-submit has-spinner\" type=\"submit\" value=\"G\u1eedi th\u00f4ng tin\" \/>\n<\/p><div class=\"wpcf7-response-output\" aria-hidden=\"true\"><\/div>\n<\/form>\n<\/div>\n\n\t\t<\/div>\n\t\t\t\t\t<\/div>\n\n\t\n\n\t<div id=\"col-485099108\" class=\"col medium-3 small-12 large-3\"  >\n\t\t\t\t<div class=\"col-inner\"  >\n\t\t\t\n\t\t\t\n<ul class=\"sidebar-wrapper ul-reset\"><aside id=\"woocommerce_product_search-2\" class=\"widget woocommerce widget_product_search\"><span class=\"widget-title \"><span>T\u00ecm Ki\u1ebfm<\/span><\/span><div class=\"is-divider small\"><\/div><form role=\"search\" method=\"get\" class=\"searchform\" action=\"https:\/\/maylocnuoc2.hoctot.top\/\">\n\t\t<div class=\"flex-row relative\">\n\t\t\t\t\t\t\t\t\t<div class=\"flex-col flex-grow\">\n\t\t\t  <input type=\"search\" class=\"search-field mb-0\" name=\"s\" value=\"\" placeholder=\"T\u00ecm ki\u1ebfm\" \/>\n\t\t    <input type=\"hidden\" name=\"post_type\" value=\"product\" \/>\n        \t\t\t<\/div><!-- .flex-col -->\n\t\t\t<div class=\"flex-col\">\n\t\t\t\t<button type=\"submit\" class=\"ux-search-submit submit-button secondary button icon mb-0\">\n\t\t\t\t\t<i class=\"icon-search\" ><\/i>\t\t\t\t<\/button>\n\t\t\t<\/div><!-- .flex-col -->\n\t\t<\/div><!-- .flex-row -->\n\t <div class=\"live-search-results text-left z-top\"><\/div>\n<\/form>\n<\/aside><aside id=\"nav_menu-10\" class=\"widget widget_nav_menu\"><span class=\"widget-title \"><span>S\u1ea3n Ph\u1ea9m Ph\u00e2n Ph\u1ed1i<\/span><\/span><div class=\"is-divider small\"><\/div><div class=\"menu-san-pham-phan-phoi-container\"><ul id=\"menu-san-pham-phan-phoi\" class=\"menu\"><li id=\"menu-item-2667\" class=\"menu-item menu-item-type-taxonomy menu-item-object-product_cat menu-item-2667\"><a href=\"https:\/\/maylocnuoc2.hoctot.top\/?product_cat=hoa-chat-vat-lieu\">H\u00f3a Ch\u1ea5t \u2013 V\u1eadt Li\u1ec7u<\/a><\/li>\n<li id=\"menu-item-2668\" class=\"menu-item menu-item-type-taxonomy menu-item-object-product_cat menu-item-2668\"><a href=\"https:\/\/maylocnuoc2.hoctot.top\/?product_cat=thiet-bi-nang-luong-xanh\">Thi\u00ea\u0301t bi\u0323 n\u0103ng l\u01b0\u01a1\u0323ng xanh<\/a><\/li>\n<li id=\"menu-item-2669\" class=\"menu-item menu-item-type-taxonomy menu-item-object-product_cat menu-item-2669\"><a href=\"https:\/\/maylocnuoc2.hoctot.top\/?product_cat=san-pham-noi-bat\">S\u1ea3n ph\u1ea9m n\u1ed5i b\u1eadt<\/a><\/li>\n<li id=\"menu-item-2670\" class=\"menu-item menu-item-type-taxonomy menu-item-object-product_cat menu-item-2670\"><a href=\"https:\/\/maylocnuoc2.hoctot.top\/?product_cat=thiet-bi-xu-ly-nuoc\">Thi\u1ebft b\u1ecb x\u1eed l\u00fd n\u01b0\u1edbc<\/a><\/li>\n<li id=\"menu-item-2671\" class=\"menu-item menu-item-type-taxonomy menu-item-object-product_cat menu-item-2671\"><a href=\"https:\/\/maylocnuoc2.hoctot.top\/?product_cat=vat-tu-xu-ly-nuoc\">V\u1eadt T\u01b0 X\u1eed L\u00fd N\u01b0\u1edbc<\/a><\/li>\n<\/ul><\/div><\/aside><\/ul>\n\t\t<\/div>\n\t\t\t\t\t<\/div>\n\n\t\n\n<style>\n#row-726267935 > .col > .col-inner {\n  padding: 30px 0px 0px 0px;\n}\n<\/style>\n<\/div>\n\t\t<\/div>\n\n\t\t\n<style>\n#section_37462464 {\n  padding-top: 30px;\n  padding-bottom: 30px;\n}\n<\/style>\n\t<\/section>\n\t\n","protected":false},"excerpt":{"rendered":"","protected":false},"author":1,"featured_media":0,"parent":0,"menu_order":0,"comment_status":"closed","ping_status":"closed","template":"page-blank.php","meta":{"footnotes":""},"class_list":["post-510","page","type-page","status-publish","hentry"],"yoast_head":"<!-- This site is optimized with the Yoast SEO plugin v24.6 - https:\/\/yoast.com\/wordpress\/plugins\/seo\/ -->\n<title>H\u1ee3p Nh\u1ea5t<\/title>\n<meta name=\"robots\" content=\"index, follow, max-snippet:-1, max-image-preview:large, max-video-preview:-1\" \/>\n<link rel=\"canonical\" href=\"https:\/\/maylocnuoc2.hoctot.top\/?page_id=510\" \/>\n<meta property=\"og:locale\" content=\"vi_VN\" \/>\n<meta property=\"og:type\" content=\"article\" \/>\n<meta property=\"og:title\" content=\"H\u1ee3p Nh\u1ea5t\" \/>\n<meta property=\"og:url\" content=\"https:\/\/maylocnuoc2.hoctot.top\/?page_id=510\" \/>\n<meta property=\"og:site_name\" content=\"H\u1ee3p Nh\u1ea5t\" \/>\n<meta property=\"article:modified_time\" content=\"2023-06-09T08:12:29+00:00\" \/>\n<meta name=\"twitter:card\" content=\"summary_large_image\" \/>\n<meta name=\"twitter:label1\" content=\"\u01af\u1edbc t\u00ednh th\u1eddi gian \u0111\u1ecdc\" \/>\n\t<meta name=\"twitter:data1\" content=\"1 ph\u00fat\" \/>\n<script type=\"application\/ld+json\" class=\"yoast-schema-graph\">{\"@context\":\"https:\/\/schema.org\",\"@graph\":[{\"@type\":\"WebPage\",\"@id\":\"https:\/\/maylocnuoc2.hoctot.top\/?page_id=510\",\"url\":\"https:\/\/maylocnuoc2.hoctot.top\/?page_id=510\",\"name\":\"H\u1ee3p Nh\u1ea5t\",\"isPartOf\":{\"@id\":\"https:\/\/maylocnuoc2.hoctot.top\/#website\"},\"datePublished\":\"2019-03-06T08:02:47+00:00\",\"dateModified\":\"2023-06-09T08:12:29+00:00\",\"breadcrumb\":{\"@id\":\"https:\/\/maylocnuoc2.hoctot.top\/?page_id=510#breadcrumb\"},\"inLanguage\":\"vi\",\"potentialAction\":[{\"@type\":\"ReadAction\",\"target\":[\"https:\/\/maylocnuoc2.hoctot.top\/?page_id=510\"]}]},{\"@type\":\"BreadcrumbList\",\"@id\":\"https:\/\/maylocnuoc2.hoctot.top\/?page_id=510#breadcrumb\",\"itemListElement\":[{\"@type\":\"ListItem\",\"position\":1,\"name\":\"Trang ch\u1ee7\",\"item\":\"https:\/\/maylocnuoc2.hoctot.top\/\"},{\"@type\":\"ListItem\",\"position\":2,\"name\":\"Li\u00ean h\u1ec7\"}]},{\"@type\":\"WebSite\",\"@id\":\"https:\/\/maylocnuoc2.hoctot.top\/#website\",\"url\":\"https:\/\/maylocnuoc2.hoctot.top\/\",\"name\":\"H\u1ee3p Nh\u1ea5t\",\"description\":\"\",\"potentialAction\":[{\"@type\":\"SearchAction\",\"target\":{\"@type\":\"EntryPoint\",\"urlTemplate\":\"https:\/\/maylocnuoc2.hoctot.top\/?s={search_term_string}\"},\"query-input\":{\"@type\":\"PropertyValueSpecification\",\"valueRequired\":true,\"valueName\":\"search_term_string\"}}],\"inLanguage\":\"vi\"}]}<\/script>\n<!-- \/ Yoast SEO plugin. -->","yoast_head_json":{"title":"H\u1ee3p Nh\u1ea5t","robots":{"index":"index","follow":"follow","max-snippet":"max-snippet:-1","max-image-preview":"max-image-preview:large","max-video-preview":"max-video-preview:-1"},"canonical":"https:\/\/maylocnuoc2.hoctot.top\/?page_id=510","og_locale":"vi_VN","og_type":"article","og_title":"H\u1ee3p Nh\u1ea5t","og_url":"https:\/\/maylocnuoc2.hoctot.top\/?page_id=510","og_site_name":"H\u1ee3p Nh\u1ea5t","article_modified_time":"2023-06-09T08:12:29+00:00","twitter_card":"summary_large_image","twitter_misc":{"\u01af\u1edbc t\u00ednh th\u1eddi gian \u0111\u1ecdc":"1 ph\u00fat"},"schema":{"@context":"https:\/\/schema.org","@graph":[{"@type":"WebPage","@id":"https:\/\/maylocnuoc2.hoctot.top\/?page_id=510","url":"https:\/\/maylocnuoc2.hoctot.top\/?page_id=510","name":"H\u1ee3p Nh\u1ea5t","isPartOf":{"@id":"https:\/\/maylocnuoc2.hoctot.top\/#website"},"datePublished":"2019-03-06T08:02:47+00:00","dateModified":"2023-06-09T08:12:29+00:00","breadcrumb":{"@id":"https:\/\/maylocnuoc2.hoctot.top\/?page_id=510#breadcrumb"},"inLanguage":"vi","potentialAction":[{"@type":"ReadAction","target":["https:\/\/maylocnuoc2.hoctot.top\/?page_id=510"]}]},{"@type":"BreadcrumbList","@id":"https:\/\/maylocnuoc2.hoctot.top\/?page_id=510#breadcrumb","itemListElement":[{"@type":"ListItem","position":1,"name":"Trang ch\u1ee7","item":"https:\/\/maylocnuoc2.hoctot.top\/"},{"@type":"ListItem","position":2,"name":"Li\u00ean h\u1ec7"}]},{"@type":"WebSite","@id":"https:\/\/maylocnuoc2.hoctot.top\/#website","url":"https:\/\/maylocnuoc2.hoctot.top\/","name":"H\u1ee3p Nh\u1ea5t","description":"","potentialAction":[{"@type":"SearchAction","target":{"@type":"EntryPoint","urlTemplate":"https:\/\/maylocnuoc2.hoctot.top\/?s={search_term_string}"},"query-input":{"@type":"PropertyValueSpecification","valueRequired":true,"valueName":"search_term_string"}}],"inLanguage":"vi"}]}},"_links":{"self":[{"href":"https:\/\/maylocnuoc2.hoctot.top\/index.php?rest_route=\/wp\/v2\/pages\/510","targetHints":{"allow":["GET"]}}],"collection":[{"href":"https:\/\/maylocnuoc2.hoctot.top\/index.php?rest_route=\/wp\/v2\/pages"}],"about":[{"href":"https:\/\/maylocnuoc2.hoctot.top\/index.php?rest_route=\/wp\/v2\/types\/page"}],"author":[{"embeddable":true,"href":"https:\/\/maylocnuoc2.hoctot.top\/index.php?rest_route=\/wp\/v2\/users\/1"}],"replies":[{"embeddable":true,"href":"https:\/\/maylocnuoc2.hoctot.top\/index.php?rest_route=%2Fwp%2Fv2%2Fcomments&post=510"}],"version-history":[{"count":9,"href":"https:\/\/maylocnuoc2.hoctot.top\/index.php?rest_route=\/wp\/v2\/pages\/510\/revisions"}],"predecessor-version":[{"id":2700,"href":"https:\/\/maylocnuoc2.hoctot.top\/index.php?rest_route=\/wp\/v2\/pages\/510\/revisions\/2700"}],"wp:attachment":[{"href":"https:\/\/maylocnuoc2.hoctot.top\/index.php?rest_route=%2Fwp%2Fv2%2Fmedia&parent=510"}],"curies":[{"name":"wp","href":"https:\/\/api.w.org\/{rel}","templated":true}]}}