{"id":2636,"date":"2023-06-03T04:17:43","date_gmt":"2023-06-03T04:17:43","guid":{"rendered":"https:\/\/luan.webrt.net\/hadoco\/?post_type=product&#038;p=2636"},"modified":"2023-06-03T04:18:17","modified_gmt":"2023-06-03T04:18:17","slug":"than-hoat-tinh-gao-dua-diamond-gl-1-3","status":"publish","type":"product","link":"https:\/\/maylocnuoc2.hoctot.top\/?product=than-hoat-tinh-gao-dua-diamond-gl-1-3","title":{"rendered":"Than ho\u1ea1t t\u00ednh g\u00e1o d\u1eeba Diamond GL-1"},"content":{"rendered":"<p>M\u1eb7c d\u00f9 th\u1ee7 th\u00e0nh c\u1ee7a Al Nassr \u0111\u00e3 \u0111o\u00e1n \u0111\u01b0\u1ee3c h\u01b0\u1edbng s\u00fat v\u00e0 th\u1eadm ch\u00ed c\u00f2n ch\u1ea1m tay v\u00e0o b\u00f3ng nh\u01b0ng b\u00e0n m\u1edf t\u1ec9 s\u1ed1 v\u1eabn t\u1edbi v\u1edbi Al Shabab. B\u00e0n th\u1eafng s\u1edbm gi\u00fap \u0111\u1ed9i kh\u00e1ch ch\u01a1i c\u1ef1c k\u1ef3 h\u01b0ng ph\u1ea5n v\u00e0 b\u00e0n th\u1eafng th\u1ee9 2 t\u1edbi nh\u01b0 m\u1ed9t h\u1ec7 qu\u1ea3. Ph\u00fat 40\u00a0Guanca l\u1eadp c\u00fa \u0111\u00fap v\u1edbi m\u1ed9t c\u00fa d\u1ee9t \u0111i\u1ec3m v\u00e0o g\u00f3c g\u1ea7n b\u1eb1ng ch\u00e2n tr\u00e1i kh\u00f4ng ch\u00ea v\u00e0o \u0111\u00e2u \u0111\u01b0\u1ee3c sau n\u1ed7 l\u1ef1c b\u1eadt t\u01b0\u1eddng \u1edf trung l\u1ed9 c\u1ee7a \u0111\u1ed3ng \u0111\u1ed9i.<\/p>\n<p>4 ph\u00fat sau\u00a0Talisca nhen nh\u00f3m l\u1ea1i hy v\u1ecdng cho \u0111\u1ed9i ch\u1ee7 nh\u00e0 v\u1edbi c\u00fa d\u1ee9t \u0111i\u1ec3m n\u1ed1i c\u1ef1c hay \u1edf kho\u1ea3ng c\u00e1ch 15m.\u00a0Al Nassr kh\u00f4ng mu\u1ed1n thua ngay tr\u00ean s\u00e2n nh\u00e0 n\u00ean ch\u1ee7 \u0111\u1ed9ng d\u1ed3n l\u00ean t\u1ea5n c\u00f4ng trong hi\u1ec7p hai. Ph\u00fat 51\u00a0Abdulrahman Ghareeb c\u00f3 pha xoay ng\u01b0\u1eddi d\u1ee9t \u0111i\u1ec3m c\u1ef1c nhanh trong v\u00f2ng c\u1ea5m sau \u0111\u01b0\u1eddng c\u0103ng ngang t\u1ed1t c\u1ee7a \u0111\u1ed3ng \u0111\u1ed9i \u1edf b\u00ean c\u00e1nh ph\u1ea3i.<\/p>\n<p>Ch\u01b0a d\u1eebng l\u1ea1i \u1edf \u0111\u00f3, Al Nassr ho\u00e0n th\u00e0nh c\u00fa l\u1ed9i ng\u01b0\u1ee3c d\u00f2ng \u1edf ph\u00fat 59. Ng\u01b0\u1eddi ghi b\u00e0n kh\u00f4ng ai kh\u00e1c ngo\u00e0i Cristiano <a class=\"TextlinkBaiviet\" title=\"Ronaldo\" href=\"https:\/\/www.24h.com.vn\/cristiano-ronaldo-c48e4384.html\">Ronaldo<\/a>,\u00a0si\u00eau sao ng\u01b0\u1eddi B\u1ed3 \u0110\u00e0o Nha\u00a0x\u1eed l\u00fd \u0111\u1eb3ng c\u1ea5p\u00a0v\u01b0\u1ee3t qua 2 c\u1ea7u th\u1ee7 r\u1ed3i d\u1ee9t \u0111i\u1ec3m c\u1ef1c nhanh\u00a0b\u1eb1ng ch\u00e2n ph\u1ea3i. \u0110\u1ed9i ch\u1ee7 nh\u00e0 b\u1ea3o to\u00e0n \u0111\u01b0\u1ee3c t\u1ec9 s\u1ed1 n\u00e0y cho t\u1edbi cu\u1ed1i tr\u1eadn v\u00e0 gi\u00e0nh tr\u1ecdn v\u1eb9n 3 \u0111i\u1ec3m.<\/p>\n<p><img loading=\"lazy\" decoding=\"async\" class=\"aligncenter size-full wp-image-2609\" src=\"https:\/\/luan.webrt.net\/hadoco\/wp-content\/uploads\/2023\/06\/Frame-58.png\" alt=\"\" width=\"1920\" height=\"600\" srcset=\"https:\/\/maylocnuoc2.hoctot.top\/wp-content\/uploads\/2023\/06\/Frame-58.png 1920w, https:\/\/maylocnuoc2.hoctot.top\/wp-content\/uploads\/2023\/06\/Frame-58-800x250.png 800w, https:\/\/maylocnuoc2.hoctot.top\/wp-content\/uploads\/2023\/06\/Frame-58-1400x438.png 1400w, https:\/\/maylocnuoc2.hoctot.top\/wp-content\/uploads\/2023\/06\/Frame-58-768x240.png 768w, https:\/\/maylocnuoc2.hoctot.top\/wp-content\/uploads\/2023\/06\/Frame-58-1536x480.png 1536w, https:\/\/maylocnuoc2.hoctot.top\/wp-content\/uploads\/2023\/06\/Frame-58-600x188.png 600w\" sizes=\"auto, (max-width: 1920px) 100vw, 1920px\" \/><\/p>\n<p>&nbsp;<\/p>\n<p>M\u1eb7c d\u00f9 th\u1ee7 th\u00e0nh c\u1ee7a Al Nassr \u0111\u00e3 \u0111o\u00e1n \u0111\u01b0\u1ee3c h\u01b0\u1edbng s\u00fat v\u00e0 th\u1eadm ch\u00ed c\u00f2n ch\u1ea1m tay v\u00e0o b\u00f3ng nh\u01b0ng b\u00e0n m\u1edf t\u1ec9 s\u1ed1 v\u1eabn t\u1edbi v\u1edbi Al Shabab. B\u00e0n th\u1eafng s\u1edbm gi\u00fap \u0111\u1ed9i kh\u00e1ch ch\u01a1i c\u1ef1c k\u1ef3 h\u01b0ng ph\u1ea5n v\u00e0 b\u00e0n th\u1eafng th\u1ee9 2 t\u1edbi nh\u01b0 m\u1ed9t h\u1ec7 qu\u1ea3. Ph\u00fat 40\u00a0Guanca l\u1eadp c\u00fa \u0111\u00fap v\u1edbi m\u1ed9t c\u00fa d\u1ee9t \u0111i\u1ec3m v\u00e0o g\u00f3c g\u1ea7n b\u1eb1ng ch\u00e2n tr\u00e1i kh\u00f4ng ch\u00ea v\u00e0o \u0111\u00e2u \u0111\u01b0\u1ee3c sau n\u1ed7 l\u1ef1c b\u1eadt t\u01b0\u1eddng \u1edf trung l\u1ed9 c\u1ee7a \u0111\u1ed3ng \u0111\u1ed9i.<\/p>\n<p>4 ph\u00fat sau\u00a0Talisca nhen nh\u00f3m l\u1ea1i hy v\u1ecdng cho \u0111\u1ed9i ch\u1ee7 nh\u00e0 v\u1edbi c\u00fa d\u1ee9t \u0111i\u1ec3m n\u1ed1i c\u1ef1c hay \u1edf kho\u1ea3ng c\u00e1ch 15m.\u00a0Al Nassr kh\u00f4ng mu\u1ed1n thua ngay tr\u00ean s\u00e2n nh\u00e0 n\u00ean ch\u1ee7 \u0111\u1ed9ng d\u1ed3n l\u00ean t\u1ea5n c\u00f4ng trong hi\u1ec7p hai. Ph\u00fat 51\u00a0Abdulrahman Ghareeb c\u00f3 pha xoay ng\u01b0\u1eddi d\u1ee9t \u0111i\u1ec3m c\u1ef1c nhanh trong v\u00f2ng c\u1ea5m sau \u0111\u01b0\u1eddng c\u0103ng ngang t\u1ed1t c\u1ee7a \u0111\u1ed3ng \u0111\u1ed9i \u1edf b\u00ean c\u00e1nh ph\u1ea3i.<\/p>\n<p>Ch\u01b0a d\u1eebng l\u1ea1i \u1edf \u0111\u00f3, Al Nassr ho\u00e0n th\u00e0nh c\u00fa l\u1ed9i ng\u01b0\u1ee3c d\u00f2ng \u1edf ph\u00fat 59. Ng\u01b0\u1eddi ghi b\u00e0n kh\u00f4ng ai kh\u00e1c ngo\u00e0i Cristiano <a class=\"TextlinkBaiviet\" title=\"Ronaldo\" href=\"https:\/\/www.24h.com.vn\/cristiano-ronaldo-c48e4384.html\">Ronaldo<\/a>,\u00a0si\u00eau sao ng\u01b0\u1eddi B\u1ed3 \u0110\u00e0o Nha\u00a0x\u1eed l\u00fd \u0111\u1eb3ng c\u1ea5p\u00a0v\u01b0\u1ee3t qua 2 c\u1ea7u th\u1ee7 r\u1ed3i d\u1ee9t \u0111i\u1ec3m c\u1ef1c nhanh\u00a0b\u1eb1ng ch\u00e2n ph\u1ea3i. \u0110\u1ed9i ch\u1ee7 nh\u00e0 b\u1ea3o to\u00e0n \u0111\u01b0\u1ee3c t\u1ec9 s\u1ed1 n\u00e0y cho t\u1edbi cu\u1ed1i tr\u1eadn v\u00e0 gi\u00e0nh tr\u1ecdn v\u1eb9n 3 \u0111i\u1ec3m.<\/p>\n","protected":false},"excerpt":{"rendered":"<p>M\u1eb7c d\u00f9 th\u1ee7 th\u00e0nh c\u1ee7a Al Nassr \u0111\u00e3 \u0111o\u00e1n \u0111\u01b0\u1ee3c h\u01b0\u1edbng s\u00fat v\u00e0 th\u1eadm ch\u00ed c\u00f2n ch\u1ea1m tay v\u00e0o b\u00f3ng nh\u01b0ng b\u00e0n m\u1edf t\u1ec9 s\u1ed1 v\u1eabn t\u1edbi v\u1edbi Al Shabab. B\u00e0n th\u1eafng s\u1edbm gi\u00fap \u0111\u1ed9i kh\u00e1ch ch\u01a1i c\u1ef1c k\u1ef3 h\u01b0ng ph\u1ea5n v\u00e0 b\u00e0n th\u1eafng th\u1ee9 2 t\u1edbi nh\u01b0 m\u1ed9t h\u1ec7 qu\u1ea3. Ph\u00fat 40\u00a0Guanca l\u1eadp c\u00fa [&#8230;]\n","protected":false},"featured_media":2631,"comment_status":"open","ping_status":"closed","template":"","meta":[],"product_brand":[],"product_cat":[15,153,174,162,157],"product_tag":[],"class_list":{"0":"post-2636","1":"product","2":"type-product","3":"status-publish","4":"has-post-thumbnail","6":"product_cat-thiet-bi-xu-ly-nuoc","7":"product_cat-hoa-chat-vat-lieu","8":"product_cat-san-pham-noi-bat","9":"product_cat-thiet-bi-nang-luong-xanh","10":"product_cat-vat-tu-xu-ly-nuoc","12":"first","13":"instock","14":"shipping-taxable","15":"product-type-simple"},"yoast_head":"<!-- This site is optimized with the Yoast SEO plugin v24.6 - https:\/\/yoast.com\/wordpress\/plugins\/seo\/ -->\n<title>Than ho\u1ea1t t\u00ednh g\u00e1o d\u1eeba Diamond GL-1 - H\u1ee3p Nh\u1ea5t<\/title>\n<meta name=\"robots\" content=\"index, follow, max-snippet:-1, max-image-preview:large, max-video-preview:-1\" \/>\n<link rel=\"canonical\" href=\"https:\/\/maylocnuoc2.hoctot.top\/?product=than-hoat-tinh-gao-dua-diamond-gl-1-3\" \/>\n<meta property=\"og:locale\" content=\"vi_VN\" \/>\n<meta property=\"og:type\" content=\"article\" \/>\n<meta property=\"og:title\" content=\"Than ho\u1ea1t t\u00ednh g\u00e1o d\u1eeba Diamond GL-1 - H\u1ee3p Nh\u1ea5t\" \/>\n<meta property=\"og:description\" content=\"M\u1eb7c d\u00f9 th\u1ee7 th\u00e0nh c\u1ee7a Al Nassr \u0111\u00e3 \u0111o\u00e1n \u0111\u01b0\u1ee3c h\u01b0\u1edbng s\u00fat v\u00e0 th\u1eadm ch\u00ed c\u00f2n ch\u1ea1m tay v\u00e0o b\u00f3ng nh\u01b0ng b\u00e0n m\u1edf t\u1ec9 s\u1ed1 v\u1eabn t\u1edbi v\u1edbi Al Shabab. B\u00e0n th\u1eafng s\u1edbm gi\u00fap \u0111\u1ed9i kh\u00e1ch ch\u01a1i c\u1ef1c k\u1ef3 h\u01b0ng ph\u1ea5n v\u00e0 b\u00e0n th\u1eafng th\u1ee9 2 t\u1edbi nh\u01b0 m\u1ed9t h\u1ec7 qu\u1ea3. Ph\u00fat 40\u00a0Guanca l\u1eadp c\u00fa [...]\" \/>\n<meta property=\"og:url\" content=\"https:\/\/maylocnuoc2.hoctot.top\/?product=than-hoat-tinh-gao-dua-diamond-gl-1-3\" \/>\n<meta property=\"og:site_name\" content=\"H\u1ee3p Nh\u1ea5t\" \/>\n<meta property=\"article:modified_time\" content=\"2023-06-03T04:18:17+00:00\" \/>\n<meta property=\"og:image\" content=\"https:\/\/maylocnuoc2.hoctot.top\/wp-content\/uploads\/2023\/05\/IMAGE-4.png\" \/>\n\t<meta property=\"og:image:width\" content=\"210\" \/>\n\t<meta property=\"og:image:height\" content=\"270\" \/>\n\t<meta property=\"og:image:type\" content=\"image\/png\" \/>\n<meta name=\"twitter:card\" content=\"summary_large_image\" \/>\n<meta name=\"twitter:label1\" content=\"\u01af\u1edbc t\u00ednh th\u1eddi gian \u0111\u1ecdc\" \/>\n\t<meta name=\"twitter:data1\" content=\"6 ph\u00fat\" \/>\n<script type=\"application\/ld+json\" class=\"yoast-schema-graph\">{\"@context\":\"https:\/\/schema.org\",\"@graph\":[{\"@type\":\"WebPage\",\"@id\":\"https:\/\/maylocnuoc2.hoctot.top\/?product=than-hoat-tinh-gao-dua-diamond-gl-1-3\",\"url\":\"https:\/\/maylocnuoc2.hoctot.top\/?product=than-hoat-tinh-gao-dua-diamond-gl-1-3\",\"name\":\"Than ho\u1ea1t t\u00ednh g\u00e1o d\u1eeba Diamond GL-1 - H\u1ee3p Nh\u1ea5t\",\"isPartOf\":{\"@id\":\"https:\/\/maylocnuoc2.hoctot.top\/#website\"},\"primaryImageOfPage\":{\"@id\":\"https:\/\/maylocnuoc2.hoctot.top\/?product=than-hoat-tinh-gao-dua-diamond-gl-1-3#primaryimage\"},\"image\":{\"@id\":\"https:\/\/maylocnuoc2.hoctot.top\/?product=than-hoat-tinh-gao-dua-diamond-gl-1-3#primaryimage\"},\"thumbnailUrl\":\"https:\/\/maylocnuoc2.hoctot.top\/wp-content\/uploads\/2023\/05\/IMAGE-4.png\",\"datePublished\":\"2023-06-03T04:17:43+00:00\",\"dateModified\":\"2023-06-03T04:18:17+00:00\",\"breadcrumb\":{\"@id\":\"https:\/\/maylocnuoc2.hoctot.top\/?product=than-hoat-tinh-gao-dua-diamond-gl-1-3#breadcrumb\"},\"inLanguage\":\"vi\",\"potentialAction\":[{\"@type\":\"ReadAction\",\"target\":[\"https:\/\/maylocnuoc2.hoctot.top\/?product=than-hoat-tinh-gao-dua-diamond-gl-1-3\"]}]},{\"@type\":\"ImageObject\",\"inLanguage\":\"vi\",\"@id\":\"https:\/\/maylocnuoc2.hoctot.top\/?product=than-hoat-tinh-gao-dua-diamond-gl-1-3#primaryimage\",\"url\":\"https:\/\/maylocnuoc2.hoctot.top\/wp-content\/uploads\/2023\/05\/IMAGE-4.png\",\"contentUrl\":\"https:\/\/maylocnuoc2.hoctot.top\/wp-content\/uploads\/2023\/05\/IMAGE-4.png\",\"width\":210,\"height\":270},{\"@type\":\"BreadcrumbList\",\"@id\":\"https:\/\/maylocnuoc2.hoctot.top\/?product=than-hoat-tinh-gao-dua-diamond-gl-1-3#breadcrumb\",\"itemListElement\":[{\"@type\":\"ListItem\",\"position\":1,\"name\":\"Trang ch\u1ee7\",\"item\":\"https:\/\/maylocnuoc2.hoctot.top\/\"},{\"@type\":\"ListItem\",\"position\":2,\"name\":\"S\u1ea3n ph\u1ea9m\",\"item\":\"https:\/\/maylocnuoc2.hoctot.top\/?page_id=63\"},{\"@type\":\"ListItem\",\"position\":3,\"name\":\"Thi\u1ebft b\u1ecb x\u1eed l\u00fd n\u01b0\u1edbc\",\"item\":\"https:\/\/maylocnuoc2.hoctot.top\/?product_cat=thiet-bi-xu-ly-nuoc\"},{\"@type\":\"ListItem\",\"position\":4,\"name\":\"Than ho\u1ea1t t\u00ednh g\u00e1o d\u1eeba Diamond GL-1\"}]},{\"@type\":\"WebSite\",\"@id\":\"https:\/\/maylocnuoc2.hoctot.top\/#website\",\"url\":\"https:\/\/maylocnuoc2.hoctot.top\/\",\"name\":\"H\u1ee3p Nh\u1ea5t\",\"description\":\"\",\"potentialAction\":[{\"@type\":\"SearchAction\",\"target\":{\"@type\":\"EntryPoint\",\"urlTemplate\":\"https:\/\/maylocnuoc2.hoctot.top\/?s={search_term_string}\"},\"query-input\":{\"@type\":\"PropertyValueSpecification\",\"valueRequired\":true,\"valueName\":\"search_term_string\"}}],\"inLanguage\":\"vi\"}]}<\/script>\n<!-- \/ Yoast SEO plugin. -->","yoast_head_json":{"title":"Than ho\u1ea1t t\u00ednh g\u00e1o d\u1eeba Diamond GL-1 - H\u1ee3p Nh\u1ea5t","robots":{"index":"index","follow":"follow","max-snippet":"max-snippet:-1","max-image-preview":"max-image-preview:large","max-video-preview":"max-video-preview:-1"},"canonical":"https:\/\/maylocnuoc2.hoctot.top\/?product=than-hoat-tinh-gao-dua-diamond-gl-1-3","og_locale":"vi_VN","og_type":"article","og_title":"Than ho\u1ea1t t\u00ednh g\u00e1o d\u1eeba Diamond GL-1 - H\u1ee3p Nh\u1ea5t","og_description":"M\u1eb7c d\u00f9 th\u1ee7 th\u00e0nh c\u1ee7a Al Nassr \u0111\u00e3 \u0111o\u00e1n \u0111\u01b0\u1ee3c h\u01b0\u1edbng s\u00fat v\u00e0 th\u1eadm ch\u00ed c\u00f2n ch\u1ea1m tay v\u00e0o b\u00f3ng nh\u01b0ng b\u00e0n m\u1edf t\u1ec9 s\u1ed1 v\u1eabn t\u1edbi v\u1edbi Al Shabab. B\u00e0n th\u1eafng s\u1edbm gi\u00fap \u0111\u1ed9i kh\u00e1ch ch\u01a1i c\u1ef1c k\u1ef3 h\u01b0ng ph\u1ea5n v\u00e0 b\u00e0n th\u1eafng th\u1ee9 2 t\u1edbi nh\u01b0 m\u1ed9t h\u1ec7 qu\u1ea3. Ph\u00fat 40\u00a0Guanca l\u1eadp c\u00fa [...]","og_url":"https:\/\/maylocnuoc2.hoctot.top\/?product=than-hoat-tinh-gao-dua-diamond-gl-1-3","og_site_name":"H\u1ee3p Nh\u1ea5t","article_modified_time":"2023-06-03T04:18:17+00:00","og_image":[{"width":210,"height":270,"url":"https:\/\/maylocnuoc2.hoctot.top\/wp-content\/uploads\/2023\/05\/IMAGE-4.png","type":"image\/png"}],"twitter_card":"summary_large_image","twitter_misc":{"\u01af\u1edbc t\u00ednh th\u1eddi gian \u0111\u1ecdc":"6 ph\u00fat"},"schema":{"@context":"https:\/\/schema.org","@graph":[{"@type":"WebPage","@id":"https:\/\/maylocnuoc2.hoctot.top\/?product=than-hoat-tinh-gao-dua-diamond-gl-1-3","url":"https:\/\/maylocnuoc2.hoctot.top\/?product=than-hoat-tinh-gao-dua-diamond-gl-1-3","name":"Than ho\u1ea1t t\u00ednh g\u00e1o d\u1eeba Diamond GL-1 - H\u1ee3p Nh\u1ea5t","isPartOf":{"@id":"https:\/\/maylocnuoc2.hoctot.top\/#website"},"primaryImageOfPage":{"@id":"https:\/\/maylocnuoc2.hoctot.top\/?product=than-hoat-tinh-gao-dua-diamond-gl-1-3#primaryimage"},"image":{"@id":"https:\/\/maylocnuoc2.hoctot.top\/?product=than-hoat-tinh-gao-dua-diamond-gl-1-3#primaryimage"},"thumbnailUrl":"https:\/\/maylocnuoc2.hoctot.top\/wp-content\/uploads\/2023\/05\/IMAGE-4.png","datePublished":"2023-06-03T04:17:43+00:00","dateModified":"2023-06-03T04:18:17+00:00","breadcrumb":{"@id":"https:\/\/maylocnuoc2.hoctot.top\/?product=than-hoat-tinh-gao-dua-diamond-gl-1-3#breadcrumb"},"inLanguage":"vi","potentialAction":[{"@type":"ReadAction","target":["https:\/\/maylocnuoc2.hoctot.top\/?product=than-hoat-tinh-gao-dua-diamond-gl-1-3"]}]},{"@type":"ImageObject","inLanguage":"vi","@id":"https:\/\/maylocnuoc2.hoctot.top\/?product=than-hoat-tinh-gao-dua-diamond-gl-1-3#primaryimage","url":"https:\/\/maylocnuoc2.hoctot.top\/wp-content\/uploads\/2023\/05\/IMAGE-4.png","contentUrl":"https:\/\/maylocnuoc2.hoctot.top\/wp-content\/uploads\/2023\/05\/IMAGE-4.png","width":210,"height":270},{"@type":"BreadcrumbList","@id":"https:\/\/maylocnuoc2.hoctot.top\/?product=than-hoat-tinh-gao-dua-diamond-gl-1-3#breadcrumb","itemListElement":[{"@type":"ListItem","position":1,"name":"Trang ch\u1ee7","item":"https:\/\/maylocnuoc2.hoctot.top\/"},{"@type":"ListItem","position":2,"name":"S\u1ea3n ph\u1ea9m","item":"https:\/\/maylocnuoc2.hoctot.top\/?page_id=63"},{"@type":"ListItem","position":3,"name":"Thi\u1ebft b\u1ecb x\u1eed l\u00fd n\u01b0\u1edbc","item":"https:\/\/maylocnuoc2.hoctot.top\/?product_cat=thiet-bi-xu-ly-nuoc"},{"@type":"ListItem","position":4,"name":"Than ho\u1ea1t t\u00ednh g\u00e1o d\u1eeba Diamond GL-1"}]},{"@type":"WebSite","@id":"https:\/\/maylocnuoc2.hoctot.top\/#website","url":"https:\/\/maylocnuoc2.hoctot.top\/","name":"H\u1ee3p Nh\u1ea5t","description":"","potentialAction":[{"@type":"SearchAction","target":{"@type":"EntryPoint","urlTemplate":"https:\/\/maylocnuoc2.hoctot.top\/?s={search_term_string}"},"query-input":{"@type":"PropertyValueSpecification","valueRequired":true,"valueName":"search_term_string"}}],"inLanguage":"vi"}]}},"_links":{"self":[{"href":"https:\/\/maylocnuoc2.hoctot.top\/index.php?rest_route=\/wp\/v2\/product\/2636","targetHints":{"allow":["GET"]}}],"collection":[{"href":"https:\/\/maylocnuoc2.hoctot.top\/index.php?rest_route=\/wp\/v2\/product"}],"about":[{"href":"https:\/\/maylocnuoc2.hoctot.top\/index.php?rest_route=\/wp\/v2\/types\/product"}],"replies":[{"embeddable":true,"href":"https:\/\/maylocnuoc2.hoctot.top\/index.php?rest_route=%2Fwp%2Fv2%2Fcomments&post=2636"}],"wp:featuredmedia":[{"embeddable":true,"href":"https:\/\/maylocnuoc2.hoctot.top\/index.php?rest_route=\/wp\/v2\/media\/2631"}],"wp:attachment":[{"href":"https:\/\/maylocnuoc2.hoctot.top\/index.php?rest_route=%2Fwp%2Fv2%2Fmedia&parent=2636"}],"wp:term":[{"taxonomy":"product_brand","embeddable":true,"href":"https:\/\/maylocnuoc2.hoctot.top\/index.php?rest_route=%2Fwp%2Fv2%2Fproduct_brand&post=2636"},{"taxonomy":"product_cat","embeddable":true,"href":"https:\/\/maylocnuoc2.hoctot.top\/index.php?rest_route=%2Fwp%2Fv2%2Fproduct_cat&post=2636"},{"taxonomy":"product_tag","embeddable":true,"href":"https:\/\/maylocnuoc2.hoctot.top\/index.php?rest_route=%2Fwp%2Fv2%2Fproduct_tag&post=2636"}],"curies":[{"name":"wp","href":"https:\/\/api.w.org\/{rel}","templated":true}]}}