{"id":2715,"date":"2023-06-10T15:03:34","date_gmt":"2023-06-10T15:03:34","guid":{"rendered":"https:\/\/luan.webrt.net\/hadoco\/?post_type=product&#038;p=2715"},"modified":"2023-06-10T15:03:35","modified_gmt":"2023-06-10T15:03:35","slug":"cot-loc-composite","status":"publish","type":"product","link":"https:\/\/maylocnuoc2.hoctot.top\/?product=cot-loc-composite","title":{"rendered":"C\u1ed9t L\u1ecdc Composite"},"content":{"rendered":"<p style=\"text-align: justify;\"><strong>C\u1ed9t l\u1ecdc composite<\/strong> \u0111\u01b0\u1ee3c s\u1eed d\u1ee5ng r\u1ed9ng r\u00e3i trong c\u00e1c l\u0129nh v\u1ef1c c\u1ee7a x\u1eed l\u00fd n\u01b0\u1edbc nh\u01b0: l\u00e0m m\u1ec1m n\u01b0\u1edbc, s\u1eed d\u1ee5ng trong d\u00e2y chuy\u1ec1n s\u1ea3n xu\u1ea5t n\u01b0\u1edbc tinh khi\u1ebft, h\u1ec7 th\u1ed1ng s\u1ea3n xu\u1ea5t n\u01b0\u1edbc si\u00eau tinh khi\u1ebft \u0111\u1ec3 ph\u1ee5c v\u1ee5 s\u1ea3n xu\u1ea5t \u0111i\u1ec7n t\u1eed, vi m\u1ea1ch, ch\u1ea5t b\u00e1n d\u1eabn, s\u1ea3n xu\u1ea5t d\u01b0\u1ee3c ph\u1ea9m, ph\u00f2ng th\u00ed nghi\u1ec7m.<\/p>\n<p style=\"text-align: justify;\"><span style=\"font-size: 18px;\"><em><strong>\u01afu \u0111i\u1ec3m c\u1ee7a c\u1ed9t composite<\/strong><\/em><\/span><\/p>\n<p style=\"text-align: justify;\">&#8211; \u0110\u1ed9 b\u1ec1n cao, ch\u1ed1ng \u0103n m\u00f2n<\/p>\n<p style=\"text-align: justify;\">&#8211; Kh\u00f4ng g\u1ec9 s\u00e9t v\u00ec th\u00e0nh ph\u1ea7n c\u1ea5u t\u1ea1o kh\u00f4ng d\u00f9ng kim lo\u1ea1i<\/p>\n<p style=\"text-align: justify;\">&#8211; Kh\u1ea3 n\u0103ng ch\u1ecbu nhi\u1ec7t t\u1ed1t<\/p>\n<p style=\"text-align: justify;\">&#8211; Tr\u1ecdng l\u01b0\u1ee3ng nh\u1eb9, d\u1ec5 v\u1eadn chuy\u1ec3n<\/p>\n<p style=\"text-align: justify;\">&#8211; B\u1ec1 m\u1eb7t ngo\u00e0i tr\u01a1n b\u00f3ng, \u00edt b\u00e1m b\u1ee5i ,v\u1ec7 sinh b\u00ecnh r\u1ea5t d\u1ec5 d\u00e0ng<\/p>\n<p style=\"text-align: justify;\"><em><strong><span style=\"font-size: 17px;\">\u0110\u1eb7c \u0111i\u1ec3m<\/span><\/strong><\/em><\/p>\n<p style=\"text-align: justify;\">&#8211; L\u1edbp l\u00f3t v\u1eadt li\u1ec7u: Nh\u1ef1a PE (Polyester), \u0111\u00fac th\u1ed5i, kh\u00f4ng b\u1ecb r\u00f2 r\u1ec9<\/p>\n<p style=\"text-align: justify;\">&#8211; Cu\u1ed9n d\u00e2y b\u00ean ngo\u00e0i: B\u1eb1ng s\u1ee3i th\u1ee7y tinh c\u00f3 hi\u1ec7u su\u1ea5t cao v\u00e0 l\u1edbp n\u1ec1n Epoxy<\/p>\n<p style=\"text-align: justify;\">&#8211; Ch\u1ea5t li\u1ec7u: Nh\u1ef1a PP<\/p>\n<p style=\"text-align: justify;\">&#8211; Ch\u1ecbu \u0111\u01b0\u1ee3c \u00e1p l\u1ef1c l\u00e0m vi\u1ec7c l\u1edbn (150 psi)<\/p>\n<p style=\"text-align: justify;\"><img loading=\"lazy\" decoding=\"async\" class=\"aligncenter size-full wp-image-2716\" src=\"https:\/\/luan.webrt.net\/hadoco\/wp-content\/uploads\/2023\/06\/z4389417590943_2278712b9c2b62f1ece9b65fc5d95d0e.jpg\" alt=\"\" width=\"383\" height=\"733\" srcset=\"https:\/\/maylocnuoc2.hoctot.top\/wp-content\/uploads\/2023\/06\/z4389417590943_2278712b9c2b62f1ece9b65fc5d95d0e.jpg 383w, https:\/\/maylocnuoc2.hoctot.top\/wp-content\/uploads\/2023\/06\/z4389417590943_2278712b9c2b62f1ece9b65fc5d95d0e-209x400.jpg 209w\" sizes=\"auto, (max-width: 383px) 100vw, 383px\" \/><\/p>\n<p style=\"text-align: justify;\"><strong>C\u1ed9t l\u1ecdc composite<\/strong> \u0111\u01b0\u1ee3c ph\u00e2n ph\u1ed1i b\u1edfi <strong>C\u00f4ng ty C\u1ed5 ph\u1ea7n C\u00f4ng ngh\u1ec7 HADOCO<\/strong>, ch\u00fang t\u00f4i chuy\u00ean cung c\u1ea5p C\u1ed9t l\u1ecdc composite gi\u00e1 r\u1ebb s\u1ed1 l\u01b0\u1ee3ng l\u1edbn, \u0111\u00e2y l\u00e0 s\u1ef1 l\u1ef1a ch\u1ecdn ho\u00e0n h\u1ea3o cho d\u00e2y chuy\u1ec1n l\u1ecdc n\u01b0\u1edbc c\u1ee7a b\u1ea1n . H\u00e3y g\u1ecdi cho ch\u00fang t\u00f4i \u0111\u1ec3 \u0111\u01b0\u1ee3c t\u01b0 v\u1ea5n \u0111\u1ea7y \u0111\u1ee7 c\u0169ng nh\u01b0 nh\u1eadn b\u00e1o gi\u00e1 t\u1ed1t nh\u1ea5t.<\/p>\n<p style=\"text-align: justify;\">Ngo\u00e0i ra ch\u00fang t\u00f4i c\u00f2n cung c\u1ea5p c\u00e1c linh ph\u1ee5 ki\u1ec7n cho c\u00e1c H\u1ec7 th\u1ed1ng l\u00e0m m\u1ec1m n\u01b0\u1edbc gia \u0111\u00ecnh, c\u00e1c d\u00e2y chuy\u1ec1n l\u1ecdc n\u01b0\u1edbc RO, UF c\u00f4ng su\u1ea5t l\u1edbn.<\/p>\n<p style=\"text-align: justify;\">C\u00e1c thi\u1ebft b\u1ecb x\u1eed l\u00fd n\u01b0\u1edbc th\u1ea3i, n\u01b0\u1edbc m\u1eb7t, n\u01b0\u1edbc ng\u1ea7m, s\u00f4ng , su\u1ed1i, h\u1ed3, ao.<\/p>\n<p style=\"text-align: justify;\">H\u1ec7 th\u1ed1ng l\u1ecdc n\u01b0\u1edbc bi\u1ec3n, n\u01b0\u1edbc l\u1ee3&#8230;<\/p>\n<p style=\"text-align: justify;\">S\u1ef1 th\u00e0nh c\u00f4ng m\u1ed7i c\u00f4ng tr\u00ecnh c\u1ee7a c\u00e1c b\u1ea1n l\u00e0 ni\u1ec1m t\u1ef1 h\u00e0o c\u1ee7a ch\u00fang t\u00f4i.<\/p>\n<p style=\"text-align: justify;\">\u0110\u1ec3 bi\u1ebft th\u00eam chi ti\u1ebft v\u00e0 nh\u1eadn b\u00e1o gi\u00e1 c\u1ee5 th\u1ec3 xin li\u00ean h\u1ec7 Hotline:<span style=\"color: #800000;\"> <strong><a href=\"tel:0988.971.636\">0988.971.636<\/a> \u2013 <a href=\"tel:0989.645.389\">0989.645.389<\/a><\/strong><\/span><\/p>\n","protected":false},"excerpt":{"rendered":"<p><strong>C\u1ed9t l\u1ecdc composite 844\/1054\/1252\/1665\/1865<\/strong><\/p>\n<p style=\"text-align: justify;\">\u0110\u01b0\u1ee3c nh\u1eadp kh\u1ea9u tr\u1ef1c ti\u1ebfp v\u1edbi nhi\u1ec1u k\u00edch c\u1ee1 v\u00e0 \u0111\u01b0\u1ee3c s\u1eed d\u1ee5ng r\u1ed9ng r\u00e3i trong c\u00e1c l\u0129nh v\u1ef1c c\u1ee7a x\u1eed l\u00fd n\u01b0\u1edbc nh\u01b0: l\u00e0m m\u1ec1m n\u01b0\u1edbc, s\u1eed d\u1ee5ng trong d\u00e2y chuy\u1ec1n s\u1ea3n xu\u1ea5t n\u01b0\u1edbc tinh khi\u1ebft, h\u1ec7 th\u1ed1ng s\u1ea3n xu\u1ea5t n\u01b0\u1edbc si\u00eau tinh khi\u1ebft \u0111\u1ec3 ph\u1ee5c v\u1ee5 s\u1ea3n xu\u1ea5t \u0111i\u1ec7n t\u1eed, vi m\u1ea1ch, ch\u1ea5t b\u00e1n d\u1eabn, s\u1ea3n xu\u1ea5t d\u01b0\u1ee3c ph\u1ea9m, ph\u00f2ng th\u00ed nghi\u1ec7m.<\/p>\n","protected":false},"featured_media":2716,"comment_status":"open","ping_status":"closed","template":"","meta":[],"product_brand":[],"product_cat":[157],"product_tag":[],"class_list":{"0":"post-2715","1":"product","2":"type-product","3":"status-publish","4":"has-post-thumbnail","6":"product_cat-vat-tu-xu-ly-nuoc","8":"first","9":"instock","10":"shipping-taxable","11":"product-type-simple"},"yoast_head":"<!-- This site is optimized with the Yoast SEO plugin v24.6 - https:\/\/yoast.com\/wordpress\/plugins\/seo\/ -->\n<title>C\u1ed9t L\u1ecdc Composite - H\u1ee3p Nh\u1ea5t<\/title>\n<meta name=\"robots\" content=\"index, follow, max-snippet:-1, max-image-preview:large, max-video-preview:-1\" \/>\n<link rel=\"canonical\" href=\"https:\/\/maylocnuoc2.hoctot.top\/?product=cot-loc-composite\" \/>\n<meta property=\"og:locale\" content=\"vi_VN\" \/>\n<meta property=\"og:type\" content=\"article\" \/>\n<meta property=\"og:title\" content=\"C\u1ed9t L\u1ecdc Composite - H\u1ee3p Nh\u1ea5t\" \/>\n<meta property=\"og:description\" content=\"C\u1ed9t l\u1ecdc composite 844\/1054\/1252\/1665\/1865 \u0110\u01b0\u1ee3c nh\u1eadp kh\u1ea9u tr\u1ef1c ti\u1ebfp v\u1edbi nhi\u1ec1u k\u00edch c\u1ee1 v\u00e0 \u0111\u01b0\u1ee3c s\u1eed d\u1ee5ng r\u1ed9ng r\u00e3i trong c\u00e1c l\u0129nh v\u1ef1c c\u1ee7a x\u1eed l\u00fd n\u01b0\u1edbc nh\u01b0: l\u00e0m m\u1ec1m n\u01b0\u1edbc, s\u1eed d\u1ee5ng trong d\u00e2y chuy\u1ec1n s\u1ea3n xu\u1ea5t n\u01b0\u1edbc tinh khi\u1ebft, h\u1ec7 th\u1ed1ng s\u1ea3n xu\u1ea5t n\u01b0\u1edbc si\u00eau tinh khi\u1ebft \u0111\u1ec3 ph\u1ee5c v\u1ee5 s\u1ea3n xu\u1ea5t \u0111i\u1ec7n t\u1eed, vi m\u1ea1ch, ch\u1ea5t b\u00e1n d\u1eabn, s\u1ea3n xu\u1ea5t d\u01b0\u1ee3c ph\u1ea9m, ph\u00f2ng th\u00ed nghi\u1ec7m.\" \/>\n<meta property=\"og:url\" content=\"https:\/\/maylocnuoc2.hoctot.top\/?product=cot-loc-composite\" \/>\n<meta property=\"og:site_name\" content=\"H\u1ee3p Nh\u1ea5t\" \/>\n<meta property=\"article:modified_time\" content=\"2023-06-10T15:03:35+00:00\" \/>\n<meta property=\"og:image\" content=\"https:\/\/maylocnuoc2.hoctot.top\/wp-content\/uploads\/2023\/06\/z4389417590943_2278712b9c2b62f1ece9b65fc5d95d0e.jpg\" \/>\n\t<meta property=\"og:image:width\" content=\"383\" \/>\n\t<meta property=\"og:image:height\" content=\"733\" \/>\n\t<meta property=\"og:image:type\" content=\"image\/jpeg\" \/>\n<meta name=\"twitter:card\" content=\"summary_large_image\" \/>\n<meta name=\"twitter:label1\" content=\"\u01af\u1edbc t\u00ednh th\u1eddi gian \u0111\u1ecdc\" \/>\n\t<meta name=\"twitter:data1\" content=\"2 ph\u00fat\" \/>\n<script type=\"application\/ld+json\" class=\"yoast-schema-graph\">{\"@context\":\"https:\/\/schema.org\",\"@graph\":[{\"@type\":\"WebPage\",\"@id\":\"https:\/\/maylocnuoc2.hoctot.top\/?product=cot-loc-composite\",\"url\":\"https:\/\/maylocnuoc2.hoctot.top\/?product=cot-loc-composite\",\"name\":\"C\u1ed9t L\u1ecdc Composite - H\u1ee3p Nh\u1ea5t\",\"isPartOf\":{\"@id\":\"https:\/\/maylocnuoc2.hoctot.top\/#website\"},\"primaryImageOfPage\":{\"@id\":\"https:\/\/maylocnuoc2.hoctot.top\/?product=cot-loc-composite#primaryimage\"},\"image\":{\"@id\":\"https:\/\/maylocnuoc2.hoctot.top\/?product=cot-loc-composite#primaryimage\"},\"thumbnailUrl\":\"https:\/\/maylocnuoc2.hoctot.top\/wp-content\/uploads\/2023\/06\/z4389417590943_2278712b9c2b62f1ece9b65fc5d95d0e.jpg\",\"datePublished\":\"2023-06-10T15:03:34+00:00\",\"dateModified\":\"2023-06-10T15:03:35+00:00\",\"breadcrumb\":{\"@id\":\"https:\/\/maylocnuoc2.hoctot.top\/?product=cot-loc-composite#breadcrumb\"},\"inLanguage\":\"vi\",\"potentialAction\":[{\"@type\":\"ReadAction\",\"target\":[\"https:\/\/maylocnuoc2.hoctot.top\/?product=cot-loc-composite\"]}]},{\"@type\":\"ImageObject\",\"inLanguage\":\"vi\",\"@id\":\"https:\/\/maylocnuoc2.hoctot.top\/?product=cot-loc-composite#primaryimage\",\"url\":\"https:\/\/maylocnuoc2.hoctot.top\/wp-content\/uploads\/2023\/06\/z4389417590943_2278712b9c2b62f1ece9b65fc5d95d0e.jpg\",\"contentUrl\":\"https:\/\/maylocnuoc2.hoctot.top\/wp-content\/uploads\/2023\/06\/z4389417590943_2278712b9c2b62f1ece9b65fc5d95d0e.jpg\",\"width\":383,\"height\":733},{\"@type\":\"BreadcrumbList\",\"@id\":\"https:\/\/maylocnuoc2.hoctot.top\/?product=cot-loc-composite#breadcrumb\",\"itemListElement\":[{\"@type\":\"ListItem\",\"position\":1,\"name\":\"Trang ch\u1ee7\",\"item\":\"https:\/\/maylocnuoc2.hoctot.top\/\"},{\"@type\":\"ListItem\",\"position\":2,\"name\":\"S\u1ea3n ph\u1ea9m\",\"item\":\"https:\/\/maylocnuoc2.hoctot.top\/?page_id=63\"},{\"@type\":\"ListItem\",\"position\":3,\"name\":\"V\u1eadt T\u01b0 X\u1eed L\u00fd N\u01b0\u1edbc\",\"item\":\"https:\/\/maylocnuoc2.hoctot.top\/?product_cat=vat-tu-xu-ly-nuoc\"},{\"@type\":\"ListItem\",\"position\":4,\"name\":\"C\u1ed9t L\u1ecdc Composite\"}]},{\"@type\":\"WebSite\",\"@id\":\"https:\/\/maylocnuoc2.hoctot.top\/#website\",\"url\":\"https:\/\/maylocnuoc2.hoctot.top\/\",\"name\":\"H\u1ee3p Nh\u1ea5t\",\"description\":\"\",\"potentialAction\":[{\"@type\":\"SearchAction\",\"target\":{\"@type\":\"EntryPoint\",\"urlTemplate\":\"https:\/\/maylocnuoc2.hoctot.top\/?s={search_term_string}\"},\"query-input\":{\"@type\":\"PropertyValueSpecification\",\"valueRequired\":true,\"valueName\":\"search_term_string\"}}],\"inLanguage\":\"vi\"}]}<\/script>\n<!-- \/ Yoast SEO plugin. -->","yoast_head_json":{"title":"C\u1ed9t L\u1ecdc Composite - H\u1ee3p Nh\u1ea5t","robots":{"index":"index","follow":"follow","max-snippet":"max-snippet:-1","max-image-preview":"max-image-preview:large","max-video-preview":"max-video-preview:-1"},"canonical":"https:\/\/maylocnuoc2.hoctot.top\/?product=cot-loc-composite","og_locale":"vi_VN","og_type":"article","og_title":"C\u1ed9t L\u1ecdc Composite - H\u1ee3p Nh\u1ea5t","og_description":"C\u1ed9t l\u1ecdc composite 844\/1054\/1252\/1665\/1865 \u0110\u01b0\u1ee3c nh\u1eadp kh\u1ea9u tr\u1ef1c ti\u1ebfp v\u1edbi nhi\u1ec1u k\u00edch c\u1ee1 v\u00e0 \u0111\u01b0\u1ee3c s\u1eed d\u1ee5ng r\u1ed9ng r\u00e3i trong c\u00e1c l\u0129nh v\u1ef1c c\u1ee7a x\u1eed l\u00fd n\u01b0\u1edbc nh\u01b0: l\u00e0m m\u1ec1m n\u01b0\u1edbc, s\u1eed d\u1ee5ng trong d\u00e2y chuy\u1ec1n s\u1ea3n xu\u1ea5t n\u01b0\u1edbc tinh khi\u1ebft, h\u1ec7 th\u1ed1ng s\u1ea3n xu\u1ea5t n\u01b0\u1edbc si\u00eau tinh khi\u1ebft \u0111\u1ec3 ph\u1ee5c v\u1ee5 s\u1ea3n xu\u1ea5t \u0111i\u1ec7n t\u1eed, vi m\u1ea1ch, ch\u1ea5t b\u00e1n d\u1eabn, s\u1ea3n xu\u1ea5t d\u01b0\u1ee3c ph\u1ea9m, ph\u00f2ng th\u00ed nghi\u1ec7m.","og_url":"https:\/\/maylocnuoc2.hoctot.top\/?product=cot-loc-composite","og_site_name":"H\u1ee3p Nh\u1ea5t","article_modified_time":"2023-06-10T15:03:35+00:00","og_image":[{"width":383,"height":733,"url":"https:\/\/maylocnuoc2.hoctot.top\/wp-content\/uploads\/2023\/06\/z4389417590943_2278712b9c2b62f1ece9b65fc5d95d0e.jpg","type":"image\/jpeg"}],"twitter_card":"summary_large_image","twitter_misc":{"\u01af\u1edbc t\u00ednh th\u1eddi gian \u0111\u1ecdc":"2 ph\u00fat"},"schema":{"@context":"https:\/\/schema.org","@graph":[{"@type":"WebPage","@id":"https:\/\/maylocnuoc2.hoctot.top\/?product=cot-loc-composite","url":"https:\/\/maylocnuoc2.hoctot.top\/?product=cot-loc-composite","name":"C\u1ed9t L\u1ecdc Composite - H\u1ee3p Nh\u1ea5t","isPartOf":{"@id":"https:\/\/maylocnuoc2.hoctot.top\/#website"},"primaryImageOfPage":{"@id":"https:\/\/maylocnuoc2.hoctot.top\/?product=cot-loc-composite#primaryimage"},"image":{"@id":"https:\/\/maylocnuoc2.hoctot.top\/?product=cot-loc-composite#primaryimage"},"thumbnailUrl":"https:\/\/maylocnuoc2.hoctot.top\/wp-content\/uploads\/2023\/06\/z4389417590943_2278712b9c2b62f1ece9b65fc5d95d0e.jpg","datePublished":"2023-06-10T15:03:34+00:00","dateModified":"2023-06-10T15:03:35+00:00","breadcrumb":{"@id":"https:\/\/maylocnuoc2.hoctot.top\/?product=cot-loc-composite#breadcrumb"},"inLanguage":"vi","potentialAction":[{"@type":"ReadAction","target":["https:\/\/maylocnuoc2.hoctot.top\/?product=cot-loc-composite"]}]},{"@type":"ImageObject","inLanguage":"vi","@id":"https:\/\/maylocnuoc2.hoctot.top\/?product=cot-loc-composite#primaryimage","url":"https:\/\/maylocnuoc2.hoctot.top\/wp-content\/uploads\/2023\/06\/z4389417590943_2278712b9c2b62f1ece9b65fc5d95d0e.jpg","contentUrl":"https:\/\/maylocnuoc2.hoctot.top\/wp-content\/uploads\/2023\/06\/z4389417590943_2278712b9c2b62f1ece9b65fc5d95d0e.jpg","width":383,"height":733},{"@type":"BreadcrumbList","@id":"https:\/\/maylocnuoc2.hoctot.top\/?product=cot-loc-composite#breadcrumb","itemListElement":[{"@type":"ListItem","position":1,"name":"Trang ch\u1ee7","item":"https:\/\/maylocnuoc2.hoctot.top\/"},{"@type":"ListItem","position":2,"name":"S\u1ea3n ph\u1ea9m","item":"https:\/\/maylocnuoc2.hoctot.top\/?page_id=63"},{"@type":"ListItem","position":3,"name":"V\u1eadt T\u01b0 X\u1eed L\u00fd N\u01b0\u1edbc","item":"https:\/\/maylocnuoc2.hoctot.top\/?product_cat=vat-tu-xu-ly-nuoc"},{"@type":"ListItem","position":4,"name":"C\u1ed9t L\u1ecdc Composite"}]},{"@type":"WebSite","@id":"https:\/\/maylocnuoc2.hoctot.top\/#website","url":"https:\/\/maylocnuoc2.hoctot.top\/","name":"H\u1ee3p Nh\u1ea5t","description":"","potentialAction":[{"@type":"SearchAction","target":{"@type":"EntryPoint","urlTemplate":"https:\/\/maylocnuoc2.hoctot.top\/?s={search_term_string}"},"query-input":{"@type":"PropertyValueSpecification","valueRequired":true,"valueName":"search_term_string"}}],"inLanguage":"vi"}]}},"_links":{"self":[{"href":"https:\/\/maylocnuoc2.hoctot.top\/index.php?rest_route=\/wp\/v2\/product\/2715","targetHints":{"allow":["GET"]}}],"collection":[{"href":"https:\/\/maylocnuoc2.hoctot.top\/index.php?rest_route=\/wp\/v2\/product"}],"about":[{"href":"https:\/\/maylocnuoc2.hoctot.top\/index.php?rest_route=\/wp\/v2\/types\/product"}],"replies":[{"embeddable":true,"href":"https:\/\/maylocnuoc2.hoctot.top\/index.php?rest_route=%2Fwp%2Fv2%2Fcomments&post=2715"}],"wp:featuredmedia":[{"embeddable":true,"href":"https:\/\/maylocnuoc2.hoctot.top\/index.php?rest_route=\/wp\/v2\/media\/2716"}],"wp:attachment":[{"href":"https:\/\/maylocnuoc2.hoctot.top\/index.php?rest_route=%2Fwp%2Fv2%2Fmedia&parent=2715"}],"wp:term":[{"taxonomy":"product_brand","embeddable":true,"href":"https:\/\/maylocnuoc2.hoctot.top\/index.php?rest_route=%2Fwp%2Fv2%2Fproduct_brand&post=2715"},{"taxonomy":"product_cat","embeddable":true,"href":"https:\/\/maylocnuoc2.hoctot.top\/index.php?rest_route=%2Fwp%2Fv2%2Fproduct_cat&post=2715"},{"taxonomy":"product_tag","embeddable":true,"href":"https:\/\/maylocnuoc2.hoctot.top\/index.php?rest_route=%2Fwp%2Fv2%2Fproduct_tag&post=2715"}],"curies":[{"name":"wp","href":"https:\/\/api.w.org\/{rel}","templated":true}]}}