{"id":2717,"date":"2023-06-10T15:20:37","date_gmt":"2023-06-10T15:20:37","guid":{"rendered":"https:\/\/luan.webrt.net\/hadoco\/?post_type=product&#038;p=2717"},"modified":"2023-06-10T15:20:38","modified_gmt":"2023-06-10T15:20:38","slug":"phin-loc","status":"publish","type":"product","link":"https:\/\/maylocnuoc2.hoctot.top\/?product=phin-loc","title":{"rendered":"Phin L\u1ecdc"},"content":{"rendered":"<p style=\"text-align: justify;\">Ch\u1ee9a l\u00f5i l\u1ecdc, b\u1ea3o v\u1ec7 v\u00e0 n\u00e2ng cao tu\u1ed5i th\u1ecd v\u00e0 t\u00e1c d\u1ee5ng l\u1ecdc c\u1ee7a l\u00f5i l\u1ecdc. T\u0103ng th\u00eam t\u00ednh th\u1ea9m m\u1ef9 cho d\u00e2y chuy\u1ec1n, h\u1ec7 th\u1ed1ng l\u1ecdc n\u01b0\u1edbc.<\/p>\n<h3 style=\"text-align: justify;\"><strong>\u0110\u1eb7c \u0111i\u1ec3m s\u1ea3n ph\u1ea9m<\/strong><\/h3>\n<ul style=\"list-style-type: circle;\">\n<li style=\"text-align: justify;\">Ch\u1ea5t li\u1ec7u : Inox SUS304, SUS316L<\/li>\n<li style=\"text-align: justify;\">Ph\u1ea7n t\u1eed l\u1ecdc : L\u00f5i l\u1ecdc th\u00f4, l\u00f5i l\u1ecdc x\u00e1c khu\u1ea9n, l\u00f5i l\u1ecdc than ho\u1ea1t t\u00ednh (CTO), UDF<\/li>\n<li style=\"text-align: justify;\">\u0110\u01b0\u1eddng k\u00ednh ngo\u00e0i: DN25, DN40, DN50, DN65<\/li>\n<li style=\"text-align: justify;\">Chi\u1ec1u d\u00e0i ph\u1ea7n t\u1eed l\u1ecdc: 10 inch, 20 inch, 30 inch, 40 inch<\/li>\n<li style=\"text-align: justify;\">\u0110\u01b0\u1eddng k\u00ednh Fin l\u1ecdc: 170 ~ 350 mm<\/li>\n<li style=\"text-align: justify;\">\u00c1p l\u1ef1c : \u2264 0,8 Mpa<\/li>\n<li style=\"text-align: justify;\">X\u1eed l\u00fd b\u1ec1 m\u1eb7t: G\u01b0\u01a1ng b\u1ec1 m\u1eb7t ho\u1eb7c m\u1edd ( x\u1ec9n) (phun c\u00e1t)<\/li>\n<\/ul>\n<h3 style=\"text-align: justify;\"><strong>\u1ee8ng d\u1ee5ng<\/strong><\/h3>\n<ul style=\"list-style-type: circle;\">\n<li style=\"text-align: justify;\">Ch\u1ee9a l\u00f5i l\u1ecdc, b\u1ea3o v\u1ec7 v\u00e0 n\u00e2ng cao tu\u1ed5i th\u1ecd v\u00e0 t\u00e1c d\u1ee5ng l\u1ecdc c\u1ee7a l\u00f5i l\u1ecdc<\/li>\n<li style=\"text-align: justify;\">T\u0103ng th\u00eam t\u00ednh th\u1ea9m m\u1ef9 cho d\u00e2y chuy\u1ec1n, h\u1ec7 th\u1ed1ng l\u1ecdc n\u01b0\u1edbc.<\/li>\n<\/ul>\n<p><img loading=\"lazy\" decoding=\"async\" class=\"aligncenter size-full wp-image-2718\" src=\"https:\/\/luan.webrt.net\/hadoco\/wp-content\/uploads\/2023\/06\/z4421697466522_2b58b36404ca7b38d476a2dafc9add43.jpg\" alt=\"\" width=\"799\" height=\"512\" srcset=\"https:\/\/maylocnuoc2.hoctot.top\/wp-content\/uploads\/2023\/06\/z4421697466522_2b58b36404ca7b38d476a2dafc9add43.jpg 799w, https:\/\/maylocnuoc2.hoctot.top\/wp-content\/uploads\/2023\/06\/z4421697466522_2b58b36404ca7b38d476a2dafc9add43-624x400.jpg 624w, https:\/\/maylocnuoc2.hoctot.top\/wp-content\/uploads\/2023\/06\/z4421697466522_2b58b36404ca7b38d476a2dafc9add43-768x492.jpg 768w, https:\/\/maylocnuoc2.hoctot.top\/wp-content\/uploads\/2023\/06\/z4421697466522_2b58b36404ca7b38d476a2dafc9add43-600x384.jpg 600w\" sizes=\"auto, (max-width: 799px) 100vw, 799px\" \/><\/p>\n<p><em><span style=\"font-size: 17px;\"><strong>\u0110\u1ec3 bi\u1ebft th\u00eam chi ti\u1ebft v\u00e0 nh\u1eadn b\u00e1o gi\u00e1 c\u1ee5 th\u1ec3 xin li\u00ean h\u1ec7 Hotline:<span style=\"color: #800000;\"> <a href=\"tel:0988.971.636\">0988.971.636<\/a> \u2013 <a href=\"tel:0989.645.389\">0989.645.389<\/a><\/span><\/strong><\/span><\/em><\/p>\n","protected":false},"excerpt":{"rendered":"<h3><strong>\u0110\u1eb7c \u0111i\u1ec3m s\u1ea3n ph\u1ea9m<\/strong><\/h3>\n<ul style=\"list-style-type: circle;\">\n<li>Ch\u1ea5t li\u1ec7u : Inox SUS304, SUS316L<\/li>\n<li>Ph\u1ea7n t\u1eed l\u1ecdc : L\u00f5i l\u1ecdc th\u00f4, l\u00f5i l\u1ecdc x\u00e1c khu\u1ea9n, l\u00f5i l\u1ecdc than ho\u1ea1t t\u00ednh (CTO), UDF<\/li>\n<li>\u0110\u01b0\u1eddng k\u00ednh ngo\u00e0i: DN25, DN40, DN50, DN65<\/li>\n<li>Chi\u1ec1u d\u00e0i ph\u1ea7n t\u1eed l\u1ecdc: 10 inch, 20 inch, 30 inch, 40 inch<\/li>\n<li>\u0110\u01b0\u1eddng k\u00ednh Fin l\u1ecdc: 170 ~ 350 mm<\/li>\n<li>\u00c1p l\u1ef1c : \u2264 0,8 Mpa<\/li>\n<li>X\u1eed l\u00fd b\u1ec1 m\u1eb7t: G\u01b0\u01a1ng b\u1ec1 m\u1eb7t ho\u1eb7c m\u1edd ( x\u1ec9n) (phun c\u00e1t)<\/li>\n<\/ul>\n","protected":false},"featured_media":2628,"comment_status":"open","ping_status":"closed","template":"","meta":[],"product_brand":[],"product_cat":[157],"product_tag":[],"class_list":{"0":"post-2717","1":"product","2":"type-product","3":"status-publish","4":"has-post-thumbnail","6":"product_cat-vat-tu-xu-ly-nuoc","8":"first","9":"instock","10":"shipping-taxable","11":"product-type-simple"},"yoast_head":"<!-- This site is optimized with the Yoast SEO plugin v24.6 - https:\/\/yoast.com\/wordpress\/plugins\/seo\/ -->\n<title>Phin L\u1ecdc - H\u1ee3p Nh\u1ea5t<\/title>\n<meta name=\"robots\" content=\"index, follow, max-snippet:-1, max-image-preview:large, max-video-preview:-1\" \/>\n<link rel=\"canonical\" href=\"https:\/\/maylocnuoc2.hoctot.top\/?product=phin-loc\" \/>\n<meta property=\"og:locale\" content=\"vi_VN\" \/>\n<meta property=\"og:type\" content=\"article\" \/>\n<meta property=\"og:title\" content=\"Phin L\u1ecdc - H\u1ee3p Nh\u1ea5t\" \/>\n<meta property=\"og:description\" content=\"\u0110\u1eb7c \u0111i\u1ec3m s\u1ea3n ph\u1ea9m   Ch\u1ea5t li\u1ec7u : Inox SUS304, SUS316L  Ph\u1ea7n t\u1eed l\u1ecdc : L\u00f5i l\u1ecdc th\u00f4, l\u00f5i l\u1ecdc x\u00e1c khu\u1ea9n, l\u00f5i l\u1ecdc than ho\u1ea1t t\u00ednh (CTO), UDF  \u0110\u01b0\u1eddng k\u00ednh ngo\u00e0i: DN25, DN40, DN50, DN65  Chi\u1ec1u d\u00e0i ph\u1ea7n t\u1eed l\u1ecdc: 10 inch, 20 inch, 30 inch, 40 inch  \u0110\u01b0\u1eddng k\u00ednh Fin l\u1ecdc: 170 ~ 350 mm  \u00c1p l\u1ef1c : \u2264 0,8 Mpa  X\u1eed l\u00fd b\u1ec1 m\u1eb7t: G\u01b0\u01a1ng b\u1ec1 m\u1eb7t ho\u1eb7c m\u1edd ( x\u1ec9n) (phun c\u00e1t)\" \/>\n<meta property=\"og:url\" content=\"https:\/\/maylocnuoc2.hoctot.top\/?product=phin-loc\" \/>\n<meta property=\"og:site_name\" content=\"H\u1ee3p Nh\u1ea5t\" \/>\n<meta property=\"article:modified_time\" content=\"2023-06-10T15:20:38+00:00\" \/>\n<meta property=\"og:image\" content=\"https:\/\/maylocnuoc2.hoctot.top\/wp-content\/uploads\/2023\/05\/IMAGE-1-1.png\" \/>\n\t<meta property=\"og:image:width\" content=\"210\" \/>\n\t<meta property=\"og:image:height\" content=\"270\" \/>\n\t<meta property=\"og:image:type\" content=\"image\/png\" \/>\n<meta name=\"twitter:card\" content=\"summary_large_image\" \/>\n<meta name=\"twitter:label1\" content=\"\u01af\u1edbc t\u00ednh th\u1eddi gian \u0111\u1ecdc\" \/>\n\t<meta name=\"twitter:data1\" content=\"2 ph\u00fat\" \/>\n<script type=\"application\/ld+json\" class=\"yoast-schema-graph\">{\"@context\":\"https:\/\/schema.org\",\"@graph\":[{\"@type\":\"WebPage\",\"@id\":\"https:\/\/maylocnuoc2.hoctot.top\/?product=phin-loc\",\"url\":\"https:\/\/maylocnuoc2.hoctot.top\/?product=phin-loc\",\"name\":\"Phin L\u1ecdc - H\u1ee3p Nh\u1ea5t\",\"isPartOf\":{\"@id\":\"https:\/\/maylocnuoc2.hoctot.top\/#website\"},\"primaryImageOfPage\":{\"@id\":\"https:\/\/maylocnuoc2.hoctot.top\/?product=phin-loc#primaryimage\"},\"image\":{\"@id\":\"https:\/\/maylocnuoc2.hoctot.top\/?product=phin-loc#primaryimage\"},\"thumbnailUrl\":\"https:\/\/maylocnuoc2.hoctot.top\/wp-content\/uploads\/2023\/05\/IMAGE-1-1.png\",\"datePublished\":\"2023-06-10T15:20:37+00:00\",\"dateModified\":\"2023-06-10T15:20:38+00:00\",\"breadcrumb\":{\"@id\":\"https:\/\/maylocnuoc2.hoctot.top\/?product=phin-loc#breadcrumb\"},\"inLanguage\":\"vi\",\"potentialAction\":[{\"@type\":\"ReadAction\",\"target\":[\"https:\/\/maylocnuoc2.hoctot.top\/?product=phin-loc\"]}]},{\"@type\":\"ImageObject\",\"inLanguage\":\"vi\",\"@id\":\"https:\/\/maylocnuoc2.hoctot.top\/?product=phin-loc#primaryimage\",\"url\":\"https:\/\/maylocnuoc2.hoctot.top\/wp-content\/uploads\/2023\/05\/IMAGE-1-1.png\",\"contentUrl\":\"https:\/\/maylocnuoc2.hoctot.top\/wp-content\/uploads\/2023\/05\/IMAGE-1-1.png\",\"width\":210,\"height\":270},{\"@type\":\"BreadcrumbList\",\"@id\":\"https:\/\/maylocnuoc2.hoctot.top\/?product=phin-loc#breadcrumb\",\"itemListElement\":[{\"@type\":\"ListItem\",\"position\":1,\"name\":\"Trang ch\u1ee7\",\"item\":\"https:\/\/maylocnuoc2.hoctot.top\/\"},{\"@type\":\"ListItem\",\"position\":2,\"name\":\"S\u1ea3n ph\u1ea9m\",\"item\":\"https:\/\/maylocnuoc2.hoctot.top\/?page_id=63\"},{\"@type\":\"ListItem\",\"position\":3,\"name\":\"V\u1eadt T\u01b0 X\u1eed L\u00fd N\u01b0\u1edbc\",\"item\":\"https:\/\/maylocnuoc2.hoctot.top\/?product_cat=vat-tu-xu-ly-nuoc\"},{\"@type\":\"ListItem\",\"position\":4,\"name\":\"Phin L\u1ecdc\"}]},{\"@type\":\"WebSite\",\"@id\":\"https:\/\/maylocnuoc2.hoctot.top\/#website\",\"url\":\"https:\/\/maylocnuoc2.hoctot.top\/\",\"name\":\"H\u1ee3p Nh\u1ea5t\",\"description\":\"\",\"potentialAction\":[{\"@type\":\"SearchAction\",\"target\":{\"@type\":\"EntryPoint\",\"urlTemplate\":\"https:\/\/maylocnuoc2.hoctot.top\/?s={search_term_string}\"},\"query-input\":{\"@type\":\"PropertyValueSpecification\",\"valueRequired\":true,\"valueName\":\"search_term_string\"}}],\"inLanguage\":\"vi\"}]}<\/script>\n<!-- \/ Yoast SEO plugin. -->","yoast_head_json":{"title":"Phin L\u1ecdc - H\u1ee3p Nh\u1ea5t","robots":{"index":"index","follow":"follow","max-snippet":"max-snippet:-1","max-image-preview":"max-image-preview:large","max-video-preview":"max-video-preview:-1"},"canonical":"https:\/\/maylocnuoc2.hoctot.top\/?product=phin-loc","og_locale":"vi_VN","og_type":"article","og_title":"Phin L\u1ecdc - H\u1ee3p Nh\u1ea5t","og_description":"\u0110\u1eb7c \u0111i\u1ec3m s\u1ea3n ph\u1ea9m   Ch\u1ea5t li\u1ec7u : Inox SUS304, SUS316L  Ph\u1ea7n t\u1eed l\u1ecdc : L\u00f5i l\u1ecdc th\u00f4, l\u00f5i l\u1ecdc x\u00e1c khu\u1ea9n, l\u00f5i l\u1ecdc than ho\u1ea1t t\u00ednh (CTO), UDF  \u0110\u01b0\u1eddng k\u00ednh ngo\u00e0i: DN25, DN40, DN50, DN65  Chi\u1ec1u d\u00e0i ph\u1ea7n t\u1eed l\u1ecdc: 10 inch, 20 inch, 30 inch, 40 inch  \u0110\u01b0\u1eddng k\u00ednh Fin l\u1ecdc: 170 ~ 350 mm  \u00c1p l\u1ef1c : \u2264 0,8 Mpa  X\u1eed l\u00fd b\u1ec1 m\u1eb7t: G\u01b0\u01a1ng b\u1ec1 m\u1eb7t ho\u1eb7c m\u1edd ( x\u1ec9n) (phun c\u00e1t)","og_url":"https:\/\/maylocnuoc2.hoctot.top\/?product=phin-loc","og_site_name":"H\u1ee3p Nh\u1ea5t","article_modified_time":"2023-06-10T15:20:38+00:00","og_image":[{"width":210,"height":270,"url":"https:\/\/maylocnuoc2.hoctot.top\/wp-content\/uploads\/2023\/05\/IMAGE-1-1.png","type":"image\/png"}],"twitter_card":"summary_large_image","twitter_misc":{"\u01af\u1edbc t\u00ednh th\u1eddi gian \u0111\u1ecdc":"2 ph\u00fat"},"schema":{"@context":"https:\/\/schema.org","@graph":[{"@type":"WebPage","@id":"https:\/\/maylocnuoc2.hoctot.top\/?product=phin-loc","url":"https:\/\/maylocnuoc2.hoctot.top\/?product=phin-loc","name":"Phin L\u1ecdc - H\u1ee3p Nh\u1ea5t","isPartOf":{"@id":"https:\/\/maylocnuoc2.hoctot.top\/#website"},"primaryImageOfPage":{"@id":"https:\/\/maylocnuoc2.hoctot.top\/?product=phin-loc#primaryimage"},"image":{"@id":"https:\/\/maylocnuoc2.hoctot.top\/?product=phin-loc#primaryimage"},"thumbnailUrl":"https:\/\/maylocnuoc2.hoctot.top\/wp-content\/uploads\/2023\/05\/IMAGE-1-1.png","datePublished":"2023-06-10T15:20:37+00:00","dateModified":"2023-06-10T15:20:38+00:00","breadcrumb":{"@id":"https:\/\/maylocnuoc2.hoctot.top\/?product=phin-loc#breadcrumb"},"inLanguage":"vi","potentialAction":[{"@type":"ReadAction","target":["https:\/\/maylocnuoc2.hoctot.top\/?product=phin-loc"]}]},{"@type":"ImageObject","inLanguage":"vi","@id":"https:\/\/maylocnuoc2.hoctot.top\/?product=phin-loc#primaryimage","url":"https:\/\/maylocnuoc2.hoctot.top\/wp-content\/uploads\/2023\/05\/IMAGE-1-1.png","contentUrl":"https:\/\/maylocnuoc2.hoctot.top\/wp-content\/uploads\/2023\/05\/IMAGE-1-1.png","width":210,"height":270},{"@type":"BreadcrumbList","@id":"https:\/\/maylocnuoc2.hoctot.top\/?product=phin-loc#breadcrumb","itemListElement":[{"@type":"ListItem","position":1,"name":"Trang ch\u1ee7","item":"https:\/\/maylocnuoc2.hoctot.top\/"},{"@type":"ListItem","position":2,"name":"S\u1ea3n ph\u1ea9m","item":"https:\/\/maylocnuoc2.hoctot.top\/?page_id=63"},{"@type":"ListItem","position":3,"name":"V\u1eadt T\u01b0 X\u1eed L\u00fd N\u01b0\u1edbc","item":"https:\/\/maylocnuoc2.hoctot.top\/?product_cat=vat-tu-xu-ly-nuoc"},{"@type":"ListItem","position":4,"name":"Phin L\u1ecdc"}]},{"@type":"WebSite","@id":"https:\/\/maylocnuoc2.hoctot.top\/#website","url":"https:\/\/maylocnuoc2.hoctot.top\/","name":"H\u1ee3p Nh\u1ea5t","description":"","potentialAction":[{"@type":"SearchAction","target":{"@type":"EntryPoint","urlTemplate":"https:\/\/maylocnuoc2.hoctot.top\/?s={search_term_string}"},"query-input":{"@type":"PropertyValueSpecification","valueRequired":true,"valueName":"search_term_string"}}],"inLanguage":"vi"}]}},"_links":{"self":[{"href":"https:\/\/maylocnuoc2.hoctot.top\/index.php?rest_route=\/wp\/v2\/product\/2717","targetHints":{"allow":["GET"]}}],"collection":[{"href":"https:\/\/maylocnuoc2.hoctot.top\/index.php?rest_route=\/wp\/v2\/product"}],"about":[{"href":"https:\/\/maylocnuoc2.hoctot.top\/index.php?rest_route=\/wp\/v2\/types\/product"}],"replies":[{"embeddable":true,"href":"https:\/\/maylocnuoc2.hoctot.top\/index.php?rest_route=%2Fwp%2Fv2%2Fcomments&post=2717"}],"wp:featuredmedia":[{"embeddable":true,"href":"https:\/\/maylocnuoc2.hoctot.top\/index.php?rest_route=\/wp\/v2\/media\/2628"}],"wp:attachment":[{"href":"https:\/\/maylocnuoc2.hoctot.top\/index.php?rest_route=%2Fwp%2Fv2%2Fmedia&parent=2717"}],"wp:term":[{"taxonomy":"product_brand","embeddable":true,"href":"https:\/\/maylocnuoc2.hoctot.top\/index.php?rest_route=%2Fwp%2Fv2%2Fproduct_brand&post=2717"},{"taxonomy":"product_cat","embeddable":true,"href":"https:\/\/maylocnuoc2.hoctot.top\/index.php?rest_route=%2Fwp%2Fv2%2Fproduct_cat&post=2717"},{"taxonomy":"product_tag","embeddable":true,"href":"https:\/\/maylocnuoc2.hoctot.top\/index.php?rest_route=%2Fwp%2Fv2%2Fproduct_tag&post=2717"}],"curies":[{"name":"wp","href":"https:\/\/api.w.org\/{rel}","templated":true}]}}