{"id":2719,"date":"2023-06-11T00:18:09","date_gmt":"2023-06-11T00:18:09","guid":{"rendered":"https:\/\/luan.webrt.net\/hadoco\/?post_type=product&#038;p=2719"},"modified":"2023-06-11T00:24:32","modified_gmt":"2023-06-11T00:24:32","slug":"coc-loc","status":"publish","type":"product","link":"https:\/\/maylocnuoc2.hoctot.top\/?product=coc-loc","title":{"rendered":"C\u1ed1c l\u1ecdc inox"},"content":{"rendered":"<p style=\"text-align: justify;\">C\u1ed1c l\u1ecdc n\u01b0\u1edbc l\u00e0 thi\u1ebft b\u1ecb ch\u1ee9a l\u00f5i l\u1ecdc n\u01b0\u1edbc d\u00f9ng trong c\u00e1c b\u1ed9 l\u1ecdc th\u00f4 \u0111\u1ea7u ngu\u1ed3n, d\u00e2y chuy\u1ec1n s\u1ea3n xu\u1ea5t n\u01b0\u1edbc tinh khi\u1ebft. Ch\u00fang t\u00f4i cung c\u1ea5p c\u00e1c lo\u1ea1i c\u1ed1c l\u1ecdc n\u01b0\u1edbc v\u1edbi nhi\u1ec1u ch\u1ee7ng lo\u1ea1i, m\u1eabu m\u00e3, ch\u1ea5t l\u01b0\u1ee3ng cao v\u1edbi gi\u00e1 c\u1ea1nh tranh nh\u1ea5t th\u1ecb tr\u01b0\u1eddng. V\u1edbi th\u01b0\u01a1ng hi\u1ec7u uy t\u00edn l\u00e2u n\u0103m v\u00e0 s\u1ef1 tin t\u01b0\u1edfng c\u1ee7a kh\u00e1ch h\u00e0ng Hadoco lu\u00f4n \u0111em \u0111\u1ebfn s\u1ef1 h\u00e0i l\u00f2ng tr\u00ean t\u1eebng s\u1ea3n ph\u1ea9m.<\/p>\n<h3 style=\"text-align: justify;\"><strong>C\u1ed1c l\u1ecdc inox<\/strong><\/h3>\n<ul style=\"list-style-type: circle;\">\n<li style=\"text-align: justify;\">Ch\u1ea5t li\u1ec7u th\u00e9p kh\u00f4ng r\u1ec9 si\u00eau m\u1ecbn<\/li>\n<li style=\"text-align: justify;\">\u00c1p su\u1ea5t cao, ch\u1ed1ng \u0103n m\u00f2n<\/li>\n<li style=\"text-align: justify;\">L\u1ecdc n\u01b0\u1edbc n\u00f3ng v\u00e0 l\u1ea1nh<\/li>\n<\/ul>\n<h3 style=\"text-align: justify;\"><strong>Th\u00f4ng s\u1ed1 k\u1ef9 thu\u1eadt:<\/strong><\/h3>\n<ul style=\"list-style-type: circle;\">\n<li style=\"text-align: justify;\">\u00c1p su\u1ea5t t\u1ed1i \u0111a 10 Bar (150 psi)<\/li>\n<li style=\"text-align: justify;\">\u00c1p su\u1ea5t \u0111\u1ec1 ngh\u1ecb 8 Bar (120 psi), 25\u00baC<\/li>\n<li style=\"text-align: justify;\">Nhi\u1ec7t \u0111\u1ed9 t\u1ed1i \u0111a 125\u00baC<\/li>\n<li style=\"text-align: justify;\">Size 3\/4&#8243;, 1&#8243;<\/li>\n<\/ul>\n<p><img loading=\"lazy\" decoding=\"async\" class=\"aligncenter  wp-image-2627\" src=\"https:\/\/luan.webrt.net\/hadoco\/wp-content\/uploads\/2023\/05\/IMAGE-2.png\" alt=\"\" width=\"251\" height=\"323\" \/><\/p>\n<p style=\"text-align: justify;\">\u0110\u1ec3 bi\u1ebft th\u00eam chi ti\u1ebft v\u00e0 nh\u1eadn b\u00e1o gi\u00e1 c\u1ee5 th\u1ec3 xin li\u00ean h\u1ec7 Hotline: \u00a0<a href=\"tel:0988.971.636\">0988.971.636<\/a>\u00a0\u2013\u00a0<a href=\"tel:0989.645.389\">0989.645.389<\/a>\u00a0ho\u1eb7c t\u1edbi tr\u1ef1c ti\u1ebfp \u0111\u1ecba ch\u1ec9:\u00a0<strong>C\u00d4NG TY CP C\u00d4NG NGH\u1ec6 HADOCO<\/strong>, 859 Quang Trung, Ph\u01b0\u1eddng Ph\u00fa La, Qu\u1eadn H\u00e0 \u0110\u00f4ng, Th\u00e0nh ph\u1ed1 H\u00e0 N\u1ed9i, Vi\u1ec7t Nam \u0111\u1ec3 \u0111\u01b0\u1ee3c t\u01b0 v\u1ea5n v\u00e0 tr\u1ea3i nghi\u1ec7m tr\u1ef1c ti\u1ebfp thi\u1ebft b\u1ecb c\u1ee7a ch\u00fang t\u00f4i.<\/p>\n","protected":false},"excerpt":{"rendered":"<p>C\u1ed1c l\u1ecdc n\u01b0\u1edbc l\u00e0 thi\u1ebft b\u1ecb ch\u1ee9a l\u00f5i l\u1ecdc n\u01b0\u1edbc d\u00f9ng trong c\u00e1c b\u1ed9 l\u1ecdc th\u00f4 \u0111\u1ea7u ngu\u1ed3n, d\u00e2y chuy\u1ec1n s\u1ea3n xu\u1ea5t n\u01b0\u1edbc tinh khi\u1ebft. Ch\u00fang t\u00f4i cung c\u1ea5p c\u00e1c lo\u1ea1i c\u1ed1c l\u1ecdc n\u01b0\u1edbc v\u1edbi nhi\u1ec1u ch\u1ee7ng lo\u1ea1i, m\u1eabu m\u00e3, ch\u1ea5t l\u01b0\u1ee3ng cao v\u1edbi gi\u00e1 c\u1ea1nh tranh nh\u1ea5t th\u1ecb tr\u01b0\u1eddng. V\u1edbi th\u01b0\u01a1ng hi\u1ec7u uy t\u00edn [&#8230;]\n","protected":false},"featured_media":2627,"comment_status":"open","ping_status":"closed","template":"","meta":[],"product_brand":[],"product_cat":[192,157],"product_tag":[],"class_list":{"0":"post-2719","1":"product","2":"type-product","3":"status-publish","4":"has-post-thumbnail","6":"product_cat-coc-loc","7":"product_cat-vat-tu-xu-ly-nuoc","9":"first","10":"instock","11":"shipping-taxable","12":"product-type-simple"},"yoast_head":"<!-- This site is optimized with the Yoast SEO plugin v24.6 - https:\/\/yoast.com\/wordpress\/plugins\/seo\/ -->\n<title>C\u1ed1c l\u1ecdc inox - H\u1ee3p Nh\u1ea5t<\/title>\n<meta name=\"robots\" content=\"index, follow, max-snippet:-1, max-image-preview:large, max-video-preview:-1\" \/>\n<link rel=\"canonical\" href=\"https:\/\/maylocnuoc2.hoctot.top\/?product=coc-loc\" \/>\n<meta property=\"og:locale\" content=\"vi_VN\" \/>\n<meta property=\"og:type\" content=\"article\" \/>\n<meta property=\"og:title\" content=\"C\u1ed1c l\u1ecdc inox - H\u1ee3p Nh\u1ea5t\" \/>\n<meta property=\"og:description\" content=\"C\u1ed1c l\u1ecdc n\u01b0\u1edbc l\u00e0 thi\u1ebft b\u1ecb ch\u1ee9a l\u00f5i l\u1ecdc n\u01b0\u1edbc d\u00f9ng trong c\u00e1c b\u1ed9 l\u1ecdc th\u00f4 \u0111\u1ea7u ngu\u1ed3n, d\u00e2y chuy\u1ec1n s\u1ea3n xu\u1ea5t n\u01b0\u1edbc tinh khi\u1ebft. Ch\u00fang t\u00f4i cung c\u1ea5p c\u00e1c lo\u1ea1i c\u1ed1c l\u1ecdc n\u01b0\u1edbc v\u1edbi nhi\u1ec1u ch\u1ee7ng lo\u1ea1i, m\u1eabu m\u00e3, ch\u1ea5t l\u01b0\u1ee3ng cao v\u1edbi gi\u00e1 c\u1ea1nh tranh nh\u1ea5t th\u1ecb tr\u01b0\u1eddng. V\u1edbi th\u01b0\u01a1ng hi\u1ec7u uy t\u00edn [...]\" \/>\n<meta property=\"og:url\" content=\"https:\/\/maylocnuoc2.hoctot.top\/?product=coc-loc\" \/>\n<meta property=\"og:site_name\" content=\"H\u1ee3p Nh\u1ea5t\" \/>\n<meta property=\"article:modified_time\" content=\"2023-06-11T00:24:32+00:00\" \/>\n<meta property=\"og:image\" content=\"https:\/\/maylocnuoc2.hoctot.top\/wp-content\/uploads\/2023\/05\/IMAGE-2.png\" \/>\n\t<meta property=\"og:image:width\" content=\"210\" \/>\n\t<meta property=\"og:image:height\" content=\"270\" \/>\n\t<meta property=\"og:image:type\" content=\"image\/png\" \/>\n<meta name=\"twitter:card\" content=\"summary_large_image\" \/>\n<meta name=\"twitter:label1\" content=\"\u01af\u1edbc t\u00ednh th\u1eddi gian \u0111\u1ecdc\" \/>\n\t<meta name=\"twitter:data1\" content=\"2 ph\u00fat\" \/>\n<script type=\"application\/ld+json\" class=\"yoast-schema-graph\">{\"@context\":\"https:\/\/schema.org\",\"@graph\":[{\"@type\":\"WebPage\",\"@id\":\"https:\/\/maylocnuoc2.hoctot.top\/?product=coc-loc\",\"url\":\"https:\/\/maylocnuoc2.hoctot.top\/?product=coc-loc\",\"name\":\"C\u1ed1c l\u1ecdc inox - H\u1ee3p Nh\u1ea5t\",\"isPartOf\":{\"@id\":\"https:\/\/maylocnuoc2.hoctot.top\/#website\"},\"primaryImageOfPage\":{\"@id\":\"https:\/\/maylocnuoc2.hoctot.top\/?product=coc-loc#primaryimage\"},\"image\":{\"@id\":\"https:\/\/maylocnuoc2.hoctot.top\/?product=coc-loc#primaryimage\"},\"thumbnailUrl\":\"https:\/\/maylocnuoc2.hoctot.top\/wp-content\/uploads\/2023\/05\/IMAGE-2.png\",\"datePublished\":\"2023-06-11T00:18:09+00:00\",\"dateModified\":\"2023-06-11T00:24:32+00:00\",\"breadcrumb\":{\"@id\":\"https:\/\/maylocnuoc2.hoctot.top\/?product=coc-loc#breadcrumb\"},\"inLanguage\":\"vi\",\"potentialAction\":[{\"@type\":\"ReadAction\",\"target\":[\"https:\/\/maylocnuoc2.hoctot.top\/?product=coc-loc\"]}]},{\"@type\":\"ImageObject\",\"inLanguage\":\"vi\",\"@id\":\"https:\/\/maylocnuoc2.hoctot.top\/?product=coc-loc#primaryimage\",\"url\":\"https:\/\/maylocnuoc2.hoctot.top\/wp-content\/uploads\/2023\/05\/IMAGE-2.png\",\"contentUrl\":\"https:\/\/maylocnuoc2.hoctot.top\/wp-content\/uploads\/2023\/05\/IMAGE-2.png\",\"width\":210,\"height\":270},{\"@type\":\"BreadcrumbList\",\"@id\":\"https:\/\/maylocnuoc2.hoctot.top\/?product=coc-loc#breadcrumb\",\"itemListElement\":[{\"@type\":\"ListItem\",\"position\":1,\"name\":\"Trang ch\u1ee7\",\"item\":\"https:\/\/maylocnuoc2.hoctot.top\/\"},{\"@type\":\"ListItem\",\"position\":2,\"name\":\"S\u1ea3n ph\u1ea9m\",\"item\":\"https:\/\/maylocnuoc2.hoctot.top\/?page_id=63\"},{\"@type\":\"ListItem\",\"position\":3,\"name\":\"V\u1eadt T\u01b0 X\u1eed L\u00fd N\u01b0\u1edbc\",\"item\":\"https:\/\/maylocnuoc2.hoctot.top\/?product_cat=vat-tu-xu-ly-nuoc\"},{\"@type\":\"ListItem\",\"position\":4,\"name\":\"C\u1ed1c l\u1ecdc inox\"}]},{\"@type\":\"WebSite\",\"@id\":\"https:\/\/maylocnuoc2.hoctot.top\/#website\",\"url\":\"https:\/\/maylocnuoc2.hoctot.top\/\",\"name\":\"H\u1ee3p Nh\u1ea5t\",\"description\":\"\",\"potentialAction\":[{\"@type\":\"SearchAction\",\"target\":{\"@type\":\"EntryPoint\",\"urlTemplate\":\"https:\/\/maylocnuoc2.hoctot.top\/?s={search_term_string}\"},\"query-input\":{\"@type\":\"PropertyValueSpecification\",\"valueRequired\":true,\"valueName\":\"search_term_string\"}}],\"inLanguage\":\"vi\"}]}<\/script>\n<!-- \/ Yoast SEO plugin. -->","yoast_head_json":{"title":"C\u1ed1c l\u1ecdc inox - H\u1ee3p Nh\u1ea5t","robots":{"index":"index","follow":"follow","max-snippet":"max-snippet:-1","max-image-preview":"max-image-preview:large","max-video-preview":"max-video-preview:-1"},"canonical":"https:\/\/maylocnuoc2.hoctot.top\/?product=coc-loc","og_locale":"vi_VN","og_type":"article","og_title":"C\u1ed1c l\u1ecdc inox - H\u1ee3p Nh\u1ea5t","og_description":"C\u1ed1c l\u1ecdc n\u01b0\u1edbc l\u00e0 thi\u1ebft b\u1ecb ch\u1ee9a l\u00f5i l\u1ecdc n\u01b0\u1edbc d\u00f9ng trong c\u00e1c b\u1ed9 l\u1ecdc th\u00f4 \u0111\u1ea7u ngu\u1ed3n, d\u00e2y chuy\u1ec1n s\u1ea3n xu\u1ea5t n\u01b0\u1edbc tinh khi\u1ebft. Ch\u00fang t\u00f4i cung c\u1ea5p c\u00e1c lo\u1ea1i c\u1ed1c l\u1ecdc n\u01b0\u1edbc v\u1edbi nhi\u1ec1u ch\u1ee7ng lo\u1ea1i, m\u1eabu m\u00e3, ch\u1ea5t l\u01b0\u1ee3ng cao v\u1edbi gi\u00e1 c\u1ea1nh tranh nh\u1ea5t th\u1ecb tr\u01b0\u1eddng. V\u1edbi th\u01b0\u01a1ng hi\u1ec7u uy t\u00edn [...]","og_url":"https:\/\/maylocnuoc2.hoctot.top\/?product=coc-loc","og_site_name":"H\u1ee3p Nh\u1ea5t","article_modified_time":"2023-06-11T00:24:32+00:00","og_image":[{"width":210,"height":270,"url":"https:\/\/maylocnuoc2.hoctot.top\/wp-content\/uploads\/2023\/05\/IMAGE-2.png","type":"image\/png"}],"twitter_card":"summary_large_image","twitter_misc":{"\u01af\u1edbc t\u00ednh th\u1eddi gian \u0111\u1ecdc":"2 ph\u00fat"},"schema":{"@context":"https:\/\/schema.org","@graph":[{"@type":"WebPage","@id":"https:\/\/maylocnuoc2.hoctot.top\/?product=coc-loc","url":"https:\/\/maylocnuoc2.hoctot.top\/?product=coc-loc","name":"C\u1ed1c l\u1ecdc inox - H\u1ee3p Nh\u1ea5t","isPartOf":{"@id":"https:\/\/maylocnuoc2.hoctot.top\/#website"},"primaryImageOfPage":{"@id":"https:\/\/maylocnuoc2.hoctot.top\/?product=coc-loc#primaryimage"},"image":{"@id":"https:\/\/maylocnuoc2.hoctot.top\/?product=coc-loc#primaryimage"},"thumbnailUrl":"https:\/\/maylocnuoc2.hoctot.top\/wp-content\/uploads\/2023\/05\/IMAGE-2.png","datePublished":"2023-06-11T00:18:09+00:00","dateModified":"2023-06-11T00:24:32+00:00","breadcrumb":{"@id":"https:\/\/maylocnuoc2.hoctot.top\/?product=coc-loc#breadcrumb"},"inLanguage":"vi","potentialAction":[{"@type":"ReadAction","target":["https:\/\/maylocnuoc2.hoctot.top\/?product=coc-loc"]}]},{"@type":"ImageObject","inLanguage":"vi","@id":"https:\/\/maylocnuoc2.hoctot.top\/?product=coc-loc#primaryimage","url":"https:\/\/maylocnuoc2.hoctot.top\/wp-content\/uploads\/2023\/05\/IMAGE-2.png","contentUrl":"https:\/\/maylocnuoc2.hoctot.top\/wp-content\/uploads\/2023\/05\/IMAGE-2.png","width":210,"height":270},{"@type":"BreadcrumbList","@id":"https:\/\/maylocnuoc2.hoctot.top\/?product=coc-loc#breadcrumb","itemListElement":[{"@type":"ListItem","position":1,"name":"Trang ch\u1ee7","item":"https:\/\/maylocnuoc2.hoctot.top\/"},{"@type":"ListItem","position":2,"name":"S\u1ea3n ph\u1ea9m","item":"https:\/\/maylocnuoc2.hoctot.top\/?page_id=63"},{"@type":"ListItem","position":3,"name":"V\u1eadt T\u01b0 X\u1eed L\u00fd N\u01b0\u1edbc","item":"https:\/\/maylocnuoc2.hoctot.top\/?product_cat=vat-tu-xu-ly-nuoc"},{"@type":"ListItem","position":4,"name":"C\u1ed1c l\u1ecdc inox"}]},{"@type":"WebSite","@id":"https:\/\/maylocnuoc2.hoctot.top\/#website","url":"https:\/\/maylocnuoc2.hoctot.top\/","name":"H\u1ee3p Nh\u1ea5t","description":"","potentialAction":[{"@type":"SearchAction","target":{"@type":"EntryPoint","urlTemplate":"https:\/\/maylocnuoc2.hoctot.top\/?s={search_term_string}"},"query-input":{"@type":"PropertyValueSpecification","valueRequired":true,"valueName":"search_term_string"}}],"inLanguage":"vi"}]}},"_links":{"self":[{"href":"https:\/\/maylocnuoc2.hoctot.top\/index.php?rest_route=\/wp\/v2\/product\/2719","targetHints":{"allow":["GET"]}}],"collection":[{"href":"https:\/\/maylocnuoc2.hoctot.top\/index.php?rest_route=\/wp\/v2\/product"}],"about":[{"href":"https:\/\/maylocnuoc2.hoctot.top\/index.php?rest_route=\/wp\/v2\/types\/product"}],"replies":[{"embeddable":true,"href":"https:\/\/maylocnuoc2.hoctot.top\/index.php?rest_route=%2Fwp%2Fv2%2Fcomments&post=2719"}],"wp:featuredmedia":[{"embeddable":true,"href":"https:\/\/maylocnuoc2.hoctot.top\/index.php?rest_route=\/wp\/v2\/media\/2627"}],"wp:attachment":[{"href":"https:\/\/maylocnuoc2.hoctot.top\/index.php?rest_route=%2Fwp%2Fv2%2Fmedia&parent=2719"}],"wp:term":[{"taxonomy":"product_brand","embeddable":true,"href":"https:\/\/maylocnuoc2.hoctot.top\/index.php?rest_route=%2Fwp%2Fv2%2Fproduct_brand&post=2719"},{"taxonomy":"product_cat","embeddable":true,"href":"https:\/\/maylocnuoc2.hoctot.top\/index.php?rest_route=%2Fwp%2Fv2%2Fproduct_cat&post=2719"},{"taxonomy":"product_tag","embeddable":true,"href":"https:\/\/maylocnuoc2.hoctot.top\/index.php?rest_route=%2Fwp%2Fv2%2Fproduct_tag&post=2719"}],"curies":[{"name":"wp","href":"https:\/\/api.w.org\/{rel}","templated":true}]}}