{"id":2729,"date":"2023-06-11T09:11:29","date_gmt":"2023-06-11T09:11:29","guid":{"rendered":"https:\/\/luan.webrt.net\/hadoco\/?post_type=product&#038;p=2729"},"modified":"2023-06-11T09:11:30","modified_gmt":"2023-06-11T09:11:30","slug":"loi-loc","status":"publish","type":"product","link":"https:\/\/maylocnuoc2.hoctot.top\/?product=loi-loc","title":{"rendered":"L\u00f5i l\u1ecdc"},"content":{"rendered":"<h3><span style=\"color: #0000ff;\"><strong>L\u00f5i l\u1ecdc b\u00f4ng n\u00e9n<\/strong><\/span><\/h3>\n<ul style=\"list-style-type: circle;\">\n<li>C\u00f4ng d\u1ee5ng: L\u00f5i l\u1ecdc b\u00f4ng n\u00e9n l\u1ecdc h\u00f3a ch\u1ea5t, l\u1ecdc ch\u1ea5t l\u1ecfng<\/li>\n<li>\u1ee8ng d\u1ee5ng: C\u00f4ng nghi\u1ec7p m\u1ea1, l\u1ecdc bia, r\u01b0\u1ee3u v\u00e0 n\u01b0\u1edbc gi\u1ea3i kh\u00e1t<\/li>\n<li>\u0110\u1eb7c t\u00ednh k\u1ef9 thu\u1eadt c\u01a1 b\u1ea3n: \u0110\u00e1p \u1ee9ng ti\u00eau chu\u1ea9n FDA<\/li>\n<li>Xu\u1ea5t x\u1ee9: Malaysia<\/li>\n<\/ul>\n<h3><strong><span style=\"color: #0000ff;\">Th\u00f4ng s\u1ed1 k\u1ef9 thu\u1eadt:<\/span><\/strong><\/h3>\n<p><img loading=\"lazy\" decoding=\"async\" class=\"aligncenter size-full wp-image-2731\" src=\"https:\/\/luan.webrt.net\/hadoco\/wp-content\/uploads\/2023\/06\/bang4.png\" alt=\"\" width=\"791\" height=\"356\" srcset=\"https:\/\/maylocnuoc2.hoctot.top\/wp-content\/uploads\/2023\/06\/bang4.png 791w, https:\/\/maylocnuoc2.hoctot.top\/wp-content\/uploads\/2023\/06\/bang4-768x346.png 768w, https:\/\/maylocnuoc2.hoctot.top\/wp-content\/uploads\/2023\/06\/bang4-600x270.png 600w\" sizes=\"auto, (max-width: 791px) 100vw, 791px\" \/><\/p>\n<h3><span style=\"color: #0000ff;\"><strong>Thu\u1eadt ng\u1eef k\u1ef9 thu\u1eadt<\/strong><\/span><\/h3>\n<p><img loading=\"lazy\" decoding=\"async\" class=\"aligncenter size-full wp-image-2732\" src=\"https:\/\/luan.webrt.net\/hadoco\/wp-content\/uploads\/2023\/06\/bang5.png\" alt=\"\" width=\"776\" height=\"403\" srcset=\"https:\/\/maylocnuoc2.hoctot.top\/wp-content\/uploads\/2023\/06\/bang5.png 776w, https:\/\/maylocnuoc2.hoctot.top\/wp-content\/uploads\/2023\/06\/bang5-770x400.png 770w, https:\/\/maylocnuoc2.hoctot.top\/wp-content\/uploads\/2023\/06\/bang5-768x399.png 768w, https:\/\/maylocnuoc2.hoctot.top\/wp-content\/uploads\/2023\/06\/bang5-600x312.png 600w\" sizes=\"auto, (max-width: 776px) 100vw, 776px\" \/><\/p>\n<p><em>V\u00ed d\u1ee5 005 05 DOE = L\u00f5i l\u1ecdc v\u1edbi b\u1ed9 l\u1ecdc 0,5 \u00b5m, chi\u1ec1u d\u00e0i 5 inch v\u1edbi ki\u1ec3u DOE ( 2 \u0111\u1ea7u m\u1edf )\u00a0<\/em><\/p>\n","protected":false},"excerpt":{"rendered":"<p>L\u00f5i l\u1ecdc b\u00f4ng n\u00e9n C\u00f4ng d\u1ee5ng: L\u00f5i l\u1ecdc b\u00f4ng n\u00e9n l\u1ecdc h\u00f3a ch\u1ea5t, l\u1ecdc ch\u1ea5t l\u1ecfng \u1ee8ng d\u1ee5ng: C\u00f4ng nghi\u1ec7p m\u1ea1, l\u1ecdc bia, r\u01b0\u1ee3u v\u00e0 n\u01b0\u1edbc gi\u1ea3i kh\u00e1t \u0110\u1eb7c t\u00ednh k\u1ef9 thu\u1eadt c\u01a1 b\u1ea3n: \u0110\u00e1p \u1ee9ng ti\u00eau chu\u1ea9n FDA Xu\u1ea5t x\u1ee9: Malaysia Th\u00f4ng s\u1ed1 k\u1ef9 thu\u1eadt: Thu\u1eadt ng\u1eef k\u1ef9 thu\u1eadt V\u00ed d\u1ee5 005 05 DOE [&#8230;]\n","protected":false},"featured_media":2730,"comment_status":"open","ping_status":"closed","template":"","meta":[],"product_brand":[],"product_cat":[179,157],"product_tag":[],"class_list":{"0":"post-2729","1":"product","2":"type-product","3":"status-publish","4":"has-post-thumbnail","6":"product_cat-loi-loc-tam-loc","7":"product_cat-vat-tu-xu-ly-nuoc","9":"first","10":"instock","11":"shipping-taxable","12":"product-type-simple"},"yoast_head":"<!-- This site is optimized with the Yoast SEO plugin v24.6 - https:\/\/yoast.com\/wordpress\/plugins\/seo\/ -->\n<title>L\u00f5i l\u1ecdc - H\u1ee3p Nh\u1ea5t<\/title>\n<meta name=\"robots\" content=\"index, follow, max-snippet:-1, max-image-preview:large, max-video-preview:-1\" \/>\n<link rel=\"canonical\" href=\"https:\/\/maylocnuoc2.hoctot.top\/?product=loi-loc\" \/>\n<meta property=\"og:locale\" content=\"vi_VN\" \/>\n<meta property=\"og:type\" content=\"article\" \/>\n<meta property=\"og:title\" content=\"L\u00f5i l\u1ecdc - H\u1ee3p Nh\u1ea5t\" \/>\n<meta property=\"og:description\" content=\"L\u00f5i l\u1ecdc b\u00f4ng n\u00e9n C\u00f4ng d\u1ee5ng: L\u00f5i l\u1ecdc b\u00f4ng n\u00e9n l\u1ecdc h\u00f3a ch\u1ea5t, l\u1ecdc ch\u1ea5t l\u1ecfng \u1ee8ng d\u1ee5ng: C\u00f4ng nghi\u1ec7p m\u1ea1, l\u1ecdc bia, r\u01b0\u1ee3u v\u00e0 n\u01b0\u1edbc gi\u1ea3i kh\u00e1t \u0110\u1eb7c t\u00ednh k\u1ef9 thu\u1eadt c\u01a1 b\u1ea3n: \u0110\u00e1p \u1ee9ng ti\u00eau chu\u1ea9n FDA Xu\u1ea5t x\u1ee9: Malaysia Th\u00f4ng s\u1ed1 k\u1ef9 thu\u1eadt: Thu\u1eadt ng\u1eef k\u1ef9 thu\u1eadt V\u00ed d\u1ee5 005 05 DOE [...]\" \/>\n<meta property=\"og:url\" content=\"https:\/\/maylocnuoc2.hoctot.top\/?product=loi-loc\" \/>\n<meta property=\"og:site_name\" content=\"H\u1ee3p Nh\u1ea5t\" \/>\n<meta property=\"article:modified_time\" content=\"2023-06-11T09:11:30+00:00\" \/>\n<meta property=\"og:image\" content=\"https:\/\/maylocnuoc2.hoctot.top\/wp-content\/uploads\/2023\/06\/LOI-NEN.png\" \/>\n\t<meta property=\"og:image:width\" content=\"1015\" \/>\n\t<meta property=\"og:image:height\" content=\"699\" \/>\n\t<meta property=\"og:image:type\" content=\"image\/png\" \/>\n<meta name=\"twitter:card\" content=\"summary_large_image\" \/>\n<meta name=\"twitter:label1\" content=\"\u01af\u1edbc t\u00ednh th\u1eddi gian \u0111\u1ecdc\" \/>\n\t<meta name=\"twitter:data1\" content=\"1 ph\u00fat\" \/>\n<script type=\"application\/ld+json\" class=\"yoast-schema-graph\">{\"@context\":\"https:\/\/schema.org\",\"@graph\":[{\"@type\":\"WebPage\",\"@id\":\"https:\/\/maylocnuoc2.hoctot.top\/?product=loi-loc\",\"url\":\"https:\/\/maylocnuoc2.hoctot.top\/?product=loi-loc\",\"name\":\"L\u00f5i l\u1ecdc - H\u1ee3p Nh\u1ea5t\",\"isPartOf\":{\"@id\":\"https:\/\/maylocnuoc2.hoctot.top\/#website\"},\"primaryImageOfPage\":{\"@id\":\"https:\/\/maylocnuoc2.hoctot.top\/?product=loi-loc#primaryimage\"},\"image\":{\"@id\":\"https:\/\/maylocnuoc2.hoctot.top\/?product=loi-loc#primaryimage\"},\"thumbnailUrl\":\"https:\/\/maylocnuoc2.hoctot.top\/wp-content\/uploads\/2023\/06\/LOI-NEN.png\",\"datePublished\":\"2023-06-11T09:11:29+00:00\",\"dateModified\":\"2023-06-11T09:11:30+00:00\",\"breadcrumb\":{\"@id\":\"https:\/\/maylocnuoc2.hoctot.top\/?product=loi-loc#breadcrumb\"},\"inLanguage\":\"vi\",\"potentialAction\":[{\"@type\":\"ReadAction\",\"target\":[\"https:\/\/maylocnuoc2.hoctot.top\/?product=loi-loc\"]}]},{\"@type\":\"ImageObject\",\"inLanguage\":\"vi\",\"@id\":\"https:\/\/maylocnuoc2.hoctot.top\/?product=loi-loc#primaryimage\",\"url\":\"https:\/\/maylocnuoc2.hoctot.top\/wp-content\/uploads\/2023\/06\/LOI-NEN.png\",\"contentUrl\":\"https:\/\/maylocnuoc2.hoctot.top\/wp-content\/uploads\/2023\/06\/LOI-NEN.png\",\"width\":1015,\"height\":699},{\"@type\":\"BreadcrumbList\",\"@id\":\"https:\/\/maylocnuoc2.hoctot.top\/?product=loi-loc#breadcrumb\",\"itemListElement\":[{\"@type\":\"ListItem\",\"position\":1,\"name\":\"Trang ch\u1ee7\",\"item\":\"https:\/\/maylocnuoc2.hoctot.top\/\"},{\"@type\":\"ListItem\",\"position\":2,\"name\":\"S\u1ea3n ph\u1ea9m\",\"item\":\"https:\/\/maylocnuoc2.hoctot.top\/?page_id=63\"},{\"@type\":\"ListItem\",\"position\":3,\"name\":\"V\u1eadt T\u01b0 X\u1eed L\u00fd N\u01b0\u1edbc\",\"item\":\"https:\/\/maylocnuoc2.hoctot.top\/?product_cat=vat-tu-xu-ly-nuoc\"},{\"@type\":\"ListItem\",\"position\":4,\"name\":\"Lo\u0303i lo\u0323c\/ T\u00e2\u0301m lo\u0323c\",\"item\":\"https:\/\/maylocnuoc2.hoctot.top\/?product_cat=loi-loc-tam-loc\"},{\"@type\":\"ListItem\",\"position\":5,\"name\":\"L\u00f5i l\u1ecdc\"}]},{\"@type\":\"WebSite\",\"@id\":\"https:\/\/maylocnuoc2.hoctot.top\/#website\",\"url\":\"https:\/\/maylocnuoc2.hoctot.top\/\",\"name\":\"H\u1ee3p Nh\u1ea5t\",\"description\":\"\",\"potentialAction\":[{\"@type\":\"SearchAction\",\"target\":{\"@type\":\"EntryPoint\",\"urlTemplate\":\"https:\/\/maylocnuoc2.hoctot.top\/?s={search_term_string}\"},\"query-input\":{\"@type\":\"PropertyValueSpecification\",\"valueRequired\":true,\"valueName\":\"search_term_string\"}}],\"inLanguage\":\"vi\"}]}<\/script>\n<!-- \/ Yoast SEO plugin. -->","yoast_head_json":{"title":"L\u00f5i l\u1ecdc - H\u1ee3p Nh\u1ea5t","robots":{"index":"index","follow":"follow","max-snippet":"max-snippet:-1","max-image-preview":"max-image-preview:large","max-video-preview":"max-video-preview:-1"},"canonical":"https:\/\/maylocnuoc2.hoctot.top\/?product=loi-loc","og_locale":"vi_VN","og_type":"article","og_title":"L\u00f5i l\u1ecdc - H\u1ee3p Nh\u1ea5t","og_description":"L\u00f5i l\u1ecdc b\u00f4ng n\u00e9n C\u00f4ng d\u1ee5ng: L\u00f5i l\u1ecdc b\u00f4ng n\u00e9n l\u1ecdc h\u00f3a ch\u1ea5t, l\u1ecdc ch\u1ea5t l\u1ecfng \u1ee8ng d\u1ee5ng: C\u00f4ng nghi\u1ec7p m\u1ea1, l\u1ecdc bia, r\u01b0\u1ee3u v\u00e0 n\u01b0\u1edbc gi\u1ea3i kh\u00e1t \u0110\u1eb7c t\u00ednh k\u1ef9 thu\u1eadt c\u01a1 b\u1ea3n: \u0110\u00e1p \u1ee9ng ti\u00eau chu\u1ea9n FDA Xu\u1ea5t x\u1ee9: Malaysia Th\u00f4ng s\u1ed1 k\u1ef9 thu\u1eadt: Thu\u1eadt ng\u1eef k\u1ef9 thu\u1eadt V\u00ed d\u1ee5 005 05 DOE [...]","og_url":"https:\/\/maylocnuoc2.hoctot.top\/?product=loi-loc","og_site_name":"H\u1ee3p Nh\u1ea5t","article_modified_time":"2023-06-11T09:11:30+00:00","og_image":[{"width":1015,"height":699,"url":"https:\/\/maylocnuoc2.hoctot.top\/wp-content\/uploads\/2023\/06\/LOI-NEN.png","type":"image\/png"}],"twitter_card":"summary_large_image","twitter_misc":{"\u01af\u1edbc t\u00ednh th\u1eddi gian \u0111\u1ecdc":"1 ph\u00fat"},"schema":{"@context":"https:\/\/schema.org","@graph":[{"@type":"WebPage","@id":"https:\/\/maylocnuoc2.hoctot.top\/?product=loi-loc","url":"https:\/\/maylocnuoc2.hoctot.top\/?product=loi-loc","name":"L\u00f5i l\u1ecdc - H\u1ee3p Nh\u1ea5t","isPartOf":{"@id":"https:\/\/maylocnuoc2.hoctot.top\/#website"},"primaryImageOfPage":{"@id":"https:\/\/maylocnuoc2.hoctot.top\/?product=loi-loc#primaryimage"},"image":{"@id":"https:\/\/maylocnuoc2.hoctot.top\/?product=loi-loc#primaryimage"},"thumbnailUrl":"https:\/\/maylocnuoc2.hoctot.top\/wp-content\/uploads\/2023\/06\/LOI-NEN.png","datePublished":"2023-06-11T09:11:29+00:00","dateModified":"2023-06-11T09:11:30+00:00","breadcrumb":{"@id":"https:\/\/maylocnuoc2.hoctot.top\/?product=loi-loc#breadcrumb"},"inLanguage":"vi","potentialAction":[{"@type":"ReadAction","target":["https:\/\/maylocnuoc2.hoctot.top\/?product=loi-loc"]}]},{"@type":"ImageObject","inLanguage":"vi","@id":"https:\/\/maylocnuoc2.hoctot.top\/?product=loi-loc#primaryimage","url":"https:\/\/maylocnuoc2.hoctot.top\/wp-content\/uploads\/2023\/06\/LOI-NEN.png","contentUrl":"https:\/\/maylocnuoc2.hoctot.top\/wp-content\/uploads\/2023\/06\/LOI-NEN.png","width":1015,"height":699},{"@type":"BreadcrumbList","@id":"https:\/\/maylocnuoc2.hoctot.top\/?product=loi-loc#breadcrumb","itemListElement":[{"@type":"ListItem","position":1,"name":"Trang ch\u1ee7","item":"https:\/\/maylocnuoc2.hoctot.top\/"},{"@type":"ListItem","position":2,"name":"S\u1ea3n ph\u1ea9m","item":"https:\/\/maylocnuoc2.hoctot.top\/?page_id=63"},{"@type":"ListItem","position":3,"name":"V\u1eadt T\u01b0 X\u1eed L\u00fd N\u01b0\u1edbc","item":"https:\/\/maylocnuoc2.hoctot.top\/?product_cat=vat-tu-xu-ly-nuoc"},{"@type":"ListItem","position":4,"name":"Lo\u0303i lo\u0323c\/ T\u00e2\u0301m lo\u0323c","item":"https:\/\/maylocnuoc2.hoctot.top\/?product_cat=loi-loc-tam-loc"},{"@type":"ListItem","position":5,"name":"L\u00f5i l\u1ecdc"}]},{"@type":"WebSite","@id":"https:\/\/maylocnuoc2.hoctot.top\/#website","url":"https:\/\/maylocnuoc2.hoctot.top\/","name":"H\u1ee3p Nh\u1ea5t","description":"","potentialAction":[{"@type":"SearchAction","target":{"@type":"EntryPoint","urlTemplate":"https:\/\/maylocnuoc2.hoctot.top\/?s={search_term_string}"},"query-input":{"@type":"PropertyValueSpecification","valueRequired":true,"valueName":"search_term_string"}}],"inLanguage":"vi"}]}},"_links":{"self":[{"href":"https:\/\/maylocnuoc2.hoctot.top\/index.php?rest_route=\/wp\/v2\/product\/2729","targetHints":{"allow":["GET"]}}],"collection":[{"href":"https:\/\/maylocnuoc2.hoctot.top\/index.php?rest_route=\/wp\/v2\/product"}],"about":[{"href":"https:\/\/maylocnuoc2.hoctot.top\/index.php?rest_route=\/wp\/v2\/types\/product"}],"replies":[{"embeddable":true,"href":"https:\/\/maylocnuoc2.hoctot.top\/index.php?rest_route=%2Fwp%2Fv2%2Fcomments&post=2729"}],"wp:featuredmedia":[{"embeddable":true,"href":"https:\/\/maylocnuoc2.hoctot.top\/index.php?rest_route=\/wp\/v2\/media\/2730"}],"wp:attachment":[{"href":"https:\/\/maylocnuoc2.hoctot.top\/index.php?rest_route=%2Fwp%2Fv2%2Fmedia&parent=2729"}],"wp:term":[{"taxonomy":"product_brand","embeddable":true,"href":"https:\/\/maylocnuoc2.hoctot.top\/index.php?rest_route=%2Fwp%2Fv2%2Fproduct_brand&post=2729"},{"taxonomy":"product_cat","embeddable":true,"href":"https:\/\/maylocnuoc2.hoctot.top\/index.php?rest_route=%2Fwp%2Fv2%2Fproduct_cat&post=2729"},{"taxonomy":"product_tag","embeddable":true,"href":"https:\/\/maylocnuoc2.hoctot.top\/index.php?rest_route=%2Fwp%2Fv2%2Fproduct_tag&post=2729"}],"curies":[{"name":"wp","href":"https:\/\/api.w.org\/{rel}","templated":true}]}}