{"id":2737,"date":"2023-06-11T09:21:59","date_gmt":"2023-06-11T09:21:59","guid":{"rendered":"https:\/\/luan.webrt.net\/hadoco\/?post_type=product&#038;p=2737"},"modified":"2023-06-11T09:22:32","modified_gmt":"2023-06-11T09:22:32","slug":"dong-ho-do-ap-luc-nuoc","status":"publish","type":"product","link":"https:\/\/maylocnuoc2.hoctot.top\/?product=dong-ho-do-ap-luc-nuoc","title":{"rendered":"\u0110\u1ed2NG H\u1ed2 \u0110O \u00c1P L\u1ef0C N\u01af\u1edaC"},"content":{"rendered":"<p style=\"text-align: justify;\">\u0110\u1ed3ng h\u1ed3 \u0111o \u00e1p l\u1ef1c n\u01b0\u1edbc th\u01b0\u1eddng \u0111\u01b0\u1ee3c s\u1eed d\u1ee5ng trong c\u00f4ng nghi\u1ec7p, c\u00e1c b\u1ed3n ch\u1ee9a ch\u1ea5t l\u1ecfng l\u1edbn \u0111\u1ec3 ng\u01b0\u1eddi s\u1eed d\u1ee5ng c\u00f3 th\u1ec3 ki\u1ec3m tra \u0111\u1ec3 tr\u00e1nh vi\u1ec7c r\u0169i ro v\u1ee1 \u1ed1ng nghi\u00eam tr\u1ecdng h\u01a1n l\u00e0 v\u1ee1 b\u1ed3n ch\u1ee9a.<\/p>\n<p style=\"text-align: justify;\">\u0110\u1ed3ng h\u1ed3 \u0111o \u00e1p l\u1ef1c n\u01b0\u1edbc l\u00e0m vi\u1ec7c ho\u00e0n to\u00e0n t\u1ef1 \u0111\u1ed9ng, \u0111\u1ea3m b\u1ea3o \u00e1p l\u1ef1c n\u01b0\u1edbc trong to\u00e0n b\u1ed9 h\u1ec7 th\u1ed1ng v\u1eeba \u0111\u1ee7, kh\u00f4ng qu\u00e1 t\u1ea3i v\u1edbi b\u1ea5t k\u1ef3 thi\u1ebft b\u1ecb n\u00e0o, t\u1eeb \u0111\u00f3 mang l\u1ea1i s\u1ef1 an to\u00e0n cho h\u1ec7 th\u1ed1ng.<\/p>\n<p><img loading=\"lazy\" decoding=\"async\" class=\"aligncenter size-full wp-image-2738\" src=\"https:\/\/luan.webrt.net\/hadoco\/wp-content\/uploads\/2023\/06\/4.webp\" alt=\"\" width=\"720\" height=\"960\" srcset=\"https:\/\/maylocnuoc2.hoctot.top\/wp-content\/uploads\/2023\/06\/4.webp 720w, https:\/\/maylocnuoc2.hoctot.top\/wp-content\/uploads\/2023\/06\/4-300x400.webp 300w, https:\/\/maylocnuoc2.hoctot.top\/wp-content\/uploads\/2023\/06\/4-600x800.webp 600w\" sizes=\"auto, (max-width: 720px) 100vw, 720px\" \/><\/p>\n<p style=\"text-align: justify;\">\u0110\u1ed3ng h\u1ed3 \u0111o \u00e1p l\u1ef1c n\u01b0\u1edbc l\u00e0m vi\u1ec7c ho\u00e0n to\u00e0n t\u1ef1 \u0111\u1ed9ng, \u0111\u1ea3m b\u1ea3o \u00e1p l\u1ef1c n\u01b0\u1edbc trong to\u00e0n b\u1ed9 h\u1ec7 th\u1ed1ng v\u1eeba \u0111\u1ee7, kh\u00f4ng qu\u00e1 t\u1ea3i v\u1edbi b\u1ea5t k\u1ef3 thi\u1ebft b\u1ecb n\u00e0o, t\u1eeb \u0111\u00f3 mang l\u1ea1i s\u1ef1 an to\u00e0n cho h\u1ec7 th\u1ed1ng.<\/p>\n<p style=\"text-align: justify;\">\u0110\u1ed3ng h\u1ed3 \u0111\u01b0\u1ee3c thi\u1ebft k\u1ebf ch\u1eafc ch\u1eafn v\u1edbi v\u1ecf l\u00e0m b\u1eb1ng th\u00e9p m\u1ea1 ho\u1eb7c b\u1eb1ng nh\u1ef1a ABS ch\u1ed1ng hoen r\u1ec9, b\u00ean trong c\u00f3 ch\u1ee9a m\u1ed9t l\u1edbp d\u1ea7u nh\u1eb1m m\u1ee5c \u0111\u00edch b\u1ea3o v\u1ec7 kim ch\u1ec9 kh\u00f4ng b\u1ecb oxy h\u00f3a d\u1eabn \u0111\u1ebfn h\u1ecfng h\u00f3c. Adoco ph\u00e2n ph\u1ed1i \u0111\u1ed3ng h\u1ed3 \u0111o \u00e1p l\u1ef1c n\u01b0\u1edbc v\u1edbi ch\u1ea5t l\u01b0\u1ee3ng t\u1ed1t nh\u1ea5t v\u00e0 gi\u00e1 th\u00e0nh r\u1ebb nh\u1ea5t tr\u00ean th\u1ecb tr\u01b0\u1eddng. \u0110\u1ed3ng h\u1ed3 \u0111o \u00e1p l\u1ef1c n\u01b0\u1edbc \u0111\u01b0\u1ee3c \u00e1p d\u1ee5ng trong r\u1ea5t nhi\u1ec1u h\u1ec7 th\u1ed1ng kh\u00e1c nhau, t\u1eeb c\u00e1c h\u1ec7 th\u1ed1ng nh\u1ecf nh\u01b0 c\u00e1c m\u00e1y l\u1ecdc n\u01b0\u1edbc gia \u0111\u00ecnh, \u0111\u1ebfn c\u00e1c h\u1ec7 th\u1ed1ng x\u1eed l\u00fd n\u01b0\u1edbc l\u1edbn \u0111\u1ec1u c\u1ea7n, v\u00e0 c\u00f3 th\u1ec3 s\u1eed d\u1ee5ng \u0111\u1ed3ng h\u1ed3 \u0111o \u00e1p l\u1ef1c m\u1ed9t c\u00e1ch hi\u1ec7u qu\u1ea3.<\/p>\n<p><em><span style=\"font-size: 17px;\"><strong>\u0110\u1ec3 bi\u1ebft th\u00eam th\u00f4ng tin chi ti\u1ebft, vui l\u00f2ng li\u00ean h\u1ec7 hotline:<a href=\"tel: 0988.971.636\"> 0988.971.636<\/a> &#8211; <a href=\"tel:0989.645.389\">0989.645.389<\/a><\/strong><\/span><\/em><\/p>\n","protected":false},"excerpt":{"rendered":"<p style=\"text-align: justify;\">\u0110\u1ed3ng h\u1ed3 \u0111o \u00e1p l\u1ef1c n\u01b0\u1edbc th\u01b0\u1eddng \u0111\u01b0\u1ee3c s\u1eed d\u1ee5ng trong c\u00f4ng nghi\u1ec7p, c\u00e1c b\u1ed3n ch\u1ee9a ch\u1ea5t l\u1ecfng l\u1edbn \u0111\u1ec3 ng\u01b0\u1eddi s\u1eed d\u1ee5ng c\u00f3 th\u1ec3 ki\u1ec3m tra \u0111\u1ec3 tr\u00e1nh vi\u1ec7c r\u0169i ro v\u1ee1 \u1ed1ng nghi\u00eam tr\u1ecdng h\u01a1n l\u00e0 v\u1ee1 b\u1ed3n ch\u1ee9a.<\/p>\n<p style=\"text-align: justify;\">\u0110\u1ed3ng h\u1ed3 \u0111o \u00e1p l\u1ef1c n\u01b0\u1edbc l\u00e0m vi\u1ec7c ho\u00e0n to\u00e0n t\u1ef1 \u0111\u1ed9ng, \u0111\u1ea3m b\u1ea3o \u00e1p l\u1ef1c n\u01b0\u1edbc trong to\u00e0n b\u1ed9 h\u1ec7 th\u1ed1ng v\u1eeba \u0111\u1ee7, kh\u00f4ng qu\u00e1 t\u1ea3i v\u1edbi b\u1ea5t k\u1ef3 thi\u1ebft b\u1ecb n\u00e0o, t\u1eeb \u0111\u00f3 mang l\u1ea1i s\u1ef1 an to\u00e0n cho h\u1ec7 th\u1ed1ng<\/p>\n","protected":false},"featured_media":2738,"comment_status":"open","ping_status":"closed","template":"","meta":[],"product_brand":[],"product_cat":[195,157],"product_tag":[],"class_list":{"0":"post-2737","1":"product","2":"type-product","3":"status-publish","4":"has-post-thumbnail","6":"product_cat-dong-ho-ap-suat-luu-luong-ke","7":"product_cat-vat-tu-xu-ly-nuoc","9":"first","10":"instock","11":"shipping-taxable","12":"product-type-simple"},"yoast_head":"<!-- This site is optimized with the Yoast SEO plugin v24.6 - https:\/\/yoast.com\/wordpress\/plugins\/seo\/ -->\n<title>\u0110\u1ed2NG H\u1ed2 \u0110O \u00c1P L\u1ef0C N\u01af\u1edaC - H\u1ee3p Nh\u1ea5t<\/title>\n<meta name=\"robots\" content=\"index, follow, max-snippet:-1, max-image-preview:large, max-video-preview:-1\" \/>\n<link rel=\"canonical\" href=\"https:\/\/maylocnuoc2.hoctot.top\/?product=dong-ho-do-ap-luc-nuoc\" \/>\n<meta property=\"og:locale\" content=\"vi_VN\" \/>\n<meta property=\"og:type\" content=\"article\" \/>\n<meta property=\"og:title\" content=\"\u0110\u1ed2NG H\u1ed2 \u0110O \u00c1P L\u1ef0C N\u01af\u1edaC - H\u1ee3p Nh\u1ea5t\" \/>\n<meta property=\"og:description\" content=\"\u0110\u1ed3ng h\u1ed3 \u0111o \u00e1p l\u1ef1c n\u01b0\u1edbc th\u01b0\u1eddng \u0111\u01b0\u1ee3c s\u1eed d\u1ee5ng trong c\u00f4ng nghi\u1ec7p, c\u00e1c b\u1ed3n ch\u1ee9a ch\u1ea5t l\u1ecfng l\u1edbn \u0111\u1ec3 ng\u01b0\u1eddi s\u1eed d\u1ee5ng c\u00f3 th\u1ec3 ki\u1ec3m tra \u0111\u1ec3 tr\u00e1nh vi\u1ec7c r\u0169i ro v\u1ee1 \u1ed1ng nghi\u00eam tr\u1ecdng h\u01a1n l\u00e0 v\u1ee1 b\u1ed3n ch\u1ee9a. \u0110\u1ed3ng h\u1ed3 \u0111o \u00e1p l\u1ef1c n\u01b0\u1edbc l\u00e0m vi\u1ec7c ho\u00e0n to\u00e0n t\u1ef1 \u0111\u1ed9ng, \u0111\u1ea3m b\u1ea3o \u00e1p l\u1ef1c n\u01b0\u1edbc trong to\u00e0n b\u1ed9 h\u1ec7 th\u1ed1ng v\u1eeba \u0111\u1ee7, kh\u00f4ng qu\u00e1 t\u1ea3i v\u1edbi b\u1ea5t k\u1ef3 thi\u1ebft b\u1ecb n\u00e0o, t\u1eeb \u0111\u00f3 mang l\u1ea1i s\u1ef1 an to\u00e0n cho h\u1ec7 th\u1ed1ng\" \/>\n<meta property=\"og:url\" content=\"https:\/\/maylocnuoc2.hoctot.top\/?product=dong-ho-do-ap-luc-nuoc\" \/>\n<meta property=\"og:site_name\" content=\"H\u1ee3p Nh\u1ea5t\" \/>\n<meta property=\"article:modified_time\" content=\"2023-06-11T09:22:32+00:00\" \/>\n<meta property=\"og:image\" content=\"https:\/\/maylocnuoc2.hoctot.top\/wp-content\/uploads\/2023\/06\/4.webp\" \/>\n\t<meta property=\"og:image:width\" content=\"720\" \/>\n\t<meta property=\"og:image:height\" content=\"960\" \/>\n\t<meta property=\"og:image:type\" content=\"image\/webp\" \/>\n<meta name=\"twitter:card\" content=\"summary_large_image\" \/>\n<meta name=\"twitter:label1\" content=\"\u01af\u1edbc t\u00ednh th\u1eddi gian \u0111\u1ecdc\" \/>\n\t<meta name=\"twitter:data1\" content=\"2 ph\u00fat\" \/>\n<script type=\"application\/ld+json\" class=\"yoast-schema-graph\">{\"@context\":\"https:\/\/schema.org\",\"@graph\":[{\"@type\":\"WebPage\",\"@id\":\"https:\/\/maylocnuoc2.hoctot.top\/?product=dong-ho-do-ap-luc-nuoc\",\"url\":\"https:\/\/maylocnuoc2.hoctot.top\/?product=dong-ho-do-ap-luc-nuoc\",\"name\":\"\u0110\u1ed2NG H\u1ed2 \u0110O \u00c1P L\u1ef0C N\u01af\u1edaC - H\u1ee3p Nh\u1ea5t\",\"isPartOf\":{\"@id\":\"https:\/\/maylocnuoc2.hoctot.top\/#website\"},\"primaryImageOfPage\":{\"@id\":\"https:\/\/maylocnuoc2.hoctot.top\/?product=dong-ho-do-ap-luc-nuoc#primaryimage\"},\"image\":{\"@id\":\"https:\/\/maylocnuoc2.hoctot.top\/?product=dong-ho-do-ap-luc-nuoc#primaryimage\"},\"thumbnailUrl\":\"https:\/\/maylocnuoc2.hoctot.top\/wp-content\/uploads\/2023\/06\/4.webp\",\"datePublished\":\"2023-06-11T09:21:59+00:00\",\"dateModified\":\"2023-06-11T09:22:32+00:00\",\"breadcrumb\":{\"@id\":\"https:\/\/maylocnuoc2.hoctot.top\/?product=dong-ho-do-ap-luc-nuoc#breadcrumb\"},\"inLanguage\":\"vi\",\"potentialAction\":[{\"@type\":\"ReadAction\",\"target\":[\"https:\/\/maylocnuoc2.hoctot.top\/?product=dong-ho-do-ap-luc-nuoc\"]}]},{\"@type\":\"ImageObject\",\"inLanguage\":\"vi\",\"@id\":\"https:\/\/maylocnuoc2.hoctot.top\/?product=dong-ho-do-ap-luc-nuoc#primaryimage\",\"url\":\"https:\/\/maylocnuoc2.hoctot.top\/wp-content\/uploads\/2023\/06\/4.webp\",\"contentUrl\":\"https:\/\/maylocnuoc2.hoctot.top\/wp-content\/uploads\/2023\/06\/4.webp\",\"width\":720,\"height\":960},{\"@type\":\"BreadcrumbList\",\"@id\":\"https:\/\/maylocnuoc2.hoctot.top\/?product=dong-ho-do-ap-luc-nuoc#breadcrumb\",\"itemListElement\":[{\"@type\":\"ListItem\",\"position\":1,\"name\":\"Trang ch\u1ee7\",\"item\":\"https:\/\/maylocnuoc2.hoctot.top\/\"},{\"@type\":\"ListItem\",\"position\":2,\"name\":\"S\u1ea3n ph\u1ea9m\",\"item\":\"https:\/\/maylocnuoc2.hoctot.top\/?page_id=63\"},{\"@type\":\"ListItem\",\"position\":3,\"name\":\"V\u1eadt T\u01b0 X\u1eed L\u00fd N\u01b0\u1edbc\",\"item\":\"https:\/\/maylocnuoc2.hoctot.top\/?product_cat=vat-tu-xu-ly-nuoc\"},{\"@type\":\"ListItem\",\"position\":4,\"name\":\"\u0110\u1ed2NG H\u1ed2 \u0110O \u00c1P L\u1ef0C N\u01af\u1edaC\"}]},{\"@type\":\"WebSite\",\"@id\":\"https:\/\/maylocnuoc2.hoctot.top\/#website\",\"url\":\"https:\/\/maylocnuoc2.hoctot.top\/\",\"name\":\"H\u1ee3p Nh\u1ea5t\",\"description\":\"\",\"potentialAction\":[{\"@type\":\"SearchAction\",\"target\":{\"@type\":\"EntryPoint\",\"urlTemplate\":\"https:\/\/maylocnuoc2.hoctot.top\/?s={search_term_string}\"},\"query-input\":{\"@type\":\"PropertyValueSpecification\",\"valueRequired\":true,\"valueName\":\"search_term_string\"}}],\"inLanguage\":\"vi\"}]}<\/script>\n<!-- \/ Yoast SEO plugin. -->","yoast_head_json":{"title":"\u0110\u1ed2NG H\u1ed2 \u0110O \u00c1P L\u1ef0C N\u01af\u1edaC - H\u1ee3p Nh\u1ea5t","robots":{"index":"index","follow":"follow","max-snippet":"max-snippet:-1","max-image-preview":"max-image-preview:large","max-video-preview":"max-video-preview:-1"},"canonical":"https:\/\/maylocnuoc2.hoctot.top\/?product=dong-ho-do-ap-luc-nuoc","og_locale":"vi_VN","og_type":"article","og_title":"\u0110\u1ed2NG H\u1ed2 \u0110O \u00c1P L\u1ef0C N\u01af\u1edaC - H\u1ee3p Nh\u1ea5t","og_description":"\u0110\u1ed3ng h\u1ed3 \u0111o \u00e1p l\u1ef1c n\u01b0\u1edbc th\u01b0\u1eddng \u0111\u01b0\u1ee3c s\u1eed d\u1ee5ng trong c\u00f4ng nghi\u1ec7p, c\u00e1c b\u1ed3n ch\u1ee9a ch\u1ea5t l\u1ecfng l\u1edbn \u0111\u1ec3 ng\u01b0\u1eddi s\u1eed d\u1ee5ng c\u00f3 th\u1ec3 ki\u1ec3m tra \u0111\u1ec3 tr\u00e1nh vi\u1ec7c r\u0169i ro v\u1ee1 \u1ed1ng nghi\u00eam tr\u1ecdng h\u01a1n l\u00e0 v\u1ee1 b\u1ed3n ch\u1ee9a. \u0110\u1ed3ng h\u1ed3 \u0111o \u00e1p l\u1ef1c n\u01b0\u1edbc l\u00e0m vi\u1ec7c ho\u00e0n to\u00e0n t\u1ef1 \u0111\u1ed9ng, \u0111\u1ea3m b\u1ea3o \u00e1p l\u1ef1c n\u01b0\u1edbc trong to\u00e0n b\u1ed9 h\u1ec7 th\u1ed1ng v\u1eeba \u0111\u1ee7, kh\u00f4ng qu\u00e1 t\u1ea3i v\u1edbi b\u1ea5t k\u1ef3 thi\u1ebft b\u1ecb n\u00e0o, t\u1eeb \u0111\u00f3 mang l\u1ea1i s\u1ef1 an to\u00e0n cho h\u1ec7 th\u1ed1ng","og_url":"https:\/\/maylocnuoc2.hoctot.top\/?product=dong-ho-do-ap-luc-nuoc","og_site_name":"H\u1ee3p Nh\u1ea5t","article_modified_time":"2023-06-11T09:22:32+00:00","og_image":[{"width":720,"height":960,"url":"https:\/\/maylocnuoc2.hoctot.top\/wp-content\/uploads\/2023\/06\/4.webp","type":"image\/webp"}],"twitter_card":"summary_large_image","twitter_misc":{"\u01af\u1edbc t\u00ednh th\u1eddi gian \u0111\u1ecdc":"2 ph\u00fat"},"schema":{"@context":"https:\/\/schema.org","@graph":[{"@type":"WebPage","@id":"https:\/\/maylocnuoc2.hoctot.top\/?product=dong-ho-do-ap-luc-nuoc","url":"https:\/\/maylocnuoc2.hoctot.top\/?product=dong-ho-do-ap-luc-nuoc","name":"\u0110\u1ed2NG H\u1ed2 \u0110O \u00c1P L\u1ef0C N\u01af\u1edaC - H\u1ee3p Nh\u1ea5t","isPartOf":{"@id":"https:\/\/maylocnuoc2.hoctot.top\/#website"},"primaryImageOfPage":{"@id":"https:\/\/maylocnuoc2.hoctot.top\/?product=dong-ho-do-ap-luc-nuoc#primaryimage"},"image":{"@id":"https:\/\/maylocnuoc2.hoctot.top\/?product=dong-ho-do-ap-luc-nuoc#primaryimage"},"thumbnailUrl":"https:\/\/maylocnuoc2.hoctot.top\/wp-content\/uploads\/2023\/06\/4.webp","datePublished":"2023-06-11T09:21:59+00:00","dateModified":"2023-06-11T09:22:32+00:00","breadcrumb":{"@id":"https:\/\/maylocnuoc2.hoctot.top\/?product=dong-ho-do-ap-luc-nuoc#breadcrumb"},"inLanguage":"vi","potentialAction":[{"@type":"ReadAction","target":["https:\/\/maylocnuoc2.hoctot.top\/?product=dong-ho-do-ap-luc-nuoc"]}]},{"@type":"ImageObject","inLanguage":"vi","@id":"https:\/\/maylocnuoc2.hoctot.top\/?product=dong-ho-do-ap-luc-nuoc#primaryimage","url":"https:\/\/maylocnuoc2.hoctot.top\/wp-content\/uploads\/2023\/06\/4.webp","contentUrl":"https:\/\/maylocnuoc2.hoctot.top\/wp-content\/uploads\/2023\/06\/4.webp","width":720,"height":960},{"@type":"BreadcrumbList","@id":"https:\/\/maylocnuoc2.hoctot.top\/?product=dong-ho-do-ap-luc-nuoc#breadcrumb","itemListElement":[{"@type":"ListItem","position":1,"name":"Trang ch\u1ee7","item":"https:\/\/maylocnuoc2.hoctot.top\/"},{"@type":"ListItem","position":2,"name":"S\u1ea3n ph\u1ea9m","item":"https:\/\/maylocnuoc2.hoctot.top\/?page_id=63"},{"@type":"ListItem","position":3,"name":"V\u1eadt T\u01b0 X\u1eed L\u00fd N\u01b0\u1edbc","item":"https:\/\/maylocnuoc2.hoctot.top\/?product_cat=vat-tu-xu-ly-nuoc"},{"@type":"ListItem","position":4,"name":"\u0110\u1ed2NG H\u1ed2 \u0110O \u00c1P L\u1ef0C N\u01af\u1edaC"}]},{"@type":"WebSite","@id":"https:\/\/maylocnuoc2.hoctot.top\/#website","url":"https:\/\/maylocnuoc2.hoctot.top\/","name":"H\u1ee3p Nh\u1ea5t","description":"","potentialAction":[{"@type":"SearchAction","target":{"@type":"EntryPoint","urlTemplate":"https:\/\/maylocnuoc2.hoctot.top\/?s={search_term_string}"},"query-input":{"@type":"PropertyValueSpecification","valueRequired":true,"valueName":"search_term_string"}}],"inLanguage":"vi"}]}},"_links":{"self":[{"href":"https:\/\/maylocnuoc2.hoctot.top\/index.php?rest_route=\/wp\/v2\/product\/2737","targetHints":{"allow":["GET"]}}],"collection":[{"href":"https:\/\/maylocnuoc2.hoctot.top\/index.php?rest_route=\/wp\/v2\/product"}],"about":[{"href":"https:\/\/maylocnuoc2.hoctot.top\/index.php?rest_route=\/wp\/v2\/types\/product"}],"replies":[{"embeddable":true,"href":"https:\/\/maylocnuoc2.hoctot.top\/index.php?rest_route=%2Fwp%2Fv2%2Fcomments&post=2737"}],"wp:featuredmedia":[{"embeddable":true,"href":"https:\/\/maylocnuoc2.hoctot.top\/index.php?rest_route=\/wp\/v2\/media\/2738"}],"wp:attachment":[{"href":"https:\/\/maylocnuoc2.hoctot.top\/index.php?rest_route=%2Fwp%2Fv2%2Fmedia&parent=2737"}],"wp:term":[{"taxonomy":"product_brand","embeddable":true,"href":"https:\/\/maylocnuoc2.hoctot.top\/index.php?rest_route=%2Fwp%2Fv2%2Fproduct_brand&post=2737"},{"taxonomy":"product_cat","embeddable":true,"href":"https:\/\/maylocnuoc2.hoctot.top\/index.php?rest_route=%2Fwp%2Fv2%2Fproduct_cat&post=2737"},{"taxonomy":"product_tag","embeddable":true,"href":"https:\/\/maylocnuoc2.hoctot.top\/index.php?rest_route=%2Fwp%2Fv2%2Fproduct_tag&post=2737"}],"curies":[{"name":"wp","href":"https:\/\/api.w.org\/{rel}","templated":true}]}}