{"id":2739,"date":"2023-06-11T09:25:38","date_gmt":"2023-06-11T09:25:38","guid":{"rendered":"https:\/\/luan.webrt.net\/hadoco\/?post_type=product&#038;p=2739"},"modified":"2023-06-11T09:25:39","modified_gmt":"2023-06-11T09:25:39","slug":"but-tds","status":"publish","type":"product","link":"https:\/\/maylocnuoc2.hoctot.top\/?product=but-tds","title":{"rendered":"B\u00daT TDS"},"content":{"rendered":"<h3 style=\"text-align: justify;\"><span style=\"color: #0000ff;\"><strong>TDS l\u00e0 g\u00ec?<\/strong><\/span><\/h3>\n<p style=\"text-align: justify;\">Ch\u1ec9 s\u1ed1 TDS: Total Dissolved Solids &#8211; l\u00e0 ch\u1ec9 s\u1ed1 \u0111o t\u1ed5ng l\u01b0\u1ee3ng ch\u1ea5t r\u1eafn ho\u00e0 tan, t\u1ed5ng s\u1ed1 c\u00e1c ion mang \u0111i\u1ec7n t\u00edch, bao g\u1ed3m kho\u00e1ng ch\u1ea5t, mu\u1ed1i ho\u1eb7c kim lo\u1ea1i t\u1ed3n t\u1ea1i trong m\u1ed9t kh\u1ed1i l\u01b0\u1ee3ng n\u01b0\u1edbc nh\u1ea5t \u0111\u1ecbnh, th\u01b0\u1eddng \u0111\u01b0\u1ee3c bi\u1ec3u th\u1ecb b\u1eb1ng h\u00e0m s\u1ed1 mi\/L ho\u1eb7c ppm (ph\u1ea7n ngh\u00ecn). TDS th\u01b0\u1eddng \u0111\u01b0\u1ee3c l\u1ea5y l\u00e0m c\u01a1 s\u1edf ban \u0111\u1ea7u \u0111\u1ec3 x\u00e1c \u0111\u1ecbnh m\u1ee9c \u0111\u1ed9 s\u1ea1ch c\u1ee7a ngu\u1ed3n n\u01b0\u1edbc.<\/p>\n<p><img loading=\"lazy\" decoding=\"async\" class=\"aligncenter size-full wp-image-2740\" src=\"https:\/\/luan.webrt.net\/hadoco\/wp-content\/uploads\/2023\/06\/but-do-chi-tieu-tds.jpg\" alt=\"\" width=\"331\" height=\"423\" srcset=\"https:\/\/maylocnuoc2.hoctot.top\/wp-content\/uploads\/2023\/06\/but-do-chi-tieu-tds.jpg 331w, https:\/\/maylocnuoc2.hoctot.top\/wp-content\/uploads\/2023\/06\/but-do-chi-tieu-tds-313x400.jpg 313w\" sizes=\"auto, (max-width: 331px) 100vw, 331px\" \/><\/p>\n<h3 style=\"text-align: justify;\"><span style=\"color: #0000ff;\"><strong>TDS t\u1eeb \u0111\u00e2u ra?<\/strong><\/span><\/h3>\n<p style=\"text-align: justify;\">Ch\u1ea5t r\u1eafn ho\u00e0 tan \u0111ang n\u00f3i \u0111\u1ebfn \u1edf \u0111\u00e2y t\u1ed3n t\u1ea1i d\u01b0\u1edbi d\u1ea1ng c\u00e1c ion \u00e2m v\u00e0 ion d\u01b0\u01a1ng. Do n\u01b0\u1edbc lu\u00f4n c\u00f3 t\u00ednh ho\u00e0 tan r\u1ea5t cao n\u00ean n\u00f3 th\u01b0\u1eddng c\u00f3 xu h\u01b0\u1edbng l\u1ea5y c\u00e1c ion t\u1eeb c\u00e1c v\u1eadt m\u00e0 n\u00f3 ti\u1ebfp x\u00fac. V\u00ed d\u1ee5, khi ch\u1ea3y ng\u1ea7m trong l\u00f2ng n\u00f3i \u0111\u00e1, n\u01b0\u1edbc s\u1ebd l\u1ea5y c\u00e1c ion Can-xi, c\u00e1c kho\u00e1ng ch\u1ea5t. Khi ch\u1ea3y trong \u0111\u01b0\u1eddng \u1ed1ng, n\u01b0\u1edbc s\u1ebd l\u1ea5y c\u00e1c ion kim lo\u1ea1i tr\u00ean b\u1ec1 m\u1eb7t \u0111\u01b0\u1eddng \u1ed1ng, nh\u01b0 s\u1eaft, \u0111\u1ed3ng, ch\u00ec (\u1ed1ng nh\u1ef1a).<\/p>\n<p><em><span style=\"font-size: 17px;\"><strong>\u0110\u1ec3 bi\u1ebft th\u00eam th\u00f4ng tin chi ti\u1ebft, vui l\u00f2ng li\u00ean h\u1ec7 hotline:<a href=\"tel: 0988.971.636\"> 0988.971.636<\/a> &#8211; <a href=\"tel:0989.645.389\">0989.645.389<\/a><\/strong><\/span><\/em><\/p>\n","protected":false},"excerpt":{"rendered":"<p style=\"text-align: justify;\">Ch\u1ec9 s\u1ed1 TDS: Total Dissolved Solids l\u00e0 ch\u1ec9 s\u1ed1 \u0111o t\u1ed5ng l\u01b0\u1ee3ng ch\u1ea5t r\u1eafn ho\u00e0 tan, t\u1ed5ng s\u1ed1 c\u00e1c ion mang \u0111i\u1ec7n t\u00edch, bao g\u1ed3m kho\u00e1ng ch\u1ea5t, mu\u1ed1i ho\u1eb7c kim lo\u1ea1i t\u1ed3n t\u1ea1i trong m\u1ed9t kh\u1ed1i l\u01b0\u1ee3ng n\u01b0\u1edbc nh\u1ea5t \u0111\u1ecbnh, th\u01b0\u1eddng \u0111\u01b0\u1ee3c bi\u1ec3u th\u1ecb b\u1eb1ng h\u00e0m s\u1ed1 mi\/L ho\u1eb7c ppm (ph\u1ea7n ngh\u00ecn). TDS th\u01b0\u1eddng \u0111\u01b0\u1ee3c l\u1ea5y l\u00e0m c\u01a1 s\u1edf ban \u0111\u1ea7u \u0111\u1ec3 x\u00e1c \u0111\u1ecbnh m\u1ee9c \u0111\u1ed9 s\u1ea1ch c\u1ee7a ngu\u1ed3n n\u01b0\u1edbc.<\/p>\n","protected":false},"featured_media":2740,"comment_status":"open","ping_status":"closed","template":"","meta":[],"product_brand":[],"product_cat":[195,157],"product_tag":[],"class_list":{"0":"post-2739","1":"product","2":"type-product","3":"status-publish","4":"has-post-thumbnail","6":"product_cat-dong-ho-ap-suat-luu-luong-ke","7":"product_cat-vat-tu-xu-ly-nuoc","9":"first","10":"instock","11":"shipping-taxable","12":"product-type-simple"},"yoast_head":"<!-- This site is optimized with the Yoast SEO plugin v24.6 - https:\/\/yoast.com\/wordpress\/plugins\/seo\/ -->\n<title>B\u00daT TDS - H\u1ee3p Nh\u1ea5t<\/title>\n<meta name=\"robots\" content=\"index, follow, max-snippet:-1, max-image-preview:large, max-video-preview:-1\" \/>\n<link rel=\"canonical\" href=\"https:\/\/maylocnuoc2.hoctot.top\/?product=but-tds\" \/>\n<meta property=\"og:locale\" content=\"vi_VN\" \/>\n<meta property=\"og:type\" content=\"article\" \/>\n<meta property=\"og:title\" content=\"B\u00daT TDS - H\u1ee3p Nh\u1ea5t\" \/>\n<meta property=\"og:description\" content=\"Ch\u1ec9 s\u1ed1 TDS: Total Dissolved Solids l\u00e0 ch\u1ec9 s\u1ed1 \u0111o t\u1ed5ng l\u01b0\u1ee3ng ch\u1ea5t r\u1eafn ho\u00e0 tan, t\u1ed5ng s\u1ed1 c\u00e1c ion mang \u0111i\u1ec7n t\u00edch, bao g\u1ed3m kho\u00e1ng ch\u1ea5t, mu\u1ed1i ho\u1eb7c kim lo\u1ea1i t\u1ed3n t\u1ea1i trong m\u1ed9t kh\u1ed1i l\u01b0\u1ee3ng n\u01b0\u1edbc nh\u1ea5t \u0111\u1ecbnh, th\u01b0\u1eddng \u0111\u01b0\u1ee3c bi\u1ec3u th\u1ecb b\u1eb1ng h\u00e0m s\u1ed1 mi\/L ho\u1eb7c ppm (ph\u1ea7n ngh\u00ecn). TDS th\u01b0\u1eddng \u0111\u01b0\u1ee3c l\u1ea5y l\u00e0m c\u01a1 s\u1edf ban \u0111\u1ea7u \u0111\u1ec3 x\u00e1c \u0111\u1ecbnh m\u1ee9c \u0111\u1ed9 s\u1ea1ch c\u1ee7a ngu\u1ed3n n\u01b0\u1edbc.\" \/>\n<meta property=\"og:url\" content=\"https:\/\/maylocnuoc2.hoctot.top\/?product=but-tds\" \/>\n<meta property=\"og:site_name\" content=\"H\u1ee3p Nh\u1ea5t\" \/>\n<meta property=\"article:modified_time\" content=\"2023-06-11T09:25:39+00:00\" \/>\n<meta property=\"og:image\" content=\"https:\/\/maylocnuoc2.hoctot.top\/wp-content\/uploads\/2023\/06\/but-do-chi-tieu-tds.jpg\" \/>\n\t<meta property=\"og:image:width\" content=\"331\" \/>\n\t<meta property=\"og:image:height\" content=\"423\" \/>\n\t<meta property=\"og:image:type\" content=\"image\/jpeg\" \/>\n<meta name=\"twitter:card\" content=\"summary_large_image\" \/>\n<meta name=\"twitter:label1\" content=\"\u01af\u1edbc t\u00ednh th\u1eddi gian \u0111\u1ecdc\" \/>\n\t<meta name=\"twitter:data1\" content=\"2 ph\u00fat\" \/>\n<script type=\"application\/ld+json\" class=\"yoast-schema-graph\">{\"@context\":\"https:\/\/schema.org\",\"@graph\":[{\"@type\":\"WebPage\",\"@id\":\"https:\/\/maylocnuoc2.hoctot.top\/?product=but-tds\",\"url\":\"https:\/\/maylocnuoc2.hoctot.top\/?product=but-tds\",\"name\":\"B\u00daT TDS - H\u1ee3p Nh\u1ea5t\",\"isPartOf\":{\"@id\":\"https:\/\/maylocnuoc2.hoctot.top\/#website\"},\"primaryImageOfPage\":{\"@id\":\"https:\/\/maylocnuoc2.hoctot.top\/?product=but-tds#primaryimage\"},\"image\":{\"@id\":\"https:\/\/maylocnuoc2.hoctot.top\/?product=but-tds#primaryimage\"},\"thumbnailUrl\":\"https:\/\/maylocnuoc2.hoctot.top\/wp-content\/uploads\/2023\/06\/but-do-chi-tieu-tds.jpg\",\"datePublished\":\"2023-06-11T09:25:38+00:00\",\"dateModified\":\"2023-06-11T09:25:39+00:00\",\"breadcrumb\":{\"@id\":\"https:\/\/maylocnuoc2.hoctot.top\/?product=but-tds#breadcrumb\"},\"inLanguage\":\"vi\",\"potentialAction\":[{\"@type\":\"ReadAction\",\"target\":[\"https:\/\/maylocnuoc2.hoctot.top\/?product=but-tds\"]}]},{\"@type\":\"ImageObject\",\"inLanguage\":\"vi\",\"@id\":\"https:\/\/maylocnuoc2.hoctot.top\/?product=but-tds#primaryimage\",\"url\":\"https:\/\/maylocnuoc2.hoctot.top\/wp-content\/uploads\/2023\/06\/but-do-chi-tieu-tds.jpg\",\"contentUrl\":\"https:\/\/maylocnuoc2.hoctot.top\/wp-content\/uploads\/2023\/06\/but-do-chi-tieu-tds.jpg\",\"width\":331,\"height\":423},{\"@type\":\"BreadcrumbList\",\"@id\":\"https:\/\/maylocnuoc2.hoctot.top\/?product=but-tds#breadcrumb\",\"itemListElement\":[{\"@type\":\"ListItem\",\"position\":1,\"name\":\"Trang ch\u1ee7\",\"item\":\"https:\/\/maylocnuoc2.hoctot.top\/\"},{\"@type\":\"ListItem\",\"position\":2,\"name\":\"S\u1ea3n ph\u1ea9m\",\"item\":\"https:\/\/maylocnuoc2.hoctot.top\/?page_id=63\"},{\"@type\":\"ListItem\",\"position\":3,\"name\":\"V\u1eadt T\u01b0 X\u1eed L\u00fd N\u01b0\u1edbc\",\"item\":\"https:\/\/maylocnuoc2.hoctot.top\/?product_cat=vat-tu-xu-ly-nuoc\"},{\"@type\":\"ListItem\",\"position\":4,\"name\":\"\u0110\u1ed3ng H\u1ed3 \u00c1p Su\u1ea5t \u2013 L\u01b0u L\u01b0\u1ee3ng K\u1ebf\",\"item\":\"https:\/\/maylocnuoc2.hoctot.top\/?product_cat=dong-ho-ap-suat-luu-luong-ke\"},{\"@type\":\"ListItem\",\"position\":5,\"name\":\"B\u00daT TDS\"}]},{\"@type\":\"WebSite\",\"@id\":\"https:\/\/maylocnuoc2.hoctot.top\/#website\",\"url\":\"https:\/\/maylocnuoc2.hoctot.top\/\",\"name\":\"H\u1ee3p Nh\u1ea5t\",\"description\":\"\",\"potentialAction\":[{\"@type\":\"SearchAction\",\"target\":{\"@type\":\"EntryPoint\",\"urlTemplate\":\"https:\/\/maylocnuoc2.hoctot.top\/?s={search_term_string}\"},\"query-input\":{\"@type\":\"PropertyValueSpecification\",\"valueRequired\":true,\"valueName\":\"search_term_string\"}}],\"inLanguage\":\"vi\"}]}<\/script>\n<!-- \/ Yoast SEO plugin. -->","yoast_head_json":{"title":"B\u00daT TDS - H\u1ee3p Nh\u1ea5t","robots":{"index":"index","follow":"follow","max-snippet":"max-snippet:-1","max-image-preview":"max-image-preview:large","max-video-preview":"max-video-preview:-1"},"canonical":"https:\/\/maylocnuoc2.hoctot.top\/?product=but-tds","og_locale":"vi_VN","og_type":"article","og_title":"B\u00daT TDS - H\u1ee3p Nh\u1ea5t","og_description":"Ch\u1ec9 s\u1ed1 TDS: Total Dissolved Solids l\u00e0 ch\u1ec9 s\u1ed1 \u0111o t\u1ed5ng l\u01b0\u1ee3ng ch\u1ea5t r\u1eafn ho\u00e0 tan, t\u1ed5ng s\u1ed1 c\u00e1c ion mang \u0111i\u1ec7n t\u00edch, bao g\u1ed3m kho\u00e1ng ch\u1ea5t, mu\u1ed1i ho\u1eb7c kim lo\u1ea1i t\u1ed3n t\u1ea1i trong m\u1ed9t kh\u1ed1i l\u01b0\u1ee3ng n\u01b0\u1edbc nh\u1ea5t \u0111\u1ecbnh, th\u01b0\u1eddng \u0111\u01b0\u1ee3c bi\u1ec3u th\u1ecb b\u1eb1ng h\u00e0m s\u1ed1 mi\/L ho\u1eb7c ppm (ph\u1ea7n ngh\u00ecn). TDS th\u01b0\u1eddng \u0111\u01b0\u1ee3c l\u1ea5y l\u00e0m c\u01a1 s\u1edf ban \u0111\u1ea7u \u0111\u1ec3 x\u00e1c \u0111\u1ecbnh m\u1ee9c \u0111\u1ed9 s\u1ea1ch c\u1ee7a ngu\u1ed3n n\u01b0\u1edbc.","og_url":"https:\/\/maylocnuoc2.hoctot.top\/?product=but-tds","og_site_name":"H\u1ee3p Nh\u1ea5t","article_modified_time":"2023-06-11T09:25:39+00:00","og_image":[{"width":331,"height":423,"url":"https:\/\/maylocnuoc2.hoctot.top\/wp-content\/uploads\/2023\/06\/but-do-chi-tieu-tds.jpg","type":"image\/jpeg"}],"twitter_card":"summary_large_image","twitter_misc":{"\u01af\u1edbc t\u00ednh th\u1eddi gian \u0111\u1ecdc":"2 ph\u00fat"},"schema":{"@context":"https:\/\/schema.org","@graph":[{"@type":"WebPage","@id":"https:\/\/maylocnuoc2.hoctot.top\/?product=but-tds","url":"https:\/\/maylocnuoc2.hoctot.top\/?product=but-tds","name":"B\u00daT TDS - H\u1ee3p Nh\u1ea5t","isPartOf":{"@id":"https:\/\/maylocnuoc2.hoctot.top\/#website"},"primaryImageOfPage":{"@id":"https:\/\/maylocnuoc2.hoctot.top\/?product=but-tds#primaryimage"},"image":{"@id":"https:\/\/maylocnuoc2.hoctot.top\/?product=but-tds#primaryimage"},"thumbnailUrl":"https:\/\/maylocnuoc2.hoctot.top\/wp-content\/uploads\/2023\/06\/but-do-chi-tieu-tds.jpg","datePublished":"2023-06-11T09:25:38+00:00","dateModified":"2023-06-11T09:25:39+00:00","breadcrumb":{"@id":"https:\/\/maylocnuoc2.hoctot.top\/?product=but-tds#breadcrumb"},"inLanguage":"vi","potentialAction":[{"@type":"ReadAction","target":["https:\/\/maylocnuoc2.hoctot.top\/?product=but-tds"]}]},{"@type":"ImageObject","inLanguage":"vi","@id":"https:\/\/maylocnuoc2.hoctot.top\/?product=but-tds#primaryimage","url":"https:\/\/maylocnuoc2.hoctot.top\/wp-content\/uploads\/2023\/06\/but-do-chi-tieu-tds.jpg","contentUrl":"https:\/\/maylocnuoc2.hoctot.top\/wp-content\/uploads\/2023\/06\/but-do-chi-tieu-tds.jpg","width":331,"height":423},{"@type":"BreadcrumbList","@id":"https:\/\/maylocnuoc2.hoctot.top\/?product=but-tds#breadcrumb","itemListElement":[{"@type":"ListItem","position":1,"name":"Trang ch\u1ee7","item":"https:\/\/maylocnuoc2.hoctot.top\/"},{"@type":"ListItem","position":2,"name":"S\u1ea3n ph\u1ea9m","item":"https:\/\/maylocnuoc2.hoctot.top\/?page_id=63"},{"@type":"ListItem","position":3,"name":"V\u1eadt T\u01b0 X\u1eed L\u00fd N\u01b0\u1edbc","item":"https:\/\/maylocnuoc2.hoctot.top\/?product_cat=vat-tu-xu-ly-nuoc"},{"@type":"ListItem","position":4,"name":"\u0110\u1ed3ng H\u1ed3 \u00c1p Su\u1ea5t \u2013 L\u01b0u L\u01b0\u1ee3ng K\u1ebf","item":"https:\/\/maylocnuoc2.hoctot.top\/?product_cat=dong-ho-ap-suat-luu-luong-ke"},{"@type":"ListItem","position":5,"name":"B\u00daT TDS"}]},{"@type":"WebSite","@id":"https:\/\/maylocnuoc2.hoctot.top\/#website","url":"https:\/\/maylocnuoc2.hoctot.top\/","name":"H\u1ee3p Nh\u1ea5t","description":"","potentialAction":[{"@type":"SearchAction","target":{"@type":"EntryPoint","urlTemplate":"https:\/\/maylocnuoc2.hoctot.top\/?s={search_term_string}"},"query-input":{"@type":"PropertyValueSpecification","valueRequired":true,"valueName":"search_term_string"}}],"inLanguage":"vi"}]}},"_links":{"self":[{"href":"https:\/\/maylocnuoc2.hoctot.top\/index.php?rest_route=\/wp\/v2\/product\/2739","targetHints":{"allow":["GET"]}}],"collection":[{"href":"https:\/\/maylocnuoc2.hoctot.top\/index.php?rest_route=\/wp\/v2\/product"}],"about":[{"href":"https:\/\/maylocnuoc2.hoctot.top\/index.php?rest_route=\/wp\/v2\/types\/product"}],"replies":[{"embeddable":true,"href":"https:\/\/maylocnuoc2.hoctot.top\/index.php?rest_route=%2Fwp%2Fv2%2Fcomments&post=2739"}],"wp:featuredmedia":[{"embeddable":true,"href":"https:\/\/maylocnuoc2.hoctot.top\/index.php?rest_route=\/wp\/v2\/media\/2740"}],"wp:attachment":[{"href":"https:\/\/maylocnuoc2.hoctot.top\/index.php?rest_route=%2Fwp%2Fv2%2Fmedia&parent=2739"}],"wp:term":[{"taxonomy":"product_brand","embeddable":true,"href":"https:\/\/maylocnuoc2.hoctot.top\/index.php?rest_route=%2Fwp%2Fv2%2Fproduct_brand&post=2739"},{"taxonomy":"product_cat","embeddable":true,"href":"https:\/\/maylocnuoc2.hoctot.top\/index.php?rest_route=%2Fwp%2Fv2%2Fproduct_cat&post=2739"},{"taxonomy":"product_tag","embeddable":true,"href":"https:\/\/maylocnuoc2.hoctot.top\/index.php?rest_route=%2Fwp%2Fv2%2Fproduct_tag&post=2739"}],"curies":[{"name":"wp","href":"https:\/\/api.w.org\/{rel}","templated":true}]}}