{"id":2741,"date":"2023-06-11T09:28:34","date_gmt":"2023-06-11T09:28:34","guid":{"rendered":"https:\/\/luan.webrt.net\/hadoco\/?post_type=product&#038;p=2741"},"modified":"2023-06-11T09:28:35","modified_gmt":"2023-06-11T09:28:35","slug":"may-dien-phan","status":"publish","type":"product","link":"https:\/\/maylocnuoc2.hoctot.top\/?product=may-dien-phan","title":{"rendered":"M\u00e1y \u0111i\u1ec7n ph\u00e2n"},"content":{"rendered":"<p style=\"text-align: justify;\">\u1ee8ng d\u1ee5ng c\u1ee7a m\u00e1y \u0111i\u1ec7n ph\u00e2n trong ki\u1ec3m tra n\u01b0\u1edbc sinh ho\u1ea1t: Lo\u1ea1i m\u00e1y s\u1eed d\u1ee5ng trong tr\u01b0\u1eddng h\u1ee3p n\u00e0y l\u00e0 s\u1eed d\u1ee5ng c\u1eb7p c\u1ef1c b\u1eb1ng s\u1eaft (Fe) v\u00e0 nh\u00f4m (Al). Th\u00f4ng qua \u0111i\u1ec7n ph\u00e2n \u0111\u1ec3 \u0111\u00e1nh gi\u00e1 c\u00e1c ho\u1ea1t ch\u1ea5t ho\u00e0 tan trong n\u01b0\u1edbc.<\/p>\n<p><img loading=\"lazy\" decoding=\"async\" class=\"aligncenter size-full wp-image-2742\" src=\"https:\/\/luan.webrt.net\/hadoco\/wp-content\/uploads\/2023\/06\/cach-thu-nuoc-bang-phuong-phap-dien-phan.jpg\" alt=\"\" width=\"750\" height=\"750\" srcset=\"https:\/\/maylocnuoc2.hoctot.top\/wp-content\/uploads\/2023\/06\/cach-thu-nuoc-bang-phuong-phap-dien-phan.jpg 750w, https:\/\/maylocnuoc2.hoctot.top\/wp-content\/uploads\/2023\/06\/cach-thu-nuoc-bang-phuong-phap-dien-phan-400x400.jpg 400w, https:\/\/maylocnuoc2.hoctot.top\/wp-content\/uploads\/2023\/06\/cach-thu-nuoc-bang-phuong-phap-dien-phan-280x280.jpg 280w, https:\/\/maylocnuoc2.hoctot.top\/wp-content\/uploads\/2023\/06\/cach-thu-nuoc-bang-phuong-phap-dien-phan-600x600.jpg 600w, https:\/\/maylocnuoc2.hoctot.top\/wp-content\/uploads\/2023\/06\/cach-thu-nuoc-bang-phuong-phap-dien-phan-100x100.jpg 100w\" sizes=\"auto, (max-width: 750px) 100vw, 750px\" \/><\/p>\n<p><em><span style=\"font-size: 17px;\"><strong>\u0110\u1ec3 bi\u1ebft th\u00eam th\u00f4ng tin chi ti\u1ebft, vui l\u00f2ng li\u00ean h\u1ec7 hotline:<a href=\"tel: 0988.971.636\"> 0988.971.636<\/a> &#8211; <a href=\"tel:0989.645.389\">0989.645.389<\/a><\/strong><\/span><\/em><\/p>\n","protected":false},"excerpt":{"rendered":"<p style=\"text-align: justify;\">\u1ee8ng d\u1ee5ng c\u1ee7a m\u00e1y \u0111i\u1ec7n ph\u00e2n trong ki\u1ec3m tra n\u01b0\u1edbc sinh ho\u1ea1t: Lo\u1ea1i m\u00e1y s\u1eed d\u1ee5ng trong tr\u01b0\u1eddng h\u1ee3p n\u00e0y l\u00e0 s\u1eed d\u1ee5ng c\u1eb7p c\u1ef1c b\u1eb1ng s\u1eaft (Fe) v\u00e0 nh\u00f4m (Al). Th\u00f4ng qua \u0111i\u1ec7n ph\u00e2n \u0111\u1ec3 \u0111\u00e1nh gi\u00e1 c\u00e1c ho\u1ea1t ch\u1ea5t ho\u00e0 tan trong n\u01b0\u1edbc.<\/p>\n","protected":false},"featured_media":2742,"comment_status":"open","ping_status":"closed","template":"","meta":[],"product_brand":[],"product_cat":[195,157],"product_tag":[],"class_list":{"0":"post-2741","1":"product","2":"type-product","3":"status-publish","4":"has-post-thumbnail","6":"product_cat-dong-ho-ap-suat-luu-luong-ke","7":"product_cat-vat-tu-xu-ly-nuoc","9":"first","10":"instock","11":"shipping-taxable","12":"product-type-simple"},"yoast_head":"<!-- This site is optimized with the Yoast SEO plugin v24.6 - https:\/\/yoast.com\/wordpress\/plugins\/seo\/ -->\n<title>M\u00e1y \u0111i\u1ec7n ph\u00e2n - H\u1ee3p Nh\u1ea5t<\/title>\n<meta name=\"robots\" content=\"index, follow, max-snippet:-1, max-image-preview:large, max-video-preview:-1\" \/>\n<link rel=\"canonical\" href=\"https:\/\/maylocnuoc2.hoctot.top\/?product=may-dien-phan\" \/>\n<meta property=\"og:locale\" content=\"vi_VN\" \/>\n<meta property=\"og:type\" content=\"article\" \/>\n<meta property=\"og:title\" content=\"M\u00e1y \u0111i\u1ec7n ph\u00e2n - H\u1ee3p Nh\u1ea5t\" \/>\n<meta property=\"og:description\" content=\"\u1ee8ng d\u1ee5ng c\u1ee7a m\u00e1y \u0111i\u1ec7n ph\u00e2n trong ki\u1ec3m tra n\u01b0\u1edbc sinh ho\u1ea1t: Lo\u1ea1i m\u00e1y s\u1eed d\u1ee5ng trong tr\u01b0\u1eddng h\u1ee3p n\u00e0y l\u00e0 s\u1eed d\u1ee5ng c\u1eb7p c\u1ef1c b\u1eb1ng s\u1eaft (Fe) v\u00e0 nh\u00f4m (Al). Th\u00f4ng qua \u0111i\u1ec7n ph\u00e2n \u0111\u1ec3 \u0111\u00e1nh gi\u00e1 c\u00e1c ho\u1ea1t ch\u1ea5t ho\u00e0 tan trong n\u01b0\u1edbc.\" \/>\n<meta property=\"og:url\" content=\"https:\/\/maylocnuoc2.hoctot.top\/?product=may-dien-phan\" \/>\n<meta property=\"og:site_name\" content=\"H\u1ee3p Nh\u1ea5t\" \/>\n<meta property=\"article:modified_time\" content=\"2023-06-11T09:28:35+00:00\" \/>\n<meta property=\"og:image\" content=\"https:\/\/maylocnuoc2.hoctot.top\/wp-content\/uploads\/2023\/06\/cach-thu-nuoc-bang-phuong-phap-dien-phan.jpg\" \/>\n\t<meta property=\"og:image:width\" content=\"750\" \/>\n\t<meta property=\"og:image:height\" content=\"750\" \/>\n\t<meta property=\"og:image:type\" content=\"image\/jpeg\" \/>\n<meta name=\"twitter:card\" content=\"summary_large_image\" \/>\n<meta name=\"twitter:label1\" content=\"\u01af\u1edbc t\u00ednh th\u1eddi gian \u0111\u1ecdc\" \/>\n\t<meta name=\"twitter:data1\" content=\"1 ph\u00fat\" \/>\n<script type=\"application\/ld+json\" class=\"yoast-schema-graph\">{\"@context\":\"https:\/\/schema.org\",\"@graph\":[{\"@type\":\"WebPage\",\"@id\":\"https:\/\/maylocnuoc2.hoctot.top\/?product=may-dien-phan\",\"url\":\"https:\/\/maylocnuoc2.hoctot.top\/?product=may-dien-phan\",\"name\":\"M\u00e1y \u0111i\u1ec7n ph\u00e2n - H\u1ee3p Nh\u1ea5t\",\"isPartOf\":{\"@id\":\"https:\/\/maylocnuoc2.hoctot.top\/#website\"},\"primaryImageOfPage\":{\"@id\":\"https:\/\/maylocnuoc2.hoctot.top\/?product=may-dien-phan#primaryimage\"},\"image\":{\"@id\":\"https:\/\/maylocnuoc2.hoctot.top\/?product=may-dien-phan#primaryimage\"},\"thumbnailUrl\":\"https:\/\/maylocnuoc2.hoctot.top\/wp-content\/uploads\/2023\/06\/cach-thu-nuoc-bang-phuong-phap-dien-phan.jpg\",\"datePublished\":\"2023-06-11T09:28:34+00:00\",\"dateModified\":\"2023-06-11T09:28:35+00:00\",\"breadcrumb\":{\"@id\":\"https:\/\/maylocnuoc2.hoctot.top\/?product=may-dien-phan#breadcrumb\"},\"inLanguage\":\"vi\",\"potentialAction\":[{\"@type\":\"ReadAction\",\"target\":[\"https:\/\/maylocnuoc2.hoctot.top\/?product=may-dien-phan\"]}]},{\"@type\":\"ImageObject\",\"inLanguage\":\"vi\",\"@id\":\"https:\/\/maylocnuoc2.hoctot.top\/?product=may-dien-phan#primaryimage\",\"url\":\"https:\/\/maylocnuoc2.hoctot.top\/wp-content\/uploads\/2023\/06\/cach-thu-nuoc-bang-phuong-phap-dien-phan.jpg\",\"contentUrl\":\"https:\/\/maylocnuoc2.hoctot.top\/wp-content\/uploads\/2023\/06\/cach-thu-nuoc-bang-phuong-phap-dien-phan.jpg\",\"width\":750,\"height\":750},{\"@type\":\"BreadcrumbList\",\"@id\":\"https:\/\/maylocnuoc2.hoctot.top\/?product=may-dien-phan#breadcrumb\",\"itemListElement\":[{\"@type\":\"ListItem\",\"position\":1,\"name\":\"Trang ch\u1ee7\",\"item\":\"https:\/\/maylocnuoc2.hoctot.top\/\"},{\"@type\":\"ListItem\",\"position\":2,\"name\":\"S\u1ea3n ph\u1ea9m\",\"item\":\"https:\/\/maylocnuoc2.hoctot.top\/?page_id=63\"},{\"@type\":\"ListItem\",\"position\":3,\"name\":\"V\u1eadt T\u01b0 X\u1eed L\u00fd N\u01b0\u1edbc\",\"item\":\"https:\/\/maylocnuoc2.hoctot.top\/?product_cat=vat-tu-xu-ly-nuoc\"},{\"@type\":\"ListItem\",\"position\":4,\"name\":\"M\u00e1y \u0111i\u1ec7n ph\u00e2n\"}]},{\"@type\":\"WebSite\",\"@id\":\"https:\/\/maylocnuoc2.hoctot.top\/#website\",\"url\":\"https:\/\/maylocnuoc2.hoctot.top\/\",\"name\":\"H\u1ee3p Nh\u1ea5t\",\"description\":\"\",\"potentialAction\":[{\"@type\":\"SearchAction\",\"target\":{\"@type\":\"EntryPoint\",\"urlTemplate\":\"https:\/\/maylocnuoc2.hoctot.top\/?s={search_term_string}\"},\"query-input\":{\"@type\":\"PropertyValueSpecification\",\"valueRequired\":true,\"valueName\":\"search_term_string\"}}],\"inLanguage\":\"vi\"}]}<\/script>\n<!-- \/ Yoast SEO plugin. -->","yoast_head_json":{"title":"M\u00e1y \u0111i\u1ec7n ph\u00e2n - H\u1ee3p Nh\u1ea5t","robots":{"index":"index","follow":"follow","max-snippet":"max-snippet:-1","max-image-preview":"max-image-preview:large","max-video-preview":"max-video-preview:-1"},"canonical":"https:\/\/maylocnuoc2.hoctot.top\/?product=may-dien-phan","og_locale":"vi_VN","og_type":"article","og_title":"M\u00e1y \u0111i\u1ec7n ph\u00e2n - H\u1ee3p Nh\u1ea5t","og_description":"\u1ee8ng d\u1ee5ng c\u1ee7a m\u00e1y \u0111i\u1ec7n ph\u00e2n trong ki\u1ec3m tra n\u01b0\u1edbc sinh ho\u1ea1t: Lo\u1ea1i m\u00e1y s\u1eed d\u1ee5ng trong tr\u01b0\u1eddng h\u1ee3p n\u00e0y l\u00e0 s\u1eed d\u1ee5ng c\u1eb7p c\u1ef1c b\u1eb1ng s\u1eaft (Fe) v\u00e0 nh\u00f4m (Al). Th\u00f4ng qua \u0111i\u1ec7n ph\u00e2n \u0111\u1ec3 \u0111\u00e1nh gi\u00e1 c\u00e1c ho\u1ea1t ch\u1ea5t ho\u00e0 tan trong n\u01b0\u1edbc.","og_url":"https:\/\/maylocnuoc2.hoctot.top\/?product=may-dien-phan","og_site_name":"H\u1ee3p Nh\u1ea5t","article_modified_time":"2023-06-11T09:28:35+00:00","og_image":[{"width":750,"height":750,"url":"https:\/\/maylocnuoc2.hoctot.top\/wp-content\/uploads\/2023\/06\/cach-thu-nuoc-bang-phuong-phap-dien-phan.jpg","type":"image\/jpeg"}],"twitter_card":"summary_large_image","twitter_misc":{"\u01af\u1edbc t\u00ednh th\u1eddi gian \u0111\u1ecdc":"1 ph\u00fat"},"schema":{"@context":"https:\/\/schema.org","@graph":[{"@type":"WebPage","@id":"https:\/\/maylocnuoc2.hoctot.top\/?product=may-dien-phan","url":"https:\/\/maylocnuoc2.hoctot.top\/?product=may-dien-phan","name":"M\u00e1y \u0111i\u1ec7n ph\u00e2n - H\u1ee3p Nh\u1ea5t","isPartOf":{"@id":"https:\/\/maylocnuoc2.hoctot.top\/#website"},"primaryImageOfPage":{"@id":"https:\/\/maylocnuoc2.hoctot.top\/?product=may-dien-phan#primaryimage"},"image":{"@id":"https:\/\/maylocnuoc2.hoctot.top\/?product=may-dien-phan#primaryimage"},"thumbnailUrl":"https:\/\/maylocnuoc2.hoctot.top\/wp-content\/uploads\/2023\/06\/cach-thu-nuoc-bang-phuong-phap-dien-phan.jpg","datePublished":"2023-06-11T09:28:34+00:00","dateModified":"2023-06-11T09:28:35+00:00","breadcrumb":{"@id":"https:\/\/maylocnuoc2.hoctot.top\/?product=may-dien-phan#breadcrumb"},"inLanguage":"vi","potentialAction":[{"@type":"ReadAction","target":["https:\/\/maylocnuoc2.hoctot.top\/?product=may-dien-phan"]}]},{"@type":"ImageObject","inLanguage":"vi","@id":"https:\/\/maylocnuoc2.hoctot.top\/?product=may-dien-phan#primaryimage","url":"https:\/\/maylocnuoc2.hoctot.top\/wp-content\/uploads\/2023\/06\/cach-thu-nuoc-bang-phuong-phap-dien-phan.jpg","contentUrl":"https:\/\/maylocnuoc2.hoctot.top\/wp-content\/uploads\/2023\/06\/cach-thu-nuoc-bang-phuong-phap-dien-phan.jpg","width":750,"height":750},{"@type":"BreadcrumbList","@id":"https:\/\/maylocnuoc2.hoctot.top\/?product=may-dien-phan#breadcrumb","itemListElement":[{"@type":"ListItem","position":1,"name":"Trang ch\u1ee7","item":"https:\/\/maylocnuoc2.hoctot.top\/"},{"@type":"ListItem","position":2,"name":"S\u1ea3n ph\u1ea9m","item":"https:\/\/maylocnuoc2.hoctot.top\/?page_id=63"},{"@type":"ListItem","position":3,"name":"V\u1eadt T\u01b0 X\u1eed L\u00fd N\u01b0\u1edbc","item":"https:\/\/maylocnuoc2.hoctot.top\/?product_cat=vat-tu-xu-ly-nuoc"},{"@type":"ListItem","position":4,"name":"M\u00e1y \u0111i\u1ec7n ph\u00e2n"}]},{"@type":"WebSite","@id":"https:\/\/maylocnuoc2.hoctot.top\/#website","url":"https:\/\/maylocnuoc2.hoctot.top\/","name":"H\u1ee3p Nh\u1ea5t","description":"","potentialAction":[{"@type":"SearchAction","target":{"@type":"EntryPoint","urlTemplate":"https:\/\/maylocnuoc2.hoctot.top\/?s={search_term_string}"},"query-input":{"@type":"PropertyValueSpecification","valueRequired":true,"valueName":"search_term_string"}}],"inLanguage":"vi"}]}},"_links":{"self":[{"href":"https:\/\/maylocnuoc2.hoctot.top\/index.php?rest_route=\/wp\/v2\/product\/2741","targetHints":{"allow":["GET"]}}],"collection":[{"href":"https:\/\/maylocnuoc2.hoctot.top\/index.php?rest_route=\/wp\/v2\/product"}],"about":[{"href":"https:\/\/maylocnuoc2.hoctot.top\/index.php?rest_route=\/wp\/v2\/types\/product"}],"replies":[{"embeddable":true,"href":"https:\/\/maylocnuoc2.hoctot.top\/index.php?rest_route=%2Fwp%2Fv2%2Fcomments&post=2741"}],"wp:featuredmedia":[{"embeddable":true,"href":"https:\/\/maylocnuoc2.hoctot.top\/index.php?rest_route=\/wp\/v2\/media\/2742"}],"wp:attachment":[{"href":"https:\/\/maylocnuoc2.hoctot.top\/index.php?rest_route=%2Fwp%2Fv2%2Fmedia&parent=2741"}],"wp:term":[{"taxonomy":"product_brand","embeddable":true,"href":"https:\/\/maylocnuoc2.hoctot.top\/index.php?rest_route=%2Fwp%2Fv2%2Fproduct_brand&post=2741"},{"taxonomy":"product_cat","embeddable":true,"href":"https:\/\/maylocnuoc2.hoctot.top\/index.php?rest_route=%2Fwp%2Fv2%2Fproduct_cat&post=2741"},{"taxonomy":"product_tag","embeddable":true,"href":"https:\/\/maylocnuoc2.hoctot.top\/index.php?rest_route=%2Fwp%2Fv2%2Fproduct_tag&post=2741"}],"curies":[{"name":"wp","href":"https:\/\/api.w.org\/{rel}","templated":true}]}}