{"id":2743,"date":"2023-06-11T09:33:37","date_gmt":"2023-06-11T09:33:37","guid":{"rendered":"https:\/\/luan.webrt.net\/hadoco\/?post_type=product&#038;p=2743"},"modified":"2023-06-11T09:33:38","modified_gmt":"2023-06-11T09:33:38","slug":"van-dien-tu","status":"publish","type":"product","link":"https:\/\/maylocnuoc2.hoctot.top\/?product=van-dien-tu","title":{"rendered":"Van \u0111i\u1ec7n t\u1eeb"},"content":{"rendered":"<h3><span style=\"color: #0000ff;\"><strong>\u0110\u1eb7c \u0111i\u1ec3m s\u1ea3n ph\u1ea9m<\/strong><\/span><\/h3>\n<ul style=\"list-style-type: circle;\">\n<li>Th\u00e2n van l\u00e0m b\u1eb1ng \u0111\u1ed3ng \u0111\u00fac<\/li>\n<li>Van \u0111i\u1ec7n t\u1eeb c\u00f3 th\u1ec3 ho\u1ea1t \u0111\u1ed9ng \u00e1p l\u1ef1c tr\u1ef1c ti\u1ebfp.<\/li>\n<li>\u0110i\u1ec7n \u00e1p ti\u00eau chu\u1ea9n: 110 VAC \/ VDC 220V\/24<\/li>\n<li>Kh\u00e1c \u0111\u1eb7c bi\u1ec7t d\u00f2ng \u0111i\u1ec7n AC \/ DC c\u00f3 th\u1ec3 \u0111\u01b0\u1ee3c th\u1ef1c hi\u1ec7n theo \u0111\u01a1n \u0111\u1eb7t h\u00e0ng c\u1ee7a kh\u00e1ch h\u00e0ng<\/li>\n<li>\u0110\u01b0\u1ee3c k\u1ebft n\u1ed1i v\u1edbi \u0111\u01b0\u1eddng \u1ed1ng (h\u1ec7 th\u1ed1ng) Ren BSPT, NPT, BSP<\/li>\n<li>AC \u0110i\u1ec7n \u00e1p dung sai: \u00b110%<\/li>\n<li>DC \u0110i\u1ec7n \u00e1p dung sai: \u00b11%<\/li>\n<\/ul>\n<h3><span style=\"color: #0000ff;\"><strong>\u1ee8ng d\u1ee5ng<\/strong><\/span><\/h3>\n<p>Trong c\u00e1c h\u1ec7 th\u1ed1ng l\u1ecdc n\u01b0\u1edbc,d\u00e2y chuy\u1ec1n l\u1ecdc n\u01b0\u1edbc tinh khi\u1ebft.Gi\u00fap ng\u0103n kh\u00f4ng cho n\u01b0\u1edbc c\u00f3 \u00e1p l\u1ef1c ch\u1ea3y qua \u0111\u01b0\u1eddng \u1ed1ng ( h\u1ec7 th\u1ed1ng) th\u1ea5t tho\u00e1t ra ngo\u00e0i khi kh\u00f4ng c\u1ea5p \u0111i\u1ec7n cho van ho\u1ea1t \u0111\u1ed9ng.<br \/>\n<img loading=\"lazy\" decoding=\"async\" class=\"aligncenter size-full wp-image-2744\" src=\"https:\/\/luan.webrt.net\/hadoco\/wp-content\/uploads\/2023\/06\/van-34.webp\" alt=\"\" width=\"800\" height=\"800\" srcset=\"https:\/\/maylocnuoc2.hoctot.top\/wp-content\/uploads\/2023\/06\/van-34.webp 800w, https:\/\/maylocnuoc2.hoctot.top\/wp-content\/uploads\/2023\/06\/van-34-400x400.webp 400w, https:\/\/maylocnuoc2.hoctot.top\/wp-content\/uploads\/2023\/06\/van-34-280x280.webp 280w, https:\/\/maylocnuoc2.hoctot.top\/wp-content\/uploads\/2023\/06\/van-34-768x768.webp 768w, https:\/\/maylocnuoc2.hoctot.top\/wp-content\/uploads\/2023\/06\/van-34-600x600.webp 600w, https:\/\/maylocnuoc2.hoctot.top\/wp-content\/uploads\/2023\/06\/van-34-100x100.webp 100w\" sizes=\"auto, (max-width: 800px) 100vw, 800px\" \/><\/p>\n","protected":false},"excerpt":{"rendered":"<p style=\"text-align: justify;\">\u1ee8ng d\u1ee5ng trong c\u00e1c h\u1ec7 th\u1ed1ng l\u1ecdc n\u01b0\u1edbc, d\u00e2y chuy\u1ec1n l\u1ecdc n\u01b0\u1edbc tinh khi\u1ebft. Gi\u00fap ng\u0103n kh\u00f4ng cho n\u01b0\u1edbc c\u00f3 \u00e1p l\u1ef1c ch\u1ea3y qua \u0111\u01b0\u1eddng \u1ed1ng ( h\u1ec7 th\u1ed1ng) th\u1ea5t tho\u00e1t ra ngo\u00e0i khi kh\u00f4ng c\u1ea5p \u0111i\u1ec7n cho van ho\u1ea1t \u0111\u1ed9ng.<\/p>\n","protected":false},"featured_media":2744,"comment_status":"open","ping_status":"closed","template":"","meta":[],"product_brand":[],"product_cat":[195,157],"product_tag":[],"class_list":{"0":"post-2743","1":"product","2":"type-product","3":"status-publish","4":"has-post-thumbnail","6":"product_cat-dong-ho-ap-suat-luu-luong-ke","7":"product_cat-vat-tu-xu-ly-nuoc","9":"first","10":"instock","11":"shipping-taxable","12":"product-type-simple"},"yoast_head":"<!-- This site is optimized with the Yoast SEO plugin v24.6 - https:\/\/yoast.com\/wordpress\/plugins\/seo\/ -->\n<title>Van \u0111i\u1ec7n t\u1eeb - H\u1ee3p Nh\u1ea5t<\/title>\n<meta name=\"robots\" content=\"index, follow, max-snippet:-1, max-image-preview:large, max-video-preview:-1\" \/>\n<link rel=\"canonical\" href=\"https:\/\/maylocnuoc2.hoctot.top\/?product=van-dien-tu\" \/>\n<meta property=\"og:locale\" content=\"vi_VN\" \/>\n<meta property=\"og:type\" content=\"article\" \/>\n<meta property=\"og:title\" content=\"Van \u0111i\u1ec7n t\u1eeb - H\u1ee3p Nh\u1ea5t\" \/>\n<meta property=\"og:description\" content=\"\u1ee8ng d\u1ee5ng trong c\u00e1c h\u1ec7 th\u1ed1ng l\u1ecdc n\u01b0\u1edbc, d\u00e2y chuy\u1ec1n l\u1ecdc n\u01b0\u1edbc tinh khi\u1ebft. Gi\u00fap ng\u0103n kh\u00f4ng cho n\u01b0\u1edbc c\u00f3 \u00e1p l\u1ef1c ch\u1ea3y qua \u0111\u01b0\u1eddng \u1ed1ng ( h\u1ec7 th\u1ed1ng) th\u1ea5t tho\u00e1t ra ngo\u00e0i khi kh\u00f4ng c\u1ea5p \u0111i\u1ec7n cho van ho\u1ea1t \u0111\u1ed9ng.\" \/>\n<meta property=\"og:url\" content=\"https:\/\/maylocnuoc2.hoctot.top\/?product=van-dien-tu\" \/>\n<meta property=\"og:site_name\" content=\"H\u1ee3p Nh\u1ea5t\" \/>\n<meta property=\"article:modified_time\" content=\"2023-06-11T09:33:38+00:00\" \/>\n<meta property=\"og:image\" content=\"https:\/\/maylocnuoc2.hoctot.top\/wp-content\/uploads\/2023\/06\/van-34.webp\" \/>\n\t<meta property=\"og:image:width\" content=\"800\" \/>\n\t<meta property=\"og:image:height\" content=\"800\" \/>\n\t<meta property=\"og:image:type\" content=\"image\/webp\" \/>\n<meta name=\"twitter:card\" content=\"summary_large_image\" \/>\n<meta name=\"twitter:label1\" content=\"\u01af\u1edbc t\u00ednh th\u1eddi gian \u0111\u1ecdc\" \/>\n\t<meta name=\"twitter:data1\" content=\"1 ph\u00fat\" \/>\n<script type=\"application\/ld+json\" class=\"yoast-schema-graph\">{\"@context\":\"https:\/\/schema.org\",\"@graph\":[{\"@type\":\"WebPage\",\"@id\":\"https:\/\/maylocnuoc2.hoctot.top\/?product=van-dien-tu\",\"url\":\"https:\/\/maylocnuoc2.hoctot.top\/?product=van-dien-tu\",\"name\":\"Van \u0111i\u1ec7n t\u1eeb - H\u1ee3p Nh\u1ea5t\",\"isPartOf\":{\"@id\":\"https:\/\/maylocnuoc2.hoctot.top\/#website\"},\"primaryImageOfPage\":{\"@id\":\"https:\/\/maylocnuoc2.hoctot.top\/?product=van-dien-tu#primaryimage\"},\"image\":{\"@id\":\"https:\/\/maylocnuoc2.hoctot.top\/?product=van-dien-tu#primaryimage\"},\"thumbnailUrl\":\"https:\/\/maylocnuoc2.hoctot.top\/wp-content\/uploads\/2023\/06\/van-34.webp\",\"datePublished\":\"2023-06-11T09:33:37+00:00\",\"dateModified\":\"2023-06-11T09:33:38+00:00\",\"breadcrumb\":{\"@id\":\"https:\/\/maylocnuoc2.hoctot.top\/?product=van-dien-tu#breadcrumb\"},\"inLanguage\":\"vi\",\"potentialAction\":[{\"@type\":\"ReadAction\",\"target\":[\"https:\/\/maylocnuoc2.hoctot.top\/?product=van-dien-tu\"]}]},{\"@type\":\"ImageObject\",\"inLanguage\":\"vi\",\"@id\":\"https:\/\/maylocnuoc2.hoctot.top\/?product=van-dien-tu#primaryimage\",\"url\":\"https:\/\/maylocnuoc2.hoctot.top\/wp-content\/uploads\/2023\/06\/van-34.webp\",\"contentUrl\":\"https:\/\/maylocnuoc2.hoctot.top\/wp-content\/uploads\/2023\/06\/van-34.webp\",\"width\":800,\"height\":800},{\"@type\":\"BreadcrumbList\",\"@id\":\"https:\/\/maylocnuoc2.hoctot.top\/?product=van-dien-tu#breadcrumb\",\"itemListElement\":[{\"@type\":\"ListItem\",\"position\":1,\"name\":\"Trang ch\u1ee7\",\"item\":\"https:\/\/maylocnuoc2.hoctot.top\/\"},{\"@type\":\"ListItem\",\"position\":2,\"name\":\"S\u1ea3n ph\u1ea9m\",\"item\":\"https:\/\/maylocnuoc2.hoctot.top\/?page_id=63\"},{\"@type\":\"ListItem\",\"position\":3,\"name\":\"V\u1eadt T\u01b0 X\u1eed L\u00fd N\u01b0\u1edbc\",\"item\":\"https:\/\/maylocnuoc2.hoctot.top\/?product_cat=vat-tu-xu-ly-nuoc\"},{\"@type\":\"ListItem\",\"position\":4,\"name\":\"Van \u0111i\u1ec7n t\u1eeb\"}]},{\"@type\":\"WebSite\",\"@id\":\"https:\/\/maylocnuoc2.hoctot.top\/#website\",\"url\":\"https:\/\/maylocnuoc2.hoctot.top\/\",\"name\":\"H\u1ee3p Nh\u1ea5t\",\"description\":\"\",\"potentialAction\":[{\"@type\":\"SearchAction\",\"target\":{\"@type\":\"EntryPoint\",\"urlTemplate\":\"https:\/\/maylocnuoc2.hoctot.top\/?s={search_term_string}\"},\"query-input\":{\"@type\":\"PropertyValueSpecification\",\"valueRequired\":true,\"valueName\":\"search_term_string\"}}],\"inLanguage\":\"vi\"}]}<\/script>\n<!-- \/ Yoast SEO plugin. -->","yoast_head_json":{"title":"Van \u0111i\u1ec7n t\u1eeb - H\u1ee3p Nh\u1ea5t","robots":{"index":"index","follow":"follow","max-snippet":"max-snippet:-1","max-image-preview":"max-image-preview:large","max-video-preview":"max-video-preview:-1"},"canonical":"https:\/\/maylocnuoc2.hoctot.top\/?product=van-dien-tu","og_locale":"vi_VN","og_type":"article","og_title":"Van \u0111i\u1ec7n t\u1eeb - H\u1ee3p Nh\u1ea5t","og_description":"\u1ee8ng d\u1ee5ng trong c\u00e1c h\u1ec7 th\u1ed1ng l\u1ecdc n\u01b0\u1edbc, d\u00e2y chuy\u1ec1n l\u1ecdc n\u01b0\u1edbc tinh khi\u1ebft. Gi\u00fap ng\u0103n kh\u00f4ng cho n\u01b0\u1edbc c\u00f3 \u00e1p l\u1ef1c ch\u1ea3y qua \u0111\u01b0\u1eddng \u1ed1ng ( h\u1ec7 th\u1ed1ng) th\u1ea5t tho\u00e1t ra ngo\u00e0i khi kh\u00f4ng c\u1ea5p \u0111i\u1ec7n cho van ho\u1ea1t \u0111\u1ed9ng.","og_url":"https:\/\/maylocnuoc2.hoctot.top\/?product=van-dien-tu","og_site_name":"H\u1ee3p Nh\u1ea5t","article_modified_time":"2023-06-11T09:33:38+00:00","og_image":[{"width":800,"height":800,"url":"https:\/\/maylocnuoc2.hoctot.top\/wp-content\/uploads\/2023\/06\/van-34.webp","type":"image\/webp"}],"twitter_card":"summary_large_image","twitter_misc":{"\u01af\u1edbc t\u00ednh th\u1eddi gian \u0111\u1ecdc":"1 ph\u00fat"},"schema":{"@context":"https:\/\/schema.org","@graph":[{"@type":"WebPage","@id":"https:\/\/maylocnuoc2.hoctot.top\/?product=van-dien-tu","url":"https:\/\/maylocnuoc2.hoctot.top\/?product=van-dien-tu","name":"Van \u0111i\u1ec7n t\u1eeb - H\u1ee3p Nh\u1ea5t","isPartOf":{"@id":"https:\/\/maylocnuoc2.hoctot.top\/#website"},"primaryImageOfPage":{"@id":"https:\/\/maylocnuoc2.hoctot.top\/?product=van-dien-tu#primaryimage"},"image":{"@id":"https:\/\/maylocnuoc2.hoctot.top\/?product=van-dien-tu#primaryimage"},"thumbnailUrl":"https:\/\/maylocnuoc2.hoctot.top\/wp-content\/uploads\/2023\/06\/van-34.webp","datePublished":"2023-06-11T09:33:37+00:00","dateModified":"2023-06-11T09:33:38+00:00","breadcrumb":{"@id":"https:\/\/maylocnuoc2.hoctot.top\/?product=van-dien-tu#breadcrumb"},"inLanguage":"vi","potentialAction":[{"@type":"ReadAction","target":["https:\/\/maylocnuoc2.hoctot.top\/?product=van-dien-tu"]}]},{"@type":"ImageObject","inLanguage":"vi","@id":"https:\/\/maylocnuoc2.hoctot.top\/?product=van-dien-tu#primaryimage","url":"https:\/\/maylocnuoc2.hoctot.top\/wp-content\/uploads\/2023\/06\/van-34.webp","contentUrl":"https:\/\/maylocnuoc2.hoctot.top\/wp-content\/uploads\/2023\/06\/van-34.webp","width":800,"height":800},{"@type":"BreadcrumbList","@id":"https:\/\/maylocnuoc2.hoctot.top\/?product=van-dien-tu#breadcrumb","itemListElement":[{"@type":"ListItem","position":1,"name":"Trang ch\u1ee7","item":"https:\/\/maylocnuoc2.hoctot.top\/"},{"@type":"ListItem","position":2,"name":"S\u1ea3n ph\u1ea9m","item":"https:\/\/maylocnuoc2.hoctot.top\/?page_id=63"},{"@type":"ListItem","position":3,"name":"V\u1eadt T\u01b0 X\u1eed L\u00fd N\u01b0\u1edbc","item":"https:\/\/maylocnuoc2.hoctot.top\/?product_cat=vat-tu-xu-ly-nuoc"},{"@type":"ListItem","position":4,"name":"Van \u0111i\u1ec7n t\u1eeb"}]},{"@type":"WebSite","@id":"https:\/\/maylocnuoc2.hoctot.top\/#website","url":"https:\/\/maylocnuoc2.hoctot.top\/","name":"H\u1ee3p Nh\u1ea5t","description":"","potentialAction":[{"@type":"SearchAction","target":{"@type":"EntryPoint","urlTemplate":"https:\/\/maylocnuoc2.hoctot.top\/?s={search_term_string}"},"query-input":{"@type":"PropertyValueSpecification","valueRequired":true,"valueName":"search_term_string"}}],"inLanguage":"vi"}]}},"_links":{"self":[{"href":"https:\/\/maylocnuoc2.hoctot.top\/index.php?rest_route=\/wp\/v2\/product\/2743","targetHints":{"allow":["GET"]}}],"collection":[{"href":"https:\/\/maylocnuoc2.hoctot.top\/index.php?rest_route=\/wp\/v2\/product"}],"about":[{"href":"https:\/\/maylocnuoc2.hoctot.top\/index.php?rest_route=\/wp\/v2\/types\/product"}],"replies":[{"embeddable":true,"href":"https:\/\/maylocnuoc2.hoctot.top\/index.php?rest_route=%2Fwp%2Fv2%2Fcomments&post=2743"}],"wp:featuredmedia":[{"embeddable":true,"href":"https:\/\/maylocnuoc2.hoctot.top\/index.php?rest_route=\/wp\/v2\/media\/2744"}],"wp:attachment":[{"href":"https:\/\/maylocnuoc2.hoctot.top\/index.php?rest_route=%2Fwp%2Fv2%2Fmedia&parent=2743"}],"wp:term":[{"taxonomy":"product_brand","embeddable":true,"href":"https:\/\/maylocnuoc2.hoctot.top\/index.php?rest_route=%2Fwp%2Fv2%2Fproduct_brand&post=2743"},{"taxonomy":"product_cat","embeddable":true,"href":"https:\/\/maylocnuoc2.hoctot.top\/index.php?rest_route=%2Fwp%2Fv2%2Fproduct_cat&post=2743"},{"taxonomy":"product_tag","embeddable":true,"href":"https:\/\/maylocnuoc2.hoctot.top\/index.php?rest_route=%2Fwp%2Fv2%2Fproduct_tag&post=2743"}],"curies":[{"name":"wp","href":"https:\/\/api.w.org\/{rel}","templated":true}]}}