{"id":2747,"date":"2023-06-11T09:42:27","date_gmt":"2023-06-11T09:42:27","guid":{"rendered":"https:\/\/luan.webrt.net\/hadoco\/?post_type=product&#038;p=2747"},"modified":"2023-06-11T09:47:36","modified_gmt":"2023-06-11T09:47:36","slug":"than-viet-nam-xuat-khau","status":"publish","type":"product","link":"https:\/\/maylocnuoc2.hoctot.top\/?product=than-viet-nam-xuat-khau","title":{"rendered":"Than Vi\u1ec7t Nam xu\u1ea5t kh\u1ea9u"},"content":{"rendered":"<p style=\"text-align: justify;\">Than ho\u1ea1t t\u00ednh l\u00e0 m\u1ed9t lo\u1ea1i v\u1eadt li\u1ec7u carbon x\u1ed1p, \u0111\u01b0\u1ee3c l\u00e0m t\u1eeb nhi\u1ec1u ch\u1ea5t li\u1ec7u t\u1ef1 nhi\u00ean nh\u01b0 g\u1ed7, g\u00e1o d\u1eeba, than non, than b\u00f9n\u2026 Than ho\u1ea1t t\u00ednh gi\u00fap l\u00e0m s\u1ea1ch n\u01b0\u1edbc b\u1eb1ng t\u00ednh n\u0103ng h\u1ea5p ph\u1ee5 c\u00e1c ch\u1ea5t g\u00e2y \u00f4 nhi\u1ec5m, c\u00e1c kim lo\u1ea1i n\u1eb7ng, m\u00e0u, m\u00f9i, c\u0169ng nh\u01b0 c\u00e1c h\u00f3a ch\u1ea5t h\u00f2a tan v\u00e0 m\u1ed9t s\u1ed1 lo\u1ea1i k\u00fd sinh tr\u00f9ng nh\u01b0 cryptosporidium v\u00e0 giardia.<\/p>\n<p style=\"text-align: justify;\">Than ho\u1ea1t t\u00ednh l\u00e0 v\u1eadt li\u1ec7u kh\u00f4ng th\u1ec3 thi\u1ebfu trong x\u1eed l\u00fd n\u01b0\u1edbc c\u1ea5p, x\u1eed l\u00fd n\u01b0\u1edbc th\u1ea3i, n\u01b0\u1edbc tinh khi\u1ebft, n\u01b0\u1edbc si\u00eau tinh khi\u1ebft. M\u1ed9t s\u1ed1 s\u1ea3n ph\u1ea9m than ho\u1ea1t t\u00ednh Hadoco \u0111ang cung c\u1ea5p nh\u01b0: than ho\u1ea1t t\u00ednh H\u00e0 Lan, than ho\u1ea1t t\u00ednh Vi\u1ec7t Nam xu\u1ea5t kh\u1ea9u, than g\u00e1o d\u1eeba Vi\u1ec7t Nam th\u01b0\u1eddng, than ho\u1ea1t t\u00ednh \u1ea4n \u0111\u1ed9&#8230;<\/p>\n","protected":false},"excerpt":{"rendered":"<p style=\"text-align: justify;\">Than ho\u1ea1t t\u00ednh l\u00e0 m\u1ed9t lo\u1ea1i v\u1eadt li\u1ec7u carbon x\u1ed1p, \u0111\u01b0\u1ee3c l\u00e0m t\u1eeb nhi\u1ec1u ch\u1ea5t li\u1ec7u t\u1ef1 nhi\u00ean nh\u01b0 g\u1ed7, g\u00e1o d\u1eeba, than non, than b\u00f9n\u2026 Than ho\u1ea1t t\u00ednh gi\u00fap l\u00e0m s\u1ea1ch n\u01b0\u1edbc b\u1eb1ng t\u00ednh n\u0103ng h\u1ea5p ph\u1ee5 c\u00e1c ch\u1ea5t g\u00e2y \u00f4 nhi\u1ec5m, c\u00e1c kim lo\u1ea1i n\u1eb7ng, m\u00e0u, m\u00f9i, c\u0169ng nh\u01b0 c\u00e1c h\u00f3a ch\u1ea5t h\u00f2a tan v\u00e0 m\u1ed9t s\u1ed1 lo\u1ea1i k\u00fd sinh tr\u00f9ng nh\u01b0 cryptosporidium v\u00e0 giardia.<\/p>\n","protected":false},"featured_media":2710,"comment_status":"open","ping_status":"closed","template":"","meta":[],"product_brand":[],"product_cat":[153,196],"product_tag":[],"class_list":{"0":"post-2747","1":"product","2":"type-product","3":"status-publish","4":"has-post-thumbnail","6":"product_cat-hoa-chat-vat-lieu","7":"product_cat-than-hoat-tinh-hoa-chat-vat-lieu","9":"first","10":"instock","11":"shipping-taxable","12":"product-type-simple"},"yoast_head":"<!-- This site is optimized with the Yoast SEO plugin v24.6 - https:\/\/yoast.com\/wordpress\/plugins\/seo\/ -->\n<title>Than Vi\u1ec7t Nam xu\u1ea5t kh\u1ea9u - H\u1ee3p Nh\u1ea5t<\/title>\n<meta name=\"robots\" content=\"index, follow, max-snippet:-1, max-image-preview:large, max-video-preview:-1\" \/>\n<link rel=\"canonical\" href=\"https:\/\/maylocnuoc2.hoctot.top\/?product=than-viet-nam-xuat-khau\" \/>\n<meta property=\"og:locale\" content=\"vi_VN\" \/>\n<meta property=\"og:type\" content=\"article\" \/>\n<meta property=\"og:title\" content=\"Than Vi\u1ec7t Nam xu\u1ea5t kh\u1ea9u - H\u1ee3p Nh\u1ea5t\" \/>\n<meta property=\"og:description\" content=\"Than ho\u1ea1t t\u00ednh l\u00e0 m\u1ed9t lo\u1ea1i v\u1eadt li\u1ec7u carbon x\u1ed1p, \u0111\u01b0\u1ee3c l\u00e0m t\u1eeb nhi\u1ec1u ch\u1ea5t li\u1ec7u t\u1ef1 nhi\u00ean nh\u01b0 g\u1ed7, g\u00e1o d\u1eeba, than non, than b\u00f9n\u2026 Than ho\u1ea1t t\u00ednh gi\u00fap l\u00e0m s\u1ea1ch n\u01b0\u1edbc b\u1eb1ng t\u00ednh n\u0103ng h\u1ea5p ph\u1ee5 c\u00e1c ch\u1ea5t g\u00e2y \u00f4 nhi\u1ec5m, c\u00e1c kim lo\u1ea1i n\u1eb7ng, m\u00e0u, m\u00f9i, c\u0169ng nh\u01b0 c\u00e1c h\u00f3a ch\u1ea5t h\u00f2a tan v\u00e0 m\u1ed9t s\u1ed1 lo\u1ea1i k\u00fd sinh tr\u00f9ng nh\u01b0 cryptosporidium v\u00e0 giardia.\" \/>\n<meta property=\"og:url\" content=\"https:\/\/maylocnuoc2.hoctot.top\/?product=than-viet-nam-xuat-khau\" \/>\n<meta property=\"og:site_name\" content=\"H\u1ee3p Nh\u1ea5t\" \/>\n<meta property=\"article:modified_time\" content=\"2023-06-11T09:47:36+00:00\" \/>\n<meta property=\"og:image\" content=\"https:\/\/maylocnuoc2.hoctot.top\/wp-content\/uploads\/2023\/06\/z4389417867662_5f763a90b7a713ba5edea451cc18d28c.jpg\" \/>\n\t<meta property=\"og:image:width\" content=\"1280\" \/>\n\t<meta property=\"og:image:height\" content=\"720\" \/>\n\t<meta property=\"og:image:type\" content=\"image\/jpeg\" \/>\n<meta name=\"twitter:card\" content=\"summary_large_image\" \/>\n<meta name=\"twitter:label1\" content=\"\u01af\u1edbc t\u00ednh th\u1eddi gian \u0111\u1ecdc\" \/>\n\t<meta name=\"twitter:data1\" content=\"1 ph\u00fat\" \/>\n<script type=\"application\/ld+json\" class=\"yoast-schema-graph\">{\"@context\":\"https:\/\/schema.org\",\"@graph\":[{\"@type\":\"WebPage\",\"@id\":\"https:\/\/maylocnuoc2.hoctot.top\/?product=than-viet-nam-xuat-khau\",\"url\":\"https:\/\/maylocnuoc2.hoctot.top\/?product=than-viet-nam-xuat-khau\",\"name\":\"Than Vi\u1ec7t Nam xu\u1ea5t kh\u1ea9u - H\u1ee3p Nh\u1ea5t\",\"isPartOf\":{\"@id\":\"https:\/\/maylocnuoc2.hoctot.top\/#website\"},\"primaryImageOfPage\":{\"@id\":\"https:\/\/maylocnuoc2.hoctot.top\/?product=than-viet-nam-xuat-khau#primaryimage\"},\"image\":{\"@id\":\"https:\/\/maylocnuoc2.hoctot.top\/?product=than-viet-nam-xuat-khau#primaryimage\"},\"thumbnailUrl\":\"https:\/\/maylocnuoc2.hoctot.top\/wp-content\/uploads\/2023\/06\/z4389417867662_5f763a90b7a713ba5edea451cc18d28c.jpg\",\"datePublished\":\"2023-06-11T09:42:27+00:00\",\"dateModified\":\"2023-06-11T09:47:36+00:00\",\"breadcrumb\":{\"@id\":\"https:\/\/maylocnuoc2.hoctot.top\/?product=than-viet-nam-xuat-khau#breadcrumb\"},\"inLanguage\":\"vi\",\"potentialAction\":[{\"@type\":\"ReadAction\",\"target\":[\"https:\/\/maylocnuoc2.hoctot.top\/?product=than-viet-nam-xuat-khau\"]}]},{\"@type\":\"ImageObject\",\"inLanguage\":\"vi\",\"@id\":\"https:\/\/maylocnuoc2.hoctot.top\/?product=than-viet-nam-xuat-khau#primaryimage\",\"url\":\"https:\/\/maylocnuoc2.hoctot.top\/wp-content\/uploads\/2023\/06\/z4389417867662_5f763a90b7a713ba5edea451cc18d28c.jpg\",\"contentUrl\":\"https:\/\/maylocnuoc2.hoctot.top\/wp-content\/uploads\/2023\/06\/z4389417867662_5f763a90b7a713ba5edea451cc18d28c.jpg\",\"width\":1280,\"height\":720},{\"@type\":\"BreadcrumbList\",\"@id\":\"https:\/\/maylocnuoc2.hoctot.top\/?product=than-viet-nam-xuat-khau#breadcrumb\",\"itemListElement\":[{\"@type\":\"ListItem\",\"position\":1,\"name\":\"Trang ch\u1ee7\",\"item\":\"https:\/\/maylocnuoc2.hoctot.top\/\"},{\"@type\":\"ListItem\",\"position\":2,\"name\":\"S\u1ea3n ph\u1ea9m\",\"item\":\"https:\/\/maylocnuoc2.hoctot.top\/?page_id=63\"},{\"@type\":\"ListItem\",\"position\":3,\"name\":\"H\u00f3a Ch\u1ea5t \u2013 V\u1eadt Li\u1ec7u\",\"item\":\"https:\/\/maylocnuoc2.hoctot.top\/?product_cat=hoa-chat-vat-lieu\"},{\"@type\":\"ListItem\",\"position\":4,\"name\":\"Than Vi\u1ec7t Nam xu\u1ea5t kh\u1ea9u\"}]},{\"@type\":\"WebSite\",\"@id\":\"https:\/\/maylocnuoc2.hoctot.top\/#website\",\"url\":\"https:\/\/maylocnuoc2.hoctot.top\/\",\"name\":\"H\u1ee3p Nh\u1ea5t\",\"description\":\"\",\"potentialAction\":[{\"@type\":\"SearchAction\",\"target\":{\"@type\":\"EntryPoint\",\"urlTemplate\":\"https:\/\/maylocnuoc2.hoctot.top\/?s={search_term_string}\"},\"query-input\":{\"@type\":\"PropertyValueSpecification\",\"valueRequired\":true,\"valueName\":\"search_term_string\"}}],\"inLanguage\":\"vi\"}]}<\/script>\n<!-- \/ Yoast SEO plugin. -->","yoast_head_json":{"title":"Than Vi\u1ec7t Nam xu\u1ea5t kh\u1ea9u - H\u1ee3p Nh\u1ea5t","robots":{"index":"index","follow":"follow","max-snippet":"max-snippet:-1","max-image-preview":"max-image-preview:large","max-video-preview":"max-video-preview:-1"},"canonical":"https:\/\/maylocnuoc2.hoctot.top\/?product=than-viet-nam-xuat-khau","og_locale":"vi_VN","og_type":"article","og_title":"Than Vi\u1ec7t Nam xu\u1ea5t kh\u1ea9u - H\u1ee3p Nh\u1ea5t","og_description":"Than ho\u1ea1t t\u00ednh l\u00e0 m\u1ed9t lo\u1ea1i v\u1eadt li\u1ec7u carbon x\u1ed1p, \u0111\u01b0\u1ee3c l\u00e0m t\u1eeb nhi\u1ec1u ch\u1ea5t li\u1ec7u t\u1ef1 nhi\u00ean nh\u01b0 g\u1ed7, g\u00e1o d\u1eeba, than non, than b\u00f9n\u2026 Than ho\u1ea1t t\u00ednh gi\u00fap l\u00e0m s\u1ea1ch n\u01b0\u1edbc b\u1eb1ng t\u00ednh n\u0103ng h\u1ea5p ph\u1ee5 c\u00e1c ch\u1ea5t g\u00e2y \u00f4 nhi\u1ec5m, c\u00e1c kim lo\u1ea1i n\u1eb7ng, m\u00e0u, m\u00f9i, c\u0169ng nh\u01b0 c\u00e1c h\u00f3a ch\u1ea5t h\u00f2a tan v\u00e0 m\u1ed9t s\u1ed1 lo\u1ea1i k\u00fd sinh tr\u00f9ng nh\u01b0 cryptosporidium v\u00e0 giardia.","og_url":"https:\/\/maylocnuoc2.hoctot.top\/?product=than-viet-nam-xuat-khau","og_site_name":"H\u1ee3p Nh\u1ea5t","article_modified_time":"2023-06-11T09:47:36+00:00","og_image":[{"width":1280,"height":720,"url":"https:\/\/maylocnuoc2.hoctot.top\/wp-content\/uploads\/2023\/06\/z4389417867662_5f763a90b7a713ba5edea451cc18d28c.jpg","type":"image\/jpeg"}],"twitter_card":"summary_large_image","twitter_misc":{"\u01af\u1edbc t\u00ednh th\u1eddi gian \u0111\u1ecdc":"1 ph\u00fat"},"schema":{"@context":"https:\/\/schema.org","@graph":[{"@type":"WebPage","@id":"https:\/\/maylocnuoc2.hoctot.top\/?product=than-viet-nam-xuat-khau","url":"https:\/\/maylocnuoc2.hoctot.top\/?product=than-viet-nam-xuat-khau","name":"Than Vi\u1ec7t Nam xu\u1ea5t kh\u1ea9u - H\u1ee3p Nh\u1ea5t","isPartOf":{"@id":"https:\/\/maylocnuoc2.hoctot.top\/#website"},"primaryImageOfPage":{"@id":"https:\/\/maylocnuoc2.hoctot.top\/?product=than-viet-nam-xuat-khau#primaryimage"},"image":{"@id":"https:\/\/maylocnuoc2.hoctot.top\/?product=than-viet-nam-xuat-khau#primaryimage"},"thumbnailUrl":"https:\/\/maylocnuoc2.hoctot.top\/wp-content\/uploads\/2023\/06\/z4389417867662_5f763a90b7a713ba5edea451cc18d28c.jpg","datePublished":"2023-06-11T09:42:27+00:00","dateModified":"2023-06-11T09:47:36+00:00","breadcrumb":{"@id":"https:\/\/maylocnuoc2.hoctot.top\/?product=than-viet-nam-xuat-khau#breadcrumb"},"inLanguage":"vi","potentialAction":[{"@type":"ReadAction","target":["https:\/\/maylocnuoc2.hoctot.top\/?product=than-viet-nam-xuat-khau"]}]},{"@type":"ImageObject","inLanguage":"vi","@id":"https:\/\/maylocnuoc2.hoctot.top\/?product=than-viet-nam-xuat-khau#primaryimage","url":"https:\/\/maylocnuoc2.hoctot.top\/wp-content\/uploads\/2023\/06\/z4389417867662_5f763a90b7a713ba5edea451cc18d28c.jpg","contentUrl":"https:\/\/maylocnuoc2.hoctot.top\/wp-content\/uploads\/2023\/06\/z4389417867662_5f763a90b7a713ba5edea451cc18d28c.jpg","width":1280,"height":720},{"@type":"BreadcrumbList","@id":"https:\/\/maylocnuoc2.hoctot.top\/?product=than-viet-nam-xuat-khau#breadcrumb","itemListElement":[{"@type":"ListItem","position":1,"name":"Trang ch\u1ee7","item":"https:\/\/maylocnuoc2.hoctot.top\/"},{"@type":"ListItem","position":2,"name":"S\u1ea3n ph\u1ea9m","item":"https:\/\/maylocnuoc2.hoctot.top\/?page_id=63"},{"@type":"ListItem","position":3,"name":"H\u00f3a Ch\u1ea5t \u2013 V\u1eadt Li\u1ec7u","item":"https:\/\/maylocnuoc2.hoctot.top\/?product_cat=hoa-chat-vat-lieu"},{"@type":"ListItem","position":4,"name":"Than Vi\u1ec7t Nam xu\u1ea5t kh\u1ea9u"}]},{"@type":"WebSite","@id":"https:\/\/maylocnuoc2.hoctot.top\/#website","url":"https:\/\/maylocnuoc2.hoctot.top\/","name":"H\u1ee3p Nh\u1ea5t","description":"","potentialAction":[{"@type":"SearchAction","target":{"@type":"EntryPoint","urlTemplate":"https:\/\/maylocnuoc2.hoctot.top\/?s={search_term_string}"},"query-input":{"@type":"PropertyValueSpecification","valueRequired":true,"valueName":"search_term_string"}}],"inLanguage":"vi"}]}},"_links":{"self":[{"href":"https:\/\/maylocnuoc2.hoctot.top\/index.php?rest_route=\/wp\/v2\/product\/2747","targetHints":{"allow":["GET"]}}],"collection":[{"href":"https:\/\/maylocnuoc2.hoctot.top\/index.php?rest_route=\/wp\/v2\/product"}],"about":[{"href":"https:\/\/maylocnuoc2.hoctot.top\/index.php?rest_route=\/wp\/v2\/types\/product"}],"replies":[{"embeddable":true,"href":"https:\/\/maylocnuoc2.hoctot.top\/index.php?rest_route=%2Fwp%2Fv2%2Fcomments&post=2747"}],"wp:featuredmedia":[{"embeddable":true,"href":"https:\/\/maylocnuoc2.hoctot.top\/index.php?rest_route=\/wp\/v2\/media\/2710"}],"wp:attachment":[{"href":"https:\/\/maylocnuoc2.hoctot.top\/index.php?rest_route=%2Fwp%2Fv2%2Fmedia&parent=2747"}],"wp:term":[{"taxonomy":"product_brand","embeddable":true,"href":"https:\/\/maylocnuoc2.hoctot.top\/index.php?rest_route=%2Fwp%2Fv2%2Fproduct_brand&post=2747"},{"taxonomy":"product_cat","embeddable":true,"href":"https:\/\/maylocnuoc2.hoctot.top\/index.php?rest_route=%2Fwp%2Fv2%2Fproduct_cat&post=2747"},{"taxonomy":"product_tag","embeddable":true,"href":"https:\/\/maylocnuoc2.hoctot.top\/index.php?rest_route=%2Fwp%2Fv2%2Fproduct_tag&post=2747"}],"curies":[{"name":"wp","href":"https:\/\/api.w.org\/{rel}","templated":true}]}}