{"id":2752,"date":"2023-06-11T09:52:31","date_gmt":"2023-06-11T09:52:31","guid":{"rendered":"https:\/\/luan.webrt.net\/hadoco\/?post_type=product&#038;p=2752"},"modified":"2023-06-11T09:54:04","modified_gmt":"2023-06-11T09:54:04","slug":"hat-nhua-trao-doi-ion-cation-ubk08","status":"publish","type":"product","link":"https:\/\/maylocnuoc2.hoctot.top\/?product=hat-nhua-trao-doi-ion-cation-ubk08","title":{"rendered":"H\u1ea0T NH\u1ef0A TRAO \u0110\u1ed4I ION &#8211; CATION UBK08"},"content":{"rendered":"<h3><span style=\"color: #0000ff;\"><strong>H\u1ea1t nh\u1ef1a trao \u0111\u1ed5i ion &#8211; Cation UBK08<\/strong><\/span><\/h3>\n<ul style=\"list-style-type: circle;\">\n<li>Th\u01b0\u01a1ng hi\u1ec7u: MITSUBISHI JAPAN<\/li>\n<li>Made in Korea (CO,CQ)<\/li>\n<li>Quy c\u00e1ch \u0111\u00f3ng g\u00f3i: 25 l\u00edt\/bao<\/li>\n<\/ul>\n<p><img loading=\"lazy\" decoding=\"async\" class=\"aligncenter size-full wp-image-2753\" src=\"https:\/\/luan.webrt.net\/hadoco\/wp-content\/uploads\/2023\/06\/Hat-nhua-trao-doi-ion-Mitsubishi-Diaion-UB08.png\" alt=\"\" width=\"1280\" height=\"720\" srcset=\"https:\/\/maylocnuoc2.hoctot.top\/wp-content\/uploads\/2023\/06\/Hat-nhua-trao-doi-ion-Mitsubishi-Diaion-UB08.png 1280w, https:\/\/maylocnuoc2.hoctot.top\/wp-content\/uploads\/2023\/06\/Hat-nhua-trao-doi-ion-Mitsubishi-Diaion-UB08-711x400.png 711w, https:\/\/maylocnuoc2.hoctot.top\/wp-content\/uploads\/2023\/06\/Hat-nhua-trao-doi-ion-Mitsubishi-Diaion-UB08-768x432.png 768w, https:\/\/maylocnuoc2.hoctot.top\/wp-content\/uploads\/2023\/06\/Hat-nhua-trao-doi-ion-Mitsubishi-Diaion-UB08-600x338.png 600w\" sizes=\"auto, (max-width: 1280px) 100vw, 1280px\" \/><\/p>\n<h3><span style=\"color: #0000ff;\"><strong>TH\u00d4NG S\u1ed0 K\u1ef8 THU\u1eacT:<\/strong><\/span><\/h3>\n<ul style=\"list-style-type: circle;\">\n<li>H\u00ecnh d\u1ea1ng: H\u1ea1t h\u00ecnh c\u1ea7u m\u00e0u v\u00e0ng, trong<\/li>\n<li>G\u1ed1c ion trao \u0111\u1ed5i : Na+<\/li>\n<li>K\u00edch th\u01b0\u1edbc h\u1ea1t :0.8 mm<\/li>\n<li>T\u1ef7 tr\u1ecdng: 840 g\/ l\u00edt<\/li>\n<li>Dung l\u01b0\u1ee3ng trao \u0111\u1ed5i: 2.0 eq\/ L\u00edt<\/li>\n<li>Kho\u1ea3ng pH l\u00e0m vi\u1ec7c : 0 &#8211; 14<\/li>\n<\/ul>\n<p>\u0110\u01a1n v\u1ecb nh\u1eadp kh\u1ea9u v\u00e0 ph\u00e2n ph\u1ed1i VIETGHA INDUSTRY<\/p>\n<p>\u1ee8ng d\u1ee5ng: l\u1ecdc n\u01b0\u1edbc, x\u1eed l\u00fd ion Ca+, Mg+ v\u00e0 c\u00e1c ion kim lo\u1ea1i kh\u00f4ng mong mu\u1ed1n.<\/p>\n","protected":false},"excerpt":{"rendered":"<ul style=\"list-style-type: circle;\">\n<li>H\u1ea1t nh\u1ef1a trao \u0111\u1ed5i ion &#8211; Cation UBK08<\/li>\n<li>Th\u01b0\u01a1ng hi\u1ec7u: MITSUBISHI JAPAN<\/li>\n<li>Made in Korea (CO,CQ)<\/li>\n<li>Quy c\u00e1ch \u0111\u00f3ng g\u00f3i: 25 l\u00edt\/bao<\/li>\n<li>\u0110\u01a1n v\u1ecb nh\u1eadp kh\u1ea9u v\u00e0 ph\u00e2n ph\u1ed1i VI\u1eb8TGHA INDUSTRY<\/li>\n<li>\u1ee8ng d\u1ee5ng: l\u1ecdc n\u01b0\u1edbc, x\u1eed l\u00fd ion Ca+, Mg+ v\u00e0 c\u00e1c kim lo\u1ea1i kh\u00f4ng mong mu\u1ed1n.<\/li>\n<\/ul>\n","protected":false},"featured_media":2753,"comment_status":"open","ping_status":"closed","template":"","meta":[],"product_brand":[],"product_cat":[184,153],"product_tag":[],"class_list":{"0":"post-2752","1":"product","2":"type-product","3":"status-publish","4":"has-post-thumbnail","6":"product_cat-hat-trao-doi-ion-hat-lam-mem","7":"product_cat-hoa-chat-vat-lieu","9":"first","10":"instock","11":"shipping-taxable","12":"product-type-simple"},"yoast_head":"<!-- This site is optimized with the Yoast SEO plugin v24.6 - https:\/\/yoast.com\/wordpress\/plugins\/seo\/ -->\n<title>H\u1ea0T NH\u1ef0A TRAO \u0110\u1ed4I ION - CATION UBK08 - H\u1ee3p Nh\u1ea5t<\/title>\n<meta name=\"robots\" content=\"index, follow, max-snippet:-1, max-image-preview:large, max-video-preview:-1\" \/>\n<link rel=\"canonical\" href=\"https:\/\/maylocnuoc2.hoctot.top\/?product=hat-nhua-trao-doi-ion-cation-ubk08\" \/>\n<meta property=\"og:locale\" content=\"vi_VN\" \/>\n<meta property=\"og:type\" content=\"article\" \/>\n<meta property=\"og:title\" content=\"H\u1ea0T NH\u1ef0A TRAO \u0110\u1ed4I ION - CATION UBK08 - H\u1ee3p Nh\u1ea5t\" \/>\n<meta property=\"og:description\" content=\"H\u1ea1t nh\u1ef1a trao \u0111\u1ed5i ion - Cation UBK08  Th\u01b0\u01a1ng hi\u1ec7u: MITSUBISHI JAPAN  Made in Korea (CO,CQ)  Quy c\u00e1ch \u0111\u00f3ng g\u00f3i: 25 l\u00edt\/bao  \u0110\u01a1n v\u1ecb nh\u1eadp kh\u1ea9u v\u00e0 ph\u00e2n ph\u1ed1i VI\u1eb8TGHA INDUSTRY  \u1ee8ng d\u1ee5ng: l\u1ecdc n\u01b0\u1edbc, x\u1eed l\u00fd ion Ca+, Mg+ v\u00e0 c\u00e1c kim lo\u1ea1i kh\u00f4ng mong mu\u1ed1n.\" \/>\n<meta property=\"og:url\" content=\"https:\/\/maylocnuoc2.hoctot.top\/?product=hat-nhua-trao-doi-ion-cation-ubk08\" \/>\n<meta property=\"og:site_name\" content=\"H\u1ee3p Nh\u1ea5t\" \/>\n<meta property=\"article:modified_time\" content=\"2023-06-11T09:54:04+00:00\" \/>\n<meta property=\"og:image\" content=\"https:\/\/maylocnuoc2.hoctot.top\/wp-content\/uploads\/2023\/06\/Hat-nhua-trao-doi-ion-Mitsubishi-Diaion-UB08.png\" \/>\n\t<meta property=\"og:image:width\" content=\"1280\" \/>\n\t<meta property=\"og:image:height\" content=\"720\" \/>\n\t<meta property=\"og:image:type\" content=\"image\/png\" \/>\n<meta name=\"twitter:card\" content=\"summary_large_image\" \/>\n<meta name=\"twitter:label1\" content=\"\u01af\u1edbc t\u00ednh th\u1eddi gian \u0111\u1ecdc\" \/>\n\t<meta name=\"twitter:data1\" content=\"1 ph\u00fat\" \/>\n<script type=\"application\/ld+json\" class=\"yoast-schema-graph\">{\"@context\":\"https:\/\/schema.org\",\"@graph\":[{\"@type\":\"WebPage\",\"@id\":\"https:\/\/maylocnuoc2.hoctot.top\/?product=hat-nhua-trao-doi-ion-cation-ubk08\",\"url\":\"https:\/\/maylocnuoc2.hoctot.top\/?product=hat-nhua-trao-doi-ion-cation-ubk08\",\"name\":\"H\u1ea0T NH\u1ef0A TRAO \u0110\u1ed4I ION - CATION UBK08 - H\u1ee3p Nh\u1ea5t\",\"isPartOf\":{\"@id\":\"https:\/\/maylocnuoc2.hoctot.top\/#website\"},\"primaryImageOfPage\":{\"@id\":\"https:\/\/maylocnuoc2.hoctot.top\/?product=hat-nhua-trao-doi-ion-cation-ubk08#primaryimage\"},\"image\":{\"@id\":\"https:\/\/maylocnuoc2.hoctot.top\/?product=hat-nhua-trao-doi-ion-cation-ubk08#primaryimage\"},\"thumbnailUrl\":\"https:\/\/maylocnuoc2.hoctot.top\/wp-content\/uploads\/2023\/06\/Hat-nhua-trao-doi-ion-Mitsubishi-Diaion-UB08.png\",\"datePublished\":\"2023-06-11T09:52:31+00:00\",\"dateModified\":\"2023-06-11T09:54:04+00:00\",\"breadcrumb\":{\"@id\":\"https:\/\/maylocnuoc2.hoctot.top\/?product=hat-nhua-trao-doi-ion-cation-ubk08#breadcrumb\"},\"inLanguage\":\"vi\",\"potentialAction\":[{\"@type\":\"ReadAction\",\"target\":[\"https:\/\/maylocnuoc2.hoctot.top\/?product=hat-nhua-trao-doi-ion-cation-ubk08\"]}]},{\"@type\":\"ImageObject\",\"inLanguage\":\"vi\",\"@id\":\"https:\/\/maylocnuoc2.hoctot.top\/?product=hat-nhua-trao-doi-ion-cation-ubk08#primaryimage\",\"url\":\"https:\/\/maylocnuoc2.hoctot.top\/wp-content\/uploads\/2023\/06\/Hat-nhua-trao-doi-ion-Mitsubishi-Diaion-UB08.png\",\"contentUrl\":\"https:\/\/maylocnuoc2.hoctot.top\/wp-content\/uploads\/2023\/06\/Hat-nhua-trao-doi-ion-Mitsubishi-Diaion-UB08.png\",\"width\":1280,\"height\":720},{\"@type\":\"BreadcrumbList\",\"@id\":\"https:\/\/maylocnuoc2.hoctot.top\/?product=hat-nhua-trao-doi-ion-cation-ubk08#breadcrumb\",\"itemListElement\":[{\"@type\":\"ListItem\",\"position\":1,\"name\":\"Trang ch\u1ee7\",\"item\":\"https:\/\/maylocnuoc2.hoctot.top\/\"},{\"@type\":\"ListItem\",\"position\":2,\"name\":\"S\u1ea3n ph\u1ea9m\",\"item\":\"https:\/\/maylocnuoc2.hoctot.top\/?page_id=63\"},{\"@type\":\"ListItem\",\"position\":3,\"name\":\"H\u00f3a Ch\u1ea5t \u2013 V\u1eadt Li\u1ec7u\",\"item\":\"https:\/\/maylocnuoc2.hoctot.top\/?product_cat=hoa-chat-vat-lieu\"},{\"@type\":\"ListItem\",\"position\":4,\"name\":\"H\u1ea0T NH\u1ef0A TRAO \u0110\u1ed4I ION &#8211; CATION UBK08\"}]},{\"@type\":\"WebSite\",\"@id\":\"https:\/\/maylocnuoc2.hoctot.top\/#website\",\"url\":\"https:\/\/maylocnuoc2.hoctot.top\/\",\"name\":\"H\u1ee3p Nh\u1ea5t\",\"description\":\"\",\"potentialAction\":[{\"@type\":\"SearchAction\",\"target\":{\"@type\":\"EntryPoint\",\"urlTemplate\":\"https:\/\/maylocnuoc2.hoctot.top\/?s={search_term_string}\"},\"query-input\":{\"@type\":\"PropertyValueSpecification\",\"valueRequired\":true,\"valueName\":\"search_term_string\"}}],\"inLanguage\":\"vi\"}]}<\/script>\n<!-- \/ Yoast SEO plugin. -->","yoast_head_json":{"title":"H\u1ea0T NH\u1ef0A TRAO \u0110\u1ed4I ION - CATION UBK08 - H\u1ee3p Nh\u1ea5t","robots":{"index":"index","follow":"follow","max-snippet":"max-snippet:-1","max-image-preview":"max-image-preview:large","max-video-preview":"max-video-preview:-1"},"canonical":"https:\/\/maylocnuoc2.hoctot.top\/?product=hat-nhua-trao-doi-ion-cation-ubk08","og_locale":"vi_VN","og_type":"article","og_title":"H\u1ea0T NH\u1ef0A TRAO \u0110\u1ed4I ION - CATION UBK08 - H\u1ee3p Nh\u1ea5t","og_description":"H\u1ea1t nh\u1ef1a trao \u0111\u1ed5i ion - Cation UBK08  Th\u01b0\u01a1ng hi\u1ec7u: MITSUBISHI JAPAN  Made in Korea (CO,CQ)  Quy c\u00e1ch \u0111\u00f3ng g\u00f3i: 25 l\u00edt\/bao  \u0110\u01a1n v\u1ecb nh\u1eadp kh\u1ea9u v\u00e0 ph\u00e2n ph\u1ed1i VI\u1eb8TGHA INDUSTRY  \u1ee8ng d\u1ee5ng: l\u1ecdc n\u01b0\u1edbc, x\u1eed l\u00fd ion Ca+, Mg+ v\u00e0 c\u00e1c kim lo\u1ea1i kh\u00f4ng mong mu\u1ed1n.","og_url":"https:\/\/maylocnuoc2.hoctot.top\/?product=hat-nhua-trao-doi-ion-cation-ubk08","og_site_name":"H\u1ee3p Nh\u1ea5t","article_modified_time":"2023-06-11T09:54:04+00:00","og_image":[{"width":1280,"height":720,"url":"https:\/\/maylocnuoc2.hoctot.top\/wp-content\/uploads\/2023\/06\/Hat-nhua-trao-doi-ion-Mitsubishi-Diaion-UB08.png","type":"image\/png"}],"twitter_card":"summary_large_image","twitter_misc":{"\u01af\u1edbc t\u00ednh th\u1eddi gian \u0111\u1ecdc":"1 ph\u00fat"},"schema":{"@context":"https:\/\/schema.org","@graph":[{"@type":"WebPage","@id":"https:\/\/maylocnuoc2.hoctot.top\/?product=hat-nhua-trao-doi-ion-cation-ubk08","url":"https:\/\/maylocnuoc2.hoctot.top\/?product=hat-nhua-trao-doi-ion-cation-ubk08","name":"H\u1ea0T NH\u1ef0A TRAO \u0110\u1ed4I ION - CATION UBK08 - H\u1ee3p Nh\u1ea5t","isPartOf":{"@id":"https:\/\/maylocnuoc2.hoctot.top\/#website"},"primaryImageOfPage":{"@id":"https:\/\/maylocnuoc2.hoctot.top\/?product=hat-nhua-trao-doi-ion-cation-ubk08#primaryimage"},"image":{"@id":"https:\/\/maylocnuoc2.hoctot.top\/?product=hat-nhua-trao-doi-ion-cation-ubk08#primaryimage"},"thumbnailUrl":"https:\/\/maylocnuoc2.hoctot.top\/wp-content\/uploads\/2023\/06\/Hat-nhua-trao-doi-ion-Mitsubishi-Diaion-UB08.png","datePublished":"2023-06-11T09:52:31+00:00","dateModified":"2023-06-11T09:54:04+00:00","breadcrumb":{"@id":"https:\/\/maylocnuoc2.hoctot.top\/?product=hat-nhua-trao-doi-ion-cation-ubk08#breadcrumb"},"inLanguage":"vi","potentialAction":[{"@type":"ReadAction","target":["https:\/\/maylocnuoc2.hoctot.top\/?product=hat-nhua-trao-doi-ion-cation-ubk08"]}]},{"@type":"ImageObject","inLanguage":"vi","@id":"https:\/\/maylocnuoc2.hoctot.top\/?product=hat-nhua-trao-doi-ion-cation-ubk08#primaryimage","url":"https:\/\/maylocnuoc2.hoctot.top\/wp-content\/uploads\/2023\/06\/Hat-nhua-trao-doi-ion-Mitsubishi-Diaion-UB08.png","contentUrl":"https:\/\/maylocnuoc2.hoctot.top\/wp-content\/uploads\/2023\/06\/Hat-nhua-trao-doi-ion-Mitsubishi-Diaion-UB08.png","width":1280,"height":720},{"@type":"BreadcrumbList","@id":"https:\/\/maylocnuoc2.hoctot.top\/?product=hat-nhua-trao-doi-ion-cation-ubk08#breadcrumb","itemListElement":[{"@type":"ListItem","position":1,"name":"Trang ch\u1ee7","item":"https:\/\/maylocnuoc2.hoctot.top\/"},{"@type":"ListItem","position":2,"name":"S\u1ea3n ph\u1ea9m","item":"https:\/\/maylocnuoc2.hoctot.top\/?page_id=63"},{"@type":"ListItem","position":3,"name":"H\u00f3a Ch\u1ea5t \u2013 V\u1eadt Li\u1ec7u","item":"https:\/\/maylocnuoc2.hoctot.top\/?product_cat=hoa-chat-vat-lieu"},{"@type":"ListItem","position":4,"name":"H\u1ea0T NH\u1ef0A TRAO \u0110\u1ed4I ION &#8211; CATION UBK08"}]},{"@type":"WebSite","@id":"https:\/\/maylocnuoc2.hoctot.top\/#website","url":"https:\/\/maylocnuoc2.hoctot.top\/","name":"H\u1ee3p Nh\u1ea5t","description":"","potentialAction":[{"@type":"SearchAction","target":{"@type":"EntryPoint","urlTemplate":"https:\/\/maylocnuoc2.hoctot.top\/?s={search_term_string}"},"query-input":{"@type":"PropertyValueSpecification","valueRequired":true,"valueName":"search_term_string"}}],"inLanguage":"vi"}]}},"_links":{"self":[{"href":"https:\/\/maylocnuoc2.hoctot.top\/index.php?rest_route=\/wp\/v2\/product\/2752","targetHints":{"allow":["GET"]}}],"collection":[{"href":"https:\/\/maylocnuoc2.hoctot.top\/index.php?rest_route=\/wp\/v2\/product"}],"about":[{"href":"https:\/\/maylocnuoc2.hoctot.top\/index.php?rest_route=\/wp\/v2\/types\/product"}],"replies":[{"embeddable":true,"href":"https:\/\/maylocnuoc2.hoctot.top\/index.php?rest_route=%2Fwp%2Fv2%2Fcomments&post=2752"}],"wp:featuredmedia":[{"embeddable":true,"href":"https:\/\/maylocnuoc2.hoctot.top\/index.php?rest_route=\/wp\/v2\/media\/2753"}],"wp:attachment":[{"href":"https:\/\/maylocnuoc2.hoctot.top\/index.php?rest_route=%2Fwp%2Fv2%2Fmedia&parent=2752"}],"wp:term":[{"taxonomy":"product_brand","embeddable":true,"href":"https:\/\/maylocnuoc2.hoctot.top\/index.php?rest_route=%2Fwp%2Fv2%2Fproduct_brand&post=2752"},{"taxonomy":"product_cat","embeddable":true,"href":"https:\/\/maylocnuoc2.hoctot.top\/index.php?rest_route=%2Fwp%2Fv2%2Fproduct_cat&post=2752"},{"taxonomy":"product_tag","embeddable":true,"href":"https:\/\/maylocnuoc2.hoctot.top\/index.php?rest_route=%2Fwp%2Fv2%2Fproduct_tag&post=2752"}],"curies":[{"name":"wp","href":"https:\/\/api.w.org\/{rel}","templated":true}]}}