{"id":2754,"date":"2023-06-11T09:55:18","date_gmt":"2023-06-11T09:55:18","guid":{"rendered":"https:\/\/luan.webrt.net\/hadoco\/?post_type=product&#038;p=2754"},"modified":"2023-06-11T09:55:19","modified_gmt":"2023-06-11T09:55:19","slug":"hat-mixbed-purolife-mb400","status":"publish","type":"product","link":"https:\/\/maylocnuoc2.hoctot.top\/?product=hat-mixbed-purolife-mb400","title":{"rendered":"H\u1ea0T MIXBED PUROLIFE MB400"},"content":{"rendered":"<p style=\"text-align: justify;\">H\u1ea1t nh\u1ef1a trao \u0111\u1ed5i ion hay c\u00f2n g\u1ecdi l\u00e0 h\u1ea1t l\u00e0m m\u1ec1m n\u01b0\u1edbc, l\u00e0 lo\u1ea1i h\u1ea1t kh\u00f4ng h\u00f2a tan, c\u00f3 ch\u1ee9a c\u00e1c ion c\u00f3 th\u1ec3 d\u1ec5 d\u00e0ng trao \u0111\u1ed5i v\u1edbi c\u00e1c ion kh\u00e1c trong dung d\u1ecbch. S\u1ea3n ph\u1ea9m \u0111\u01b0\u1ee3c \u1ee9ng d\u1ee5ng trong x\u1eed l\u00fd n\u01b0\u1edbc c\u1ee9ng, n\u01b0\u1edbc m\u1eb7n, n\u01b0\u1edbc l\u1ee3, n\u01b0\u1edbc tinh khi\u1ebft, \u2026 C\u00f3 3 lo\u1ea1i h\u1ea1t nh\u1ef1a trao \u0111\u1ed5i ion trong x\u1eed l\u00fd n\u01b0\u1edbc l\u00e0: h\u1ea1t cation, h\u1ea1t anion, h\u1ea1t mixed bed.<\/p>\n<p><img loading=\"lazy\" decoding=\"async\" class=\"aligncenter  wp-image-2706\" src=\"https:\/\/luan.webrt.net\/hadoco\/wp-content\/uploads\/2023\/06\/z4389417713398_f88551f37234a2bbe5a8d9bd5eba4243.jpg\" alt=\"\" width=\"659\" height=\"412\" srcset=\"https:\/\/maylocnuoc2.hoctot.top\/wp-content\/uploads\/2023\/06\/z4389417713398_f88551f37234a2bbe5a8d9bd5eba4243.jpg 800w, https:\/\/maylocnuoc2.hoctot.top\/wp-content\/uploads\/2023\/06\/z4389417713398_f88551f37234a2bbe5a8d9bd5eba4243-640x400.jpg 640w, https:\/\/maylocnuoc2.hoctot.top\/wp-content\/uploads\/2023\/06\/z4389417713398_f88551f37234a2bbe5a8d9bd5eba4243-768x480.jpg 768w, https:\/\/maylocnuoc2.hoctot.top\/wp-content\/uploads\/2023\/06\/z4389417713398_f88551f37234a2bbe5a8d9bd5eba4243-600x375.jpg 600w\" sizes=\"auto, (max-width: 659px) 100vw, 659px\" \/><\/p>\n","protected":false},"excerpt":{"rendered":"<p style=\"text-align: justify;\">H\u1ea1t nh\u1ef1a trao \u0111\u1ed5i ion hay c\u00f2n g\u1ecdi l\u00e0 h\u1ea1t l\u00e0m m\u1ec1m n\u01b0\u1edbc, l\u00e0 lo\u1ea1i h\u1ea1t kh\u00f4ng h\u00f2a tan, c\u00f3 ch\u1ee9a c\u00e1c ion c\u00f3 th\u1ec3 d\u1ec5 d\u00e0ng trao \u0111\u1ed5i v\u1edbi c\u00e1c ion kh\u00e1c trong dung d\u1ecbch. S\u1ea3n ph\u1ea9m \u0111\u01b0\u1ee3c \u1ee9ng d\u1ee5ng trong x\u1eed l\u00fd n\u01b0\u1edbc c\u1ee9ng, n\u01b0\u1edbc m\u1eb7n, n\u01b0\u1edbc l\u1ee3, n\u01b0\u1edbc tinh khi\u1ebft, \u2026 C\u00f3 3 lo\u1ea1i h\u1ea1t nh\u1ef1a trao \u0111\u1ed5i ion trong x\u1eed l\u00fd n\u01b0\u1edbc l\u00e0: h\u1ea1t cation, h\u1ea1t anion, h\u1ea1t mixed bed.<\/p>\n","protected":false},"featured_media":2706,"comment_status":"open","ping_status":"closed","template":"","meta":[],"product_brand":[],"product_cat":[184,153],"product_tag":[],"class_list":{"0":"post-2754","1":"product","2":"type-product","3":"status-publish","4":"has-post-thumbnail","6":"product_cat-hat-trao-doi-ion-hat-lam-mem","7":"product_cat-hoa-chat-vat-lieu","9":"first","10":"instock","11":"shipping-taxable","12":"product-type-simple"},"yoast_head":"<!-- This site is optimized with the Yoast SEO plugin v24.6 - https:\/\/yoast.com\/wordpress\/plugins\/seo\/ -->\n<title>H\u1ea0T MIXBED PUROLIFE MB400 - H\u1ee3p Nh\u1ea5t<\/title>\n<meta name=\"robots\" content=\"index, follow, max-snippet:-1, max-image-preview:large, max-video-preview:-1\" \/>\n<link rel=\"canonical\" href=\"https:\/\/maylocnuoc2.hoctot.top\/?product=hat-mixbed-purolife-mb400\" \/>\n<meta property=\"og:locale\" content=\"vi_VN\" \/>\n<meta property=\"og:type\" content=\"article\" \/>\n<meta property=\"og:title\" content=\"H\u1ea0T MIXBED PUROLIFE MB400 - H\u1ee3p Nh\u1ea5t\" \/>\n<meta property=\"og:description\" content=\"H\u1ea1t nh\u1ef1a trao \u0111\u1ed5i ion hay c\u00f2n g\u1ecdi l\u00e0 h\u1ea1t l\u00e0m m\u1ec1m n\u01b0\u1edbc, l\u00e0 lo\u1ea1i h\u1ea1t kh\u00f4ng h\u00f2a tan, c\u00f3 ch\u1ee9a c\u00e1c ion c\u00f3 th\u1ec3 d\u1ec5 d\u00e0ng trao \u0111\u1ed5i v\u1edbi c\u00e1c ion kh\u00e1c trong dung d\u1ecbch. S\u1ea3n ph\u1ea9m \u0111\u01b0\u1ee3c \u1ee9ng d\u1ee5ng trong x\u1eed l\u00fd n\u01b0\u1edbc c\u1ee9ng, n\u01b0\u1edbc m\u1eb7n, n\u01b0\u1edbc l\u1ee3, n\u01b0\u1edbc tinh khi\u1ebft, \u2026 C\u00f3 3 lo\u1ea1i h\u1ea1t nh\u1ef1a trao \u0111\u1ed5i ion trong x\u1eed l\u00fd n\u01b0\u1edbc l\u00e0: h\u1ea1t cation, h\u1ea1t anion, h\u1ea1t mixed bed.\" \/>\n<meta property=\"og:url\" content=\"https:\/\/maylocnuoc2.hoctot.top\/?product=hat-mixbed-purolife-mb400\" \/>\n<meta property=\"og:site_name\" content=\"H\u1ee3p Nh\u1ea5t\" \/>\n<meta property=\"article:modified_time\" content=\"2023-06-11T09:55:19+00:00\" \/>\n<meta property=\"og:image\" content=\"https:\/\/maylocnuoc2.hoctot.top\/wp-content\/uploads\/2023\/06\/z4389417713398_f88551f37234a2bbe5a8d9bd5eba4243.jpg\" \/>\n\t<meta property=\"og:image:width\" content=\"800\" \/>\n\t<meta property=\"og:image:height\" content=\"500\" \/>\n\t<meta property=\"og:image:type\" content=\"image\/jpeg\" \/>\n<meta name=\"twitter:card\" content=\"summary_large_image\" \/>\n<meta name=\"twitter:label1\" content=\"\u01af\u1edbc t\u00ednh th\u1eddi gian \u0111\u1ecdc\" \/>\n\t<meta name=\"twitter:data1\" content=\"1 ph\u00fat\" \/>\n<script type=\"application\/ld+json\" class=\"yoast-schema-graph\">{\"@context\":\"https:\/\/schema.org\",\"@graph\":[{\"@type\":\"WebPage\",\"@id\":\"https:\/\/maylocnuoc2.hoctot.top\/?product=hat-mixbed-purolife-mb400\",\"url\":\"https:\/\/maylocnuoc2.hoctot.top\/?product=hat-mixbed-purolife-mb400\",\"name\":\"H\u1ea0T MIXBED PUROLIFE MB400 - H\u1ee3p Nh\u1ea5t\",\"isPartOf\":{\"@id\":\"https:\/\/maylocnuoc2.hoctot.top\/#website\"},\"primaryImageOfPage\":{\"@id\":\"https:\/\/maylocnuoc2.hoctot.top\/?product=hat-mixbed-purolife-mb400#primaryimage\"},\"image\":{\"@id\":\"https:\/\/maylocnuoc2.hoctot.top\/?product=hat-mixbed-purolife-mb400#primaryimage\"},\"thumbnailUrl\":\"https:\/\/maylocnuoc2.hoctot.top\/wp-content\/uploads\/2023\/06\/z4389417713398_f88551f37234a2bbe5a8d9bd5eba4243.jpg\",\"datePublished\":\"2023-06-11T09:55:18+00:00\",\"dateModified\":\"2023-06-11T09:55:19+00:00\",\"breadcrumb\":{\"@id\":\"https:\/\/maylocnuoc2.hoctot.top\/?product=hat-mixbed-purolife-mb400#breadcrumb\"},\"inLanguage\":\"vi\",\"potentialAction\":[{\"@type\":\"ReadAction\",\"target\":[\"https:\/\/maylocnuoc2.hoctot.top\/?product=hat-mixbed-purolife-mb400\"]}]},{\"@type\":\"ImageObject\",\"inLanguage\":\"vi\",\"@id\":\"https:\/\/maylocnuoc2.hoctot.top\/?product=hat-mixbed-purolife-mb400#primaryimage\",\"url\":\"https:\/\/maylocnuoc2.hoctot.top\/wp-content\/uploads\/2023\/06\/z4389417713398_f88551f37234a2bbe5a8d9bd5eba4243.jpg\",\"contentUrl\":\"https:\/\/maylocnuoc2.hoctot.top\/wp-content\/uploads\/2023\/06\/z4389417713398_f88551f37234a2bbe5a8d9bd5eba4243.jpg\",\"width\":800,\"height\":500},{\"@type\":\"BreadcrumbList\",\"@id\":\"https:\/\/maylocnuoc2.hoctot.top\/?product=hat-mixbed-purolife-mb400#breadcrumb\",\"itemListElement\":[{\"@type\":\"ListItem\",\"position\":1,\"name\":\"Trang ch\u1ee7\",\"item\":\"https:\/\/maylocnuoc2.hoctot.top\/\"},{\"@type\":\"ListItem\",\"position\":2,\"name\":\"S\u1ea3n ph\u1ea9m\",\"item\":\"https:\/\/maylocnuoc2.hoctot.top\/?page_id=63\"},{\"@type\":\"ListItem\",\"position\":3,\"name\":\"H\u00f3a Ch\u1ea5t \u2013 V\u1eadt Li\u1ec7u\",\"item\":\"https:\/\/maylocnuoc2.hoctot.top\/?product_cat=hoa-chat-vat-lieu\"},{\"@type\":\"ListItem\",\"position\":4,\"name\":\"H\u1ea0T MIXBED PUROLIFE MB400\"}]},{\"@type\":\"WebSite\",\"@id\":\"https:\/\/maylocnuoc2.hoctot.top\/#website\",\"url\":\"https:\/\/maylocnuoc2.hoctot.top\/\",\"name\":\"H\u1ee3p Nh\u1ea5t\",\"description\":\"\",\"potentialAction\":[{\"@type\":\"SearchAction\",\"target\":{\"@type\":\"EntryPoint\",\"urlTemplate\":\"https:\/\/maylocnuoc2.hoctot.top\/?s={search_term_string}\"},\"query-input\":{\"@type\":\"PropertyValueSpecification\",\"valueRequired\":true,\"valueName\":\"search_term_string\"}}],\"inLanguage\":\"vi\"}]}<\/script>\n<!-- \/ Yoast SEO plugin. -->","yoast_head_json":{"title":"H\u1ea0T MIXBED PUROLIFE MB400 - H\u1ee3p Nh\u1ea5t","robots":{"index":"index","follow":"follow","max-snippet":"max-snippet:-1","max-image-preview":"max-image-preview:large","max-video-preview":"max-video-preview:-1"},"canonical":"https:\/\/maylocnuoc2.hoctot.top\/?product=hat-mixbed-purolife-mb400","og_locale":"vi_VN","og_type":"article","og_title":"H\u1ea0T MIXBED PUROLIFE MB400 - H\u1ee3p Nh\u1ea5t","og_description":"H\u1ea1t nh\u1ef1a trao \u0111\u1ed5i ion hay c\u00f2n g\u1ecdi l\u00e0 h\u1ea1t l\u00e0m m\u1ec1m n\u01b0\u1edbc, l\u00e0 lo\u1ea1i h\u1ea1t kh\u00f4ng h\u00f2a tan, c\u00f3 ch\u1ee9a c\u00e1c ion c\u00f3 th\u1ec3 d\u1ec5 d\u00e0ng trao \u0111\u1ed5i v\u1edbi c\u00e1c ion kh\u00e1c trong dung d\u1ecbch. S\u1ea3n ph\u1ea9m \u0111\u01b0\u1ee3c \u1ee9ng d\u1ee5ng trong x\u1eed l\u00fd n\u01b0\u1edbc c\u1ee9ng, n\u01b0\u1edbc m\u1eb7n, n\u01b0\u1edbc l\u1ee3, n\u01b0\u1edbc tinh khi\u1ebft, \u2026 C\u00f3 3 lo\u1ea1i h\u1ea1t nh\u1ef1a trao \u0111\u1ed5i ion trong x\u1eed l\u00fd n\u01b0\u1edbc l\u00e0: h\u1ea1t cation, h\u1ea1t anion, h\u1ea1t mixed bed.","og_url":"https:\/\/maylocnuoc2.hoctot.top\/?product=hat-mixbed-purolife-mb400","og_site_name":"H\u1ee3p Nh\u1ea5t","article_modified_time":"2023-06-11T09:55:19+00:00","og_image":[{"width":800,"height":500,"url":"https:\/\/maylocnuoc2.hoctot.top\/wp-content\/uploads\/2023\/06\/z4389417713398_f88551f37234a2bbe5a8d9bd5eba4243.jpg","type":"image\/jpeg"}],"twitter_card":"summary_large_image","twitter_misc":{"\u01af\u1edbc t\u00ednh th\u1eddi gian \u0111\u1ecdc":"1 ph\u00fat"},"schema":{"@context":"https:\/\/schema.org","@graph":[{"@type":"WebPage","@id":"https:\/\/maylocnuoc2.hoctot.top\/?product=hat-mixbed-purolife-mb400","url":"https:\/\/maylocnuoc2.hoctot.top\/?product=hat-mixbed-purolife-mb400","name":"H\u1ea0T MIXBED PUROLIFE MB400 - H\u1ee3p Nh\u1ea5t","isPartOf":{"@id":"https:\/\/maylocnuoc2.hoctot.top\/#website"},"primaryImageOfPage":{"@id":"https:\/\/maylocnuoc2.hoctot.top\/?product=hat-mixbed-purolife-mb400#primaryimage"},"image":{"@id":"https:\/\/maylocnuoc2.hoctot.top\/?product=hat-mixbed-purolife-mb400#primaryimage"},"thumbnailUrl":"https:\/\/maylocnuoc2.hoctot.top\/wp-content\/uploads\/2023\/06\/z4389417713398_f88551f37234a2bbe5a8d9bd5eba4243.jpg","datePublished":"2023-06-11T09:55:18+00:00","dateModified":"2023-06-11T09:55:19+00:00","breadcrumb":{"@id":"https:\/\/maylocnuoc2.hoctot.top\/?product=hat-mixbed-purolife-mb400#breadcrumb"},"inLanguage":"vi","potentialAction":[{"@type":"ReadAction","target":["https:\/\/maylocnuoc2.hoctot.top\/?product=hat-mixbed-purolife-mb400"]}]},{"@type":"ImageObject","inLanguage":"vi","@id":"https:\/\/maylocnuoc2.hoctot.top\/?product=hat-mixbed-purolife-mb400#primaryimage","url":"https:\/\/maylocnuoc2.hoctot.top\/wp-content\/uploads\/2023\/06\/z4389417713398_f88551f37234a2bbe5a8d9bd5eba4243.jpg","contentUrl":"https:\/\/maylocnuoc2.hoctot.top\/wp-content\/uploads\/2023\/06\/z4389417713398_f88551f37234a2bbe5a8d9bd5eba4243.jpg","width":800,"height":500},{"@type":"BreadcrumbList","@id":"https:\/\/maylocnuoc2.hoctot.top\/?product=hat-mixbed-purolife-mb400#breadcrumb","itemListElement":[{"@type":"ListItem","position":1,"name":"Trang ch\u1ee7","item":"https:\/\/maylocnuoc2.hoctot.top\/"},{"@type":"ListItem","position":2,"name":"S\u1ea3n ph\u1ea9m","item":"https:\/\/maylocnuoc2.hoctot.top\/?page_id=63"},{"@type":"ListItem","position":3,"name":"H\u00f3a Ch\u1ea5t \u2013 V\u1eadt Li\u1ec7u","item":"https:\/\/maylocnuoc2.hoctot.top\/?product_cat=hoa-chat-vat-lieu"},{"@type":"ListItem","position":4,"name":"H\u1ea0T MIXBED PUROLIFE MB400"}]},{"@type":"WebSite","@id":"https:\/\/maylocnuoc2.hoctot.top\/#website","url":"https:\/\/maylocnuoc2.hoctot.top\/","name":"H\u1ee3p Nh\u1ea5t","description":"","potentialAction":[{"@type":"SearchAction","target":{"@type":"EntryPoint","urlTemplate":"https:\/\/maylocnuoc2.hoctot.top\/?s={search_term_string}"},"query-input":{"@type":"PropertyValueSpecification","valueRequired":true,"valueName":"search_term_string"}}],"inLanguage":"vi"}]}},"_links":{"self":[{"href":"https:\/\/maylocnuoc2.hoctot.top\/index.php?rest_route=\/wp\/v2\/product\/2754","targetHints":{"allow":["GET"]}}],"collection":[{"href":"https:\/\/maylocnuoc2.hoctot.top\/index.php?rest_route=\/wp\/v2\/product"}],"about":[{"href":"https:\/\/maylocnuoc2.hoctot.top\/index.php?rest_route=\/wp\/v2\/types\/product"}],"replies":[{"embeddable":true,"href":"https:\/\/maylocnuoc2.hoctot.top\/index.php?rest_route=%2Fwp%2Fv2%2Fcomments&post=2754"}],"wp:featuredmedia":[{"embeddable":true,"href":"https:\/\/maylocnuoc2.hoctot.top\/index.php?rest_route=\/wp\/v2\/media\/2706"}],"wp:attachment":[{"href":"https:\/\/maylocnuoc2.hoctot.top\/index.php?rest_route=%2Fwp%2Fv2%2Fmedia&parent=2754"}],"wp:term":[{"taxonomy":"product_brand","embeddable":true,"href":"https:\/\/maylocnuoc2.hoctot.top\/index.php?rest_route=%2Fwp%2Fv2%2Fproduct_brand&post=2754"},{"taxonomy":"product_cat","embeddable":true,"href":"https:\/\/maylocnuoc2.hoctot.top\/index.php?rest_route=%2Fwp%2Fv2%2Fproduct_cat&post=2754"},{"taxonomy":"product_tag","embeddable":true,"href":"https:\/\/maylocnuoc2.hoctot.top\/index.php?rest_route=%2Fwp%2Fv2%2Fproduct_tag&post=2754"}],"curies":[{"name":"wp","href":"https:\/\/api.w.org\/{rel}","templated":true}]}}