{"id":2755,"date":"2023-06-11T09:58:37","date_gmt":"2023-06-11T09:58:37","guid":{"rendered":"https:\/\/luan.webrt.net\/hadoco\/?post_type=product&#038;p=2755"},"modified":"2023-06-11T09:58:38","modified_gmt":"2023-06-11T09:58:38","slug":"hat-cation-extrepure","status":"publish","type":"product","link":"https:\/\/maylocnuoc2.hoctot.top\/?product=hat-cation-extrepure","title":{"rendered":"H\u1ea0T CATION EXTREPURE"},"content":{"rendered":"<h3 style=\"text-align: justify;\"><span style=\"color: #0000ff;\"><strong>M\u00d4 T\u1ea2 TH\u00d4NG S\u1ed0 K\u1ef8 THU\u1eacT<\/strong><\/span><\/h3>\n<ul style=\"list-style-type: circle;\">\n<li style=\"text-align: justify;\">T\u00ean th\u01b0\u1eddng g\u1ecdi: Cation C100<\/li>\n<li style=\"text-align: justify;\">T\u1ef7 tr\u1ecdng: 750 \u2013 780 kg\/m3<\/li>\n<li style=\"text-align: justify;\">Nhi\u1ec7t \u0111\u1ed9 l\u00e0m vi\u1ec7c: 0 \u2013 50 \u0111\u1ed9 C<\/li>\n<li style=\"text-align: justify;\">\u0110\u01b0\u1eddng k\u00ednh h\u1ea1t: 8 \u2013 16 mesh<\/li>\n<li style=\"text-align: justify;\">Quy c\u00e1ch \u0111\u00f3ng bao: 25 l\u00edt\/bao<\/li>\n<li style=\"text-align: justify;\">Xu\u1ea5t x\u1ee9: China<\/li>\n<\/ul>\n<h3 style=\"text-align: justify;\"><span style=\"color: #0000ff;\"><strong>\u1ee8ng d\u1ee5ng:<\/strong><\/span><\/h3>\n<p style=\"text-align: justify;\">\u1ee8ng d\u1ee5ng ch\u00ednh l\u00e0 x\u1eed l\u00fd l\u00e0m m\u1ec1m n\u01b0\u1edbc, lo\u1ea1i b\u1ecf nh\u1eefng ch\u1ea5t kho\u00e1ng, ch\u1ea5t ki\u1ec1m kh\u00f4ng c\u1ea7n thi\u1ebft trong n\u01b0\u1edbc:<\/p>\n<ul style=\"list-style-type: circle;\">\n<li style=\"text-align: justify;\">L\u00e0m m\u1ec1m n\u01b0\u1edbc, lo\u1ea1i b\u1ecf \u0111\u1ed9 c\u1ee9ng c\u1ee7a n\u01b0\u1edbc b\u1eb1ng c\u00e1ch gi\u1ea3m n\u1ed3ng \u0111\u1ed9 Ca2+, Mg2+ v\u00e0 t\u0103ng n\u1ed3ng \u0111\u1ed9 Na+<\/li>\n<li style=\"text-align: justify;\">Lo\u1ea1i b\u1ecf \u0111\u01b0\u1ee3c nh\u1eefng kho\u00e1ng ch\u1ea5t kh\u00f4ng mong mu\u1ed1n nh\u01b0 Bari, Radium, Asen, Uranium, Canxi<\/li>\n<li style=\"text-align: justify;\">Lo\u1ea1i b\u1ecf nitrat<\/li>\n<\/ul>\n<p style=\"text-align: justify;\">Hadoco nh\u1eadp kh\u1ea9u tr\u1ef1c ti\u1ebfp &amp; ph\u00e2n ph\u1ed1i<\/p>\n<p><img loading=\"lazy\" decoding=\"async\" class=\"aligncenter size-full wp-image-2756\" src=\"https:\/\/luan.webrt.net\/hadoco\/wp-content\/uploads\/2023\/06\/efbe17b393882ed1e8db469cd9c9efd9.jpg\" alt=\"\" width=\"960\" height=\"960\" srcset=\"https:\/\/maylocnuoc2.hoctot.top\/wp-content\/uploads\/2023\/06\/efbe17b393882ed1e8db469cd9c9efd9.jpg 960w, https:\/\/maylocnuoc2.hoctot.top\/wp-content\/uploads\/2023\/06\/efbe17b393882ed1e8db469cd9c9efd9-400x400.jpg 400w, https:\/\/maylocnuoc2.hoctot.top\/wp-content\/uploads\/2023\/06\/efbe17b393882ed1e8db469cd9c9efd9-800x800.jpg 800w, https:\/\/maylocnuoc2.hoctot.top\/wp-content\/uploads\/2023\/06\/efbe17b393882ed1e8db469cd9c9efd9-280x280.jpg 280w, https:\/\/maylocnuoc2.hoctot.top\/wp-content\/uploads\/2023\/06\/efbe17b393882ed1e8db469cd9c9efd9-768x768.jpg 768w, https:\/\/maylocnuoc2.hoctot.top\/wp-content\/uploads\/2023\/06\/efbe17b393882ed1e8db469cd9c9efd9-600x600.jpg 600w, https:\/\/maylocnuoc2.hoctot.top\/wp-content\/uploads\/2023\/06\/efbe17b393882ed1e8db469cd9c9efd9-100x100.jpg 100w\" sizes=\"auto, (max-width: 960px) 100vw, 960px\" \/><\/p>\n","protected":false},"excerpt":{"rendered":"<p>M\u00d4 T\u1ea2 TH\u00d4NG S\u1ed0 K\u1ef8 THU\u1eacT T\u00ean th\u01b0\u1eddng g\u1ecdi: Cation C100 T\u1ef7 tr\u1ecdng: 750 \u2013 780 kg\/m3 Nhi\u1ec7t \u0111\u1ed9 l\u00e0m vi\u1ec7c: 0 \u2013 50 \u0111\u1ed9 C \u0110\u01b0\u1eddng k\u00ednh h\u1ea1t: 8 \u2013 16 mesh Quy c\u00e1ch \u0111\u00f3ng bao: 25 l\u00edt\/bao Xu\u1ea5t x\u1ee9: China \u1ee8ng d\u1ee5ng: \u1ee8ng d\u1ee5ng ch\u00ednh l\u00e0 x\u1eed l\u00fd l\u00e0m m\u1ec1m n\u01b0\u1edbc, lo\u1ea1i b\u1ecf [&#8230;]\n","protected":false},"featured_media":2756,"comment_status":"open","ping_status":"closed","template":"","meta":[],"product_brand":[],"product_cat":[184,153],"product_tag":[],"class_list":{"0":"post-2755","1":"product","2":"type-product","3":"status-publish","4":"has-post-thumbnail","6":"product_cat-hat-trao-doi-ion-hat-lam-mem","7":"product_cat-hoa-chat-vat-lieu","9":"first","10":"instock","11":"shipping-taxable","12":"product-type-simple"},"yoast_head":"<!-- This site is optimized with the Yoast SEO plugin v24.6 - https:\/\/yoast.com\/wordpress\/plugins\/seo\/ -->\n<title>H\u1ea0T CATION EXTREPURE - H\u1ee3p Nh\u1ea5t<\/title>\n<meta name=\"robots\" content=\"index, follow, max-snippet:-1, max-image-preview:large, max-video-preview:-1\" \/>\n<link rel=\"canonical\" href=\"https:\/\/maylocnuoc2.hoctot.top\/?product=hat-cation-extrepure\" \/>\n<meta property=\"og:locale\" content=\"vi_VN\" \/>\n<meta property=\"og:type\" content=\"article\" \/>\n<meta property=\"og:title\" content=\"H\u1ea0T CATION EXTREPURE - H\u1ee3p Nh\u1ea5t\" \/>\n<meta property=\"og:description\" content=\"M\u00d4 T\u1ea2 TH\u00d4NG S\u1ed0 K\u1ef8 THU\u1eacT T\u00ean th\u01b0\u1eddng g\u1ecdi: Cation C100 T\u1ef7 tr\u1ecdng: 750 \u2013 780 kg\/m3 Nhi\u1ec7t \u0111\u1ed9 l\u00e0m vi\u1ec7c: 0 \u2013 50 \u0111\u1ed9 C \u0110\u01b0\u1eddng k\u00ednh h\u1ea1t: 8 \u2013 16 mesh Quy c\u00e1ch \u0111\u00f3ng bao: 25 l\u00edt\/bao Xu\u1ea5t x\u1ee9: China \u1ee8ng d\u1ee5ng: \u1ee8ng d\u1ee5ng ch\u00ednh l\u00e0 x\u1eed l\u00fd l\u00e0m m\u1ec1m n\u01b0\u1edbc, lo\u1ea1i b\u1ecf [...]\" \/>\n<meta property=\"og:url\" content=\"https:\/\/maylocnuoc2.hoctot.top\/?product=hat-cation-extrepure\" \/>\n<meta property=\"og:site_name\" content=\"H\u1ee3p Nh\u1ea5t\" \/>\n<meta property=\"article:modified_time\" content=\"2023-06-11T09:58:38+00:00\" \/>\n<meta property=\"og:image\" content=\"https:\/\/maylocnuoc2.hoctot.top\/wp-content\/uploads\/2023\/06\/efbe17b393882ed1e8db469cd9c9efd9.jpg\" \/>\n\t<meta property=\"og:image:width\" content=\"960\" \/>\n\t<meta property=\"og:image:height\" content=\"960\" \/>\n\t<meta property=\"og:image:type\" content=\"image\/jpeg\" \/>\n<meta name=\"twitter:card\" content=\"summary_large_image\" \/>\n<meta name=\"twitter:label1\" content=\"\u01af\u1edbc t\u00ednh th\u1eddi gian \u0111\u1ecdc\" \/>\n\t<meta name=\"twitter:data1\" content=\"1 ph\u00fat\" \/>\n<script type=\"application\/ld+json\" class=\"yoast-schema-graph\">{\"@context\":\"https:\/\/schema.org\",\"@graph\":[{\"@type\":\"WebPage\",\"@id\":\"https:\/\/maylocnuoc2.hoctot.top\/?product=hat-cation-extrepure\",\"url\":\"https:\/\/maylocnuoc2.hoctot.top\/?product=hat-cation-extrepure\",\"name\":\"H\u1ea0T CATION EXTREPURE - H\u1ee3p Nh\u1ea5t\",\"isPartOf\":{\"@id\":\"https:\/\/maylocnuoc2.hoctot.top\/#website\"},\"primaryImageOfPage\":{\"@id\":\"https:\/\/maylocnuoc2.hoctot.top\/?product=hat-cation-extrepure#primaryimage\"},\"image\":{\"@id\":\"https:\/\/maylocnuoc2.hoctot.top\/?product=hat-cation-extrepure#primaryimage\"},\"thumbnailUrl\":\"https:\/\/maylocnuoc2.hoctot.top\/wp-content\/uploads\/2023\/06\/efbe17b393882ed1e8db469cd9c9efd9.jpg\",\"datePublished\":\"2023-06-11T09:58:37+00:00\",\"dateModified\":\"2023-06-11T09:58:38+00:00\",\"breadcrumb\":{\"@id\":\"https:\/\/maylocnuoc2.hoctot.top\/?product=hat-cation-extrepure#breadcrumb\"},\"inLanguage\":\"vi\",\"potentialAction\":[{\"@type\":\"ReadAction\",\"target\":[\"https:\/\/maylocnuoc2.hoctot.top\/?product=hat-cation-extrepure\"]}]},{\"@type\":\"ImageObject\",\"inLanguage\":\"vi\",\"@id\":\"https:\/\/maylocnuoc2.hoctot.top\/?product=hat-cation-extrepure#primaryimage\",\"url\":\"https:\/\/maylocnuoc2.hoctot.top\/wp-content\/uploads\/2023\/06\/efbe17b393882ed1e8db469cd9c9efd9.jpg\",\"contentUrl\":\"https:\/\/maylocnuoc2.hoctot.top\/wp-content\/uploads\/2023\/06\/efbe17b393882ed1e8db469cd9c9efd9.jpg\",\"width\":960,\"height\":960},{\"@type\":\"BreadcrumbList\",\"@id\":\"https:\/\/maylocnuoc2.hoctot.top\/?product=hat-cation-extrepure#breadcrumb\",\"itemListElement\":[{\"@type\":\"ListItem\",\"position\":1,\"name\":\"Trang ch\u1ee7\",\"item\":\"https:\/\/maylocnuoc2.hoctot.top\/\"},{\"@type\":\"ListItem\",\"position\":2,\"name\":\"S\u1ea3n ph\u1ea9m\",\"item\":\"https:\/\/maylocnuoc2.hoctot.top\/?page_id=63\"},{\"@type\":\"ListItem\",\"position\":3,\"name\":\"H\u00f3a Ch\u1ea5t \u2013 V\u1eadt Li\u1ec7u\",\"item\":\"https:\/\/maylocnuoc2.hoctot.top\/?product_cat=hoa-chat-vat-lieu\"},{\"@type\":\"ListItem\",\"position\":4,\"name\":\"H\u1ea0T CATION EXTREPURE\"}]},{\"@type\":\"WebSite\",\"@id\":\"https:\/\/maylocnuoc2.hoctot.top\/#website\",\"url\":\"https:\/\/maylocnuoc2.hoctot.top\/\",\"name\":\"H\u1ee3p Nh\u1ea5t\",\"description\":\"\",\"potentialAction\":[{\"@type\":\"SearchAction\",\"target\":{\"@type\":\"EntryPoint\",\"urlTemplate\":\"https:\/\/maylocnuoc2.hoctot.top\/?s={search_term_string}\"},\"query-input\":{\"@type\":\"PropertyValueSpecification\",\"valueRequired\":true,\"valueName\":\"search_term_string\"}}],\"inLanguage\":\"vi\"}]}<\/script>\n<!-- \/ Yoast SEO plugin. -->","yoast_head_json":{"title":"H\u1ea0T CATION EXTREPURE - H\u1ee3p Nh\u1ea5t","robots":{"index":"index","follow":"follow","max-snippet":"max-snippet:-1","max-image-preview":"max-image-preview:large","max-video-preview":"max-video-preview:-1"},"canonical":"https:\/\/maylocnuoc2.hoctot.top\/?product=hat-cation-extrepure","og_locale":"vi_VN","og_type":"article","og_title":"H\u1ea0T CATION EXTREPURE - H\u1ee3p Nh\u1ea5t","og_description":"M\u00d4 T\u1ea2 TH\u00d4NG S\u1ed0 K\u1ef8 THU\u1eacT T\u00ean th\u01b0\u1eddng g\u1ecdi: Cation C100 T\u1ef7 tr\u1ecdng: 750 \u2013 780 kg\/m3 Nhi\u1ec7t \u0111\u1ed9 l\u00e0m vi\u1ec7c: 0 \u2013 50 \u0111\u1ed9 C \u0110\u01b0\u1eddng k\u00ednh h\u1ea1t: 8 \u2013 16 mesh Quy c\u00e1ch \u0111\u00f3ng bao: 25 l\u00edt\/bao Xu\u1ea5t x\u1ee9: China \u1ee8ng d\u1ee5ng: \u1ee8ng d\u1ee5ng ch\u00ednh l\u00e0 x\u1eed l\u00fd l\u00e0m m\u1ec1m n\u01b0\u1edbc, lo\u1ea1i b\u1ecf [...]","og_url":"https:\/\/maylocnuoc2.hoctot.top\/?product=hat-cation-extrepure","og_site_name":"H\u1ee3p Nh\u1ea5t","article_modified_time":"2023-06-11T09:58:38+00:00","og_image":[{"width":960,"height":960,"url":"https:\/\/maylocnuoc2.hoctot.top\/wp-content\/uploads\/2023\/06\/efbe17b393882ed1e8db469cd9c9efd9.jpg","type":"image\/jpeg"}],"twitter_card":"summary_large_image","twitter_misc":{"\u01af\u1edbc t\u00ednh th\u1eddi gian \u0111\u1ecdc":"1 ph\u00fat"},"schema":{"@context":"https:\/\/schema.org","@graph":[{"@type":"WebPage","@id":"https:\/\/maylocnuoc2.hoctot.top\/?product=hat-cation-extrepure","url":"https:\/\/maylocnuoc2.hoctot.top\/?product=hat-cation-extrepure","name":"H\u1ea0T CATION EXTREPURE - H\u1ee3p Nh\u1ea5t","isPartOf":{"@id":"https:\/\/maylocnuoc2.hoctot.top\/#website"},"primaryImageOfPage":{"@id":"https:\/\/maylocnuoc2.hoctot.top\/?product=hat-cation-extrepure#primaryimage"},"image":{"@id":"https:\/\/maylocnuoc2.hoctot.top\/?product=hat-cation-extrepure#primaryimage"},"thumbnailUrl":"https:\/\/maylocnuoc2.hoctot.top\/wp-content\/uploads\/2023\/06\/efbe17b393882ed1e8db469cd9c9efd9.jpg","datePublished":"2023-06-11T09:58:37+00:00","dateModified":"2023-06-11T09:58:38+00:00","breadcrumb":{"@id":"https:\/\/maylocnuoc2.hoctot.top\/?product=hat-cation-extrepure#breadcrumb"},"inLanguage":"vi","potentialAction":[{"@type":"ReadAction","target":["https:\/\/maylocnuoc2.hoctot.top\/?product=hat-cation-extrepure"]}]},{"@type":"ImageObject","inLanguage":"vi","@id":"https:\/\/maylocnuoc2.hoctot.top\/?product=hat-cation-extrepure#primaryimage","url":"https:\/\/maylocnuoc2.hoctot.top\/wp-content\/uploads\/2023\/06\/efbe17b393882ed1e8db469cd9c9efd9.jpg","contentUrl":"https:\/\/maylocnuoc2.hoctot.top\/wp-content\/uploads\/2023\/06\/efbe17b393882ed1e8db469cd9c9efd9.jpg","width":960,"height":960},{"@type":"BreadcrumbList","@id":"https:\/\/maylocnuoc2.hoctot.top\/?product=hat-cation-extrepure#breadcrumb","itemListElement":[{"@type":"ListItem","position":1,"name":"Trang ch\u1ee7","item":"https:\/\/maylocnuoc2.hoctot.top\/"},{"@type":"ListItem","position":2,"name":"S\u1ea3n ph\u1ea9m","item":"https:\/\/maylocnuoc2.hoctot.top\/?page_id=63"},{"@type":"ListItem","position":3,"name":"H\u00f3a Ch\u1ea5t \u2013 V\u1eadt Li\u1ec7u","item":"https:\/\/maylocnuoc2.hoctot.top\/?product_cat=hoa-chat-vat-lieu"},{"@type":"ListItem","position":4,"name":"H\u1ea0T CATION EXTREPURE"}]},{"@type":"WebSite","@id":"https:\/\/maylocnuoc2.hoctot.top\/#website","url":"https:\/\/maylocnuoc2.hoctot.top\/","name":"H\u1ee3p Nh\u1ea5t","description":"","potentialAction":[{"@type":"SearchAction","target":{"@type":"EntryPoint","urlTemplate":"https:\/\/maylocnuoc2.hoctot.top\/?s={search_term_string}"},"query-input":{"@type":"PropertyValueSpecification","valueRequired":true,"valueName":"search_term_string"}}],"inLanguage":"vi"}]}},"_links":{"self":[{"href":"https:\/\/maylocnuoc2.hoctot.top\/index.php?rest_route=\/wp\/v2\/product\/2755","targetHints":{"allow":["GET"]}}],"collection":[{"href":"https:\/\/maylocnuoc2.hoctot.top\/index.php?rest_route=\/wp\/v2\/product"}],"about":[{"href":"https:\/\/maylocnuoc2.hoctot.top\/index.php?rest_route=\/wp\/v2\/types\/product"}],"replies":[{"embeddable":true,"href":"https:\/\/maylocnuoc2.hoctot.top\/index.php?rest_route=%2Fwp%2Fv2%2Fcomments&post=2755"}],"wp:featuredmedia":[{"embeddable":true,"href":"https:\/\/maylocnuoc2.hoctot.top\/index.php?rest_route=\/wp\/v2\/media\/2756"}],"wp:attachment":[{"href":"https:\/\/maylocnuoc2.hoctot.top\/index.php?rest_route=%2Fwp%2Fv2%2Fmedia&parent=2755"}],"wp:term":[{"taxonomy":"product_brand","embeddable":true,"href":"https:\/\/maylocnuoc2.hoctot.top\/index.php?rest_route=%2Fwp%2Fv2%2Fproduct_brand&post=2755"},{"taxonomy":"product_cat","embeddable":true,"href":"https:\/\/maylocnuoc2.hoctot.top\/index.php?rest_route=%2Fwp%2Fv2%2Fproduct_cat&post=2755"},{"taxonomy":"product_tag","embeddable":true,"href":"https:\/\/maylocnuoc2.hoctot.top\/index.php?rest_route=%2Fwp%2Fv2%2Fproduct_tag&post=2755"}],"curies":[{"name":"wp","href":"https:\/\/api.w.org\/{rel}","templated":true}]}}