{"id":2757,"date":"2023-06-11T10:02:01","date_gmt":"2023-06-11T10:02:01","guid":{"rendered":"https:\/\/luan.webrt.net\/hadoco\/?post_type=product&#038;p=2757"},"modified":"2023-06-11T10:02:02","modified_gmt":"2023-06-11T10:02:02","slug":"hat-cation-purolite-c100","status":"publish","type":"product","link":"https:\/\/maylocnuoc2.hoctot.top\/?product=hat-cation-purolite-c100","title":{"rendered":"H\u1ea0T CATION PUROLITE C100"},"content":{"rendered":"<h3><strong>Th\u00f4ng s\u1ed1 k\u1ef9 thu\u1eadt: H\u1ea1t nh\u1ef1a trao \u0111\u1ed5i Cation PUROLITE C100<\/strong><\/h3>\n<ul style=\"list-style-type: circle;\">\n<li>Xu\u1ea5t x\u1ee9: Anh nh\u00e0 m\u00e1y s\u1ea3n xu\u1ea5t t\u1ea1i Trung Qu\u1ed1c<\/li>\n<li>\u0110\u01a1n v\u1ecb t\u00ednh: bao.<\/li>\n<li>T\u1ef7 tr\u1ecdng: 850 g\/L\u00edt.<\/li>\n<li>Quy c\u00e1ch: 25 L\u00edt\/bao.<\/li>\n<li>T\u1ed5ng dung l\u01b0\u1ee3ng trao \u0111\u1ed5i: 2,0 meq \/ g ph\u00fat.<\/li>\n<li>D\u1ea1ng ion, \u0111\u01b0\u1ee3c cung c\u1ea5p: Na.<\/li>\n<li>Gi\u1eef n\u01b0\u1edbc: 43-48%.<\/li>\n<li>K\u00edch th\u01b0\u1edbc: 16-40 mesh.<\/li>\n<li>M\u1eadt \u0111\u1ed9 kh\u1ed1i l\u01b0\u1ee3ng l\u1edbn: 0,78 \u2013 0,88 g \/ ml.<\/li>\n<li>\u0110\u1ed9 pH: 0 \u2013 14.<\/li>\n<li>Nhi\u1ec7t \u0111\u1ed9 ho\u1ea1t \u0111\u1ed9ng, Na: 120 \u00b0 C max.<\/li>\n<li>T\u1ed5ng s\u1ed1 (Na H): T\u1ed1i \u0111a 8-10%.<\/li>\n<li>N\u1ed3ng \u0111\u1ed9 t\u00e1i sinh: NaCl: 8-10%- HCl: 4 \u2013 5%.<\/li>\n<li>T\u1ed1c \u0111\u1ed9 d\u00f2ng ch\u1ea3y: 4-6 m \/ gi\u1edd.<\/li>\n<li>Th\u1eddi gian ti\u1ebfp x\u00fac: 30-60 ph\u00fat.<\/li>\n<li>T\u1ed1c \u0111\u1ed9 R\u1eeda d\u00f2ng ch\u1ea3y: 10-20 m \/ gi\u1edd.<\/li>\n<li>T\u1ed1c \u0111\u1ed9 d\u00f2ng ch\u1ea3y ho\u1ea1t \u0111\u1ed9ng: 10-45 m \/ gi\u1edd.<\/li>\n<\/ul>\n<p><img loading=\"lazy\" decoding=\"async\" class=\"aligncenter size-full wp-image-2758\" src=\"https:\/\/luan.webrt.net\/hadoco\/wp-content\/uploads\/2023\/06\/hat-nhua-cation-trao-doi-ion-purolite-C100-lam-mem-nuoc-1.jpg\" alt=\"\" width=\"300\" height=\"300\" srcset=\"https:\/\/maylocnuoc2.hoctot.top\/wp-content\/uploads\/2023\/06\/hat-nhua-cation-trao-doi-ion-purolite-C100-lam-mem-nuoc-1.jpg 300w, https:\/\/maylocnuoc2.hoctot.top\/wp-content\/uploads\/2023\/06\/hat-nhua-cation-trao-doi-ion-purolite-C100-lam-mem-nuoc-1-280x280.jpg 280w, https:\/\/maylocnuoc2.hoctot.top\/wp-content\/uploads\/2023\/06\/hat-nhua-cation-trao-doi-ion-purolite-C100-lam-mem-nuoc-1-100x100.jpg 100w\" sizes=\"auto, (max-width: 300px) 100vw, 300px\" \/><\/p>\n","protected":false},"excerpt":{"rendered":"<p style=\"text-align: justify;\">H\u1ea1t nh\u1ef1a trao \u0111\u1ed5i ion hay c\u00f2n g\u1ecdi l\u00e0 h\u1ea1t l\u00e0m m\u1ec1m n\u01b0\u1edbc, l\u00e0 lo\u1ea1i h\u1ea1t kh\u00f4ng h\u00f2a tan, c\u00f3 ch\u1ee9a c\u00e1c ion c\u00f3 th\u1ec3 d\u1ec5 d\u00e0ng trao \u0111\u1ed5i v\u1edbi c\u00e1c ion kh\u00e1c trong dung d\u1ecbch. S\u1ea3n ph\u1ea9m \u0111\u01b0\u1ee3c \u1ee9ng d\u1ee5ng trong x\u1eed l\u00fd n\u01b0\u1edbc c\u1ee9ng, n\u01b0\u1edbc m\u1eb7n, n\u01b0\u1edbc l\u1ee3, n\u01b0\u1edbc tinh khi\u1ebft, \u2026 C\u00f3 3 lo\u1ea1i h\u1ea1t nh\u1ef1a trao \u0111\u1ed5i ion trong x\u1eed l\u00fd n\u01b0\u1edbc l\u00e0: h\u1ea1t cation, h\u1ea1t anion, h\u1ea1t mixed bed.<\/p>\n","protected":false},"featured_media":2758,"comment_status":"open","ping_status":"closed","template":"","meta":[],"product_brand":[],"product_cat":[184,153],"product_tag":[],"class_list":{"0":"post-2757","1":"product","2":"type-product","3":"status-publish","4":"has-post-thumbnail","6":"product_cat-hat-trao-doi-ion-hat-lam-mem","7":"product_cat-hoa-chat-vat-lieu","9":"first","10":"instock","11":"shipping-taxable","12":"product-type-simple"},"yoast_head":"<!-- This site is optimized with the Yoast SEO plugin v24.6 - https:\/\/yoast.com\/wordpress\/plugins\/seo\/ -->\n<title>H\u1ea0T CATION PUROLITE C100 - H\u1ee3p Nh\u1ea5t<\/title>\n<meta name=\"robots\" content=\"index, follow, max-snippet:-1, max-image-preview:large, max-video-preview:-1\" \/>\n<link rel=\"canonical\" href=\"https:\/\/maylocnuoc2.hoctot.top\/?product=hat-cation-purolite-c100\" \/>\n<meta property=\"og:locale\" content=\"vi_VN\" \/>\n<meta property=\"og:type\" content=\"article\" \/>\n<meta property=\"og:title\" content=\"H\u1ea0T CATION PUROLITE C100 - H\u1ee3p Nh\u1ea5t\" \/>\n<meta property=\"og:description\" content=\"H\u1ea1t nh\u1ef1a trao \u0111\u1ed5i ion hay c\u00f2n g\u1ecdi l\u00e0 h\u1ea1t l\u00e0m m\u1ec1m n\u01b0\u1edbc, l\u00e0 lo\u1ea1i h\u1ea1t kh\u00f4ng h\u00f2a tan, c\u00f3 ch\u1ee9a c\u00e1c ion c\u00f3 th\u1ec3 d\u1ec5 d\u00e0ng trao \u0111\u1ed5i v\u1edbi c\u00e1c ion kh\u00e1c trong dung d\u1ecbch. S\u1ea3n ph\u1ea9m \u0111\u01b0\u1ee3c \u1ee9ng d\u1ee5ng trong x\u1eed l\u00fd n\u01b0\u1edbc c\u1ee9ng, n\u01b0\u1edbc m\u1eb7n, n\u01b0\u1edbc l\u1ee3, n\u01b0\u1edbc tinh khi\u1ebft, \u2026 C\u00f3 3 lo\u1ea1i h\u1ea1t nh\u1ef1a trao \u0111\u1ed5i ion trong x\u1eed l\u00fd n\u01b0\u1edbc l\u00e0: h\u1ea1t cation, h\u1ea1t anion, h\u1ea1t mixed bed.\" \/>\n<meta property=\"og:url\" content=\"https:\/\/maylocnuoc2.hoctot.top\/?product=hat-cation-purolite-c100\" \/>\n<meta property=\"og:site_name\" content=\"H\u1ee3p Nh\u1ea5t\" \/>\n<meta property=\"article:modified_time\" content=\"2023-06-11T10:02:02+00:00\" \/>\n<meta property=\"og:image\" content=\"https:\/\/maylocnuoc2.hoctot.top\/wp-content\/uploads\/2023\/06\/hat-nhua-cation-trao-doi-ion-purolite-C100-lam-mem-nuoc-1.jpg\" \/>\n\t<meta property=\"og:image:width\" content=\"300\" \/>\n\t<meta property=\"og:image:height\" content=\"300\" \/>\n\t<meta property=\"og:image:type\" content=\"image\/jpeg\" \/>\n<meta name=\"twitter:card\" content=\"summary_large_image\" \/>\n<meta name=\"twitter:label1\" content=\"\u01af\u1edbc t\u00ednh th\u1eddi gian \u0111\u1ecdc\" \/>\n\t<meta name=\"twitter:data1\" content=\"1 ph\u00fat\" \/>\n<script type=\"application\/ld+json\" class=\"yoast-schema-graph\">{\"@context\":\"https:\/\/schema.org\",\"@graph\":[{\"@type\":\"WebPage\",\"@id\":\"https:\/\/maylocnuoc2.hoctot.top\/?product=hat-cation-purolite-c100\",\"url\":\"https:\/\/maylocnuoc2.hoctot.top\/?product=hat-cation-purolite-c100\",\"name\":\"H\u1ea0T CATION PUROLITE C100 - H\u1ee3p Nh\u1ea5t\",\"isPartOf\":{\"@id\":\"https:\/\/maylocnuoc2.hoctot.top\/#website\"},\"primaryImageOfPage\":{\"@id\":\"https:\/\/maylocnuoc2.hoctot.top\/?product=hat-cation-purolite-c100#primaryimage\"},\"image\":{\"@id\":\"https:\/\/maylocnuoc2.hoctot.top\/?product=hat-cation-purolite-c100#primaryimage\"},\"thumbnailUrl\":\"https:\/\/maylocnuoc2.hoctot.top\/wp-content\/uploads\/2023\/06\/hat-nhua-cation-trao-doi-ion-purolite-C100-lam-mem-nuoc-1.jpg\",\"datePublished\":\"2023-06-11T10:02:01+00:00\",\"dateModified\":\"2023-06-11T10:02:02+00:00\",\"breadcrumb\":{\"@id\":\"https:\/\/maylocnuoc2.hoctot.top\/?product=hat-cation-purolite-c100#breadcrumb\"},\"inLanguage\":\"vi\",\"potentialAction\":[{\"@type\":\"ReadAction\",\"target\":[\"https:\/\/maylocnuoc2.hoctot.top\/?product=hat-cation-purolite-c100\"]}]},{\"@type\":\"ImageObject\",\"inLanguage\":\"vi\",\"@id\":\"https:\/\/maylocnuoc2.hoctot.top\/?product=hat-cation-purolite-c100#primaryimage\",\"url\":\"https:\/\/maylocnuoc2.hoctot.top\/wp-content\/uploads\/2023\/06\/hat-nhua-cation-trao-doi-ion-purolite-C100-lam-mem-nuoc-1.jpg\",\"contentUrl\":\"https:\/\/maylocnuoc2.hoctot.top\/wp-content\/uploads\/2023\/06\/hat-nhua-cation-trao-doi-ion-purolite-C100-lam-mem-nuoc-1.jpg\",\"width\":300,\"height\":300},{\"@type\":\"BreadcrumbList\",\"@id\":\"https:\/\/maylocnuoc2.hoctot.top\/?product=hat-cation-purolite-c100#breadcrumb\",\"itemListElement\":[{\"@type\":\"ListItem\",\"position\":1,\"name\":\"Trang ch\u1ee7\",\"item\":\"https:\/\/maylocnuoc2.hoctot.top\/\"},{\"@type\":\"ListItem\",\"position\":2,\"name\":\"S\u1ea3n ph\u1ea9m\",\"item\":\"https:\/\/maylocnuoc2.hoctot.top\/?page_id=63\"},{\"@type\":\"ListItem\",\"position\":3,\"name\":\"H\u00f3a Ch\u1ea5t \u2013 V\u1eadt Li\u1ec7u\",\"item\":\"https:\/\/maylocnuoc2.hoctot.top\/?product_cat=hoa-chat-vat-lieu\"},{\"@type\":\"ListItem\",\"position\":4,\"name\":\"H\u1ea0T CATION PUROLITE C100\"}]},{\"@type\":\"WebSite\",\"@id\":\"https:\/\/maylocnuoc2.hoctot.top\/#website\",\"url\":\"https:\/\/maylocnuoc2.hoctot.top\/\",\"name\":\"H\u1ee3p Nh\u1ea5t\",\"description\":\"\",\"potentialAction\":[{\"@type\":\"SearchAction\",\"target\":{\"@type\":\"EntryPoint\",\"urlTemplate\":\"https:\/\/maylocnuoc2.hoctot.top\/?s={search_term_string}\"},\"query-input\":{\"@type\":\"PropertyValueSpecification\",\"valueRequired\":true,\"valueName\":\"search_term_string\"}}],\"inLanguage\":\"vi\"}]}<\/script>\n<!-- \/ Yoast SEO plugin. -->","yoast_head_json":{"title":"H\u1ea0T CATION PUROLITE C100 - H\u1ee3p Nh\u1ea5t","robots":{"index":"index","follow":"follow","max-snippet":"max-snippet:-1","max-image-preview":"max-image-preview:large","max-video-preview":"max-video-preview:-1"},"canonical":"https:\/\/maylocnuoc2.hoctot.top\/?product=hat-cation-purolite-c100","og_locale":"vi_VN","og_type":"article","og_title":"H\u1ea0T CATION PUROLITE C100 - H\u1ee3p Nh\u1ea5t","og_description":"H\u1ea1t nh\u1ef1a trao \u0111\u1ed5i ion hay c\u00f2n g\u1ecdi l\u00e0 h\u1ea1t l\u00e0m m\u1ec1m n\u01b0\u1edbc, l\u00e0 lo\u1ea1i h\u1ea1t kh\u00f4ng h\u00f2a tan, c\u00f3 ch\u1ee9a c\u00e1c ion c\u00f3 th\u1ec3 d\u1ec5 d\u00e0ng trao \u0111\u1ed5i v\u1edbi c\u00e1c ion kh\u00e1c trong dung d\u1ecbch. S\u1ea3n ph\u1ea9m \u0111\u01b0\u1ee3c \u1ee9ng d\u1ee5ng trong x\u1eed l\u00fd n\u01b0\u1edbc c\u1ee9ng, n\u01b0\u1edbc m\u1eb7n, n\u01b0\u1edbc l\u1ee3, n\u01b0\u1edbc tinh khi\u1ebft, \u2026 C\u00f3 3 lo\u1ea1i h\u1ea1t nh\u1ef1a trao \u0111\u1ed5i ion trong x\u1eed l\u00fd n\u01b0\u1edbc l\u00e0: h\u1ea1t cation, h\u1ea1t anion, h\u1ea1t mixed bed.","og_url":"https:\/\/maylocnuoc2.hoctot.top\/?product=hat-cation-purolite-c100","og_site_name":"H\u1ee3p Nh\u1ea5t","article_modified_time":"2023-06-11T10:02:02+00:00","og_image":[{"width":300,"height":300,"url":"https:\/\/maylocnuoc2.hoctot.top\/wp-content\/uploads\/2023\/06\/hat-nhua-cation-trao-doi-ion-purolite-C100-lam-mem-nuoc-1.jpg","type":"image\/jpeg"}],"twitter_card":"summary_large_image","twitter_misc":{"\u01af\u1edbc t\u00ednh th\u1eddi gian \u0111\u1ecdc":"1 ph\u00fat"},"schema":{"@context":"https:\/\/schema.org","@graph":[{"@type":"WebPage","@id":"https:\/\/maylocnuoc2.hoctot.top\/?product=hat-cation-purolite-c100","url":"https:\/\/maylocnuoc2.hoctot.top\/?product=hat-cation-purolite-c100","name":"H\u1ea0T CATION PUROLITE C100 - H\u1ee3p Nh\u1ea5t","isPartOf":{"@id":"https:\/\/maylocnuoc2.hoctot.top\/#website"},"primaryImageOfPage":{"@id":"https:\/\/maylocnuoc2.hoctot.top\/?product=hat-cation-purolite-c100#primaryimage"},"image":{"@id":"https:\/\/maylocnuoc2.hoctot.top\/?product=hat-cation-purolite-c100#primaryimage"},"thumbnailUrl":"https:\/\/maylocnuoc2.hoctot.top\/wp-content\/uploads\/2023\/06\/hat-nhua-cation-trao-doi-ion-purolite-C100-lam-mem-nuoc-1.jpg","datePublished":"2023-06-11T10:02:01+00:00","dateModified":"2023-06-11T10:02:02+00:00","breadcrumb":{"@id":"https:\/\/maylocnuoc2.hoctot.top\/?product=hat-cation-purolite-c100#breadcrumb"},"inLanguage":"vi","potentialAction":[{"@type":"ReadAction","target":["https:\/\/maylocnuoc2.hoctot.top\/?product=hat-cation-purolite-c100"]}]},{"@type":"ImageObject","inLanguage":"vi","@id":"https:\/\/maylocnuoc2.hoctot.top\/?product=hat-cation-purolite-c100#primaryimage","url":"https:\/\/maylocnuoc2.hoctot.top\/wp-content\/uploads\/2023\/06\/hat-nhua-cation-trao-doi-ion-purolite-C100-lam-mem-nuoc-1.jpg","contentUrl":"https:\/\/maylocnuoc2.hoctot.top\/wp-content\/uploads\/2023\/06\/hat-nhua-cation-trao-doi-ion-purolite-C100-lam-mem-nuoc-1.jpg","width":300,"height":300},{"@type":"BreadcrumbList","@id":"https:\/\/maylocnuoc2.hoctot.top\/?product=hat-cation-purolite-c100#breadcrumb","itemListElement":[{"@type":"ListItem","position":1,"name":"Trang ch\u1ee7","item":"https:\/\/maylocnuoc2.hoctot.top\/"},{"@type":"ListItem","position":2,"name":"S\u1ea3n ph\u1ea9m","item":"https:\/\/maylocnuoc2.hoctot.top\/?page_id=63"},{"@type":"ListItem","position":3,"name":"H\u00f3a Ch\u1ea5t \u2013 V\u1eadt Li\u1ec7u","item":"https:\/\/maylocnuoc2.hoctot.top\/?product_cat=hoa-chat-vat-lieu"},{"@type":"ListItem","position":4,"name":"H\u1ea0T CATION PUROLITE C100"}]},{"@type":"WebSite","@id":"https:\/\/maylocnuoc2.hoctot.top\/#website","url":"https:\/\/maylocnuoc2.hoctot.top\/","name":"H\u1ee3p Nh\u1ea5t","description":"","potentialAction":[{"@type":"SearchAction","target":{"@type":"EntryPoint","urlTemplate":"https:\/\/maylocnuoc2.hoctot.top\/?s={search_term_string}"},"query-input":{"@type":"PropertyValueSpecification","valueRequired":true,"valueName":"search_term_string"}}],"inLanguage":"vi"}]}},"_links":{"self":[{"href":"https:\/\/maylocnuoc2.hoctot.top\/index.php?rest_route=\/wp\/v2\/product\/2757","targetHints":{"allow":["GET"]}}],"collection":[{"href":"https:\/\/maylocnuoc2.hoctot.top\/index.php?rest_route=\/wp\/v2\/product"}],"about":[{"href":"https:\/\/maylocnuoc2.hoctot.top\/index.php?rest_route=\/wp\/v2\/types\/product"}],"replies":[{"embeddable":true,"href":"https:\/\/maylocnuoc2.hoctot.top\/index.php?rest_route=%2Fwp%2Fv2%2Fcomments&post=2757"}],"wp:featuredmedia":[{"embeddable":true,"href":"https:\/\/maylocnuoc2.hoctot.top\/index.php?rest_route=\/wp\/v2\/media\/2758"}],"wp:attachment":[{"href":"https:\/\/maylocnuoc2.hoctot.top\/index.php?rest_route=%2Fwp%2Fv2%2Fmedia&parent=2757"}],"wp:term":[{"taxonomy":"product_brand","embeddable":true,"href":"https:\/\/maylocnuoc2.hoctot.top\/index.php?rest_route=%2Fwp%2Fv2%2Fproduct_brand&post=2757"},{"taxonomy":"product_cat","embeddable":true,"href":"https:\/\/maylocnuoc2.hoctot.top\/index.php?rest_route=%2Fwp%2Fv2%2Fproduct_cat&post=2757"},{"taxonomy":"product_tag","embeddable":true,"href":"https:\/\/maylocnuoc2.hoctot.top\/index.php?rest_route=%2Fwp%2Fv2%2Fproduct_tag&post=2757"}],"curies":[{"name":"wp","href":"https:\/\/api.w.org\/{rel}","templated":true}]}}