{"id":2766,"date":"2023-06-11T11:09:28","date_gmt":"2023-06-11T11:09:28","guid":{"rendered":"https:\/\/luan.webrt.net\/hadoco\/?post_type=product&#038;p=2766"},"modified":"2023-06-11T11:09:29","modified_gmt":"2023-06-11T11:09:29","slug":"mangan-mf2","status":"publish","type":"product","link":"https:\/\/maylocnuoc2.hoctot.top\/?product=mangan-mf2","title":{"rendered":"MANGAN MF2"},"content":{"rendered":"<p style=\"text-align: justify;\">C\u00e1t mangan, hay c\u00f2n g\u1ecdi l\u00e0 manganese dioxide, \u0111\u01b0\u1ee3c s\u1eed d\u1ee5ng trong qu\u00e1 tr\u00ecnh l\u1ecdc n\u01b0\u1edbc \u0111\u1ec3 lo\u1ea1i b\u1ecf c\u00e1c ch\u1ea5t g\u00e2y \u00f4 nhi\u1ec5m nh\u01b0 s\u1eaft, mangan, ch\u00ec v\u00e0 kim lo\u1ea1i n\u1eb7ng kh\u00e1c. C\u00e1t mangan c\u00f3 kh\u1ea3 n\u0103ng oxy h\u00f3a m\u1ea1nh m\u1ebd, gi\u00fap lo\u1ea1i b\u1ecf c\u00e1c ch\u1ea5t g\u00e2y \u00f4 nhi\u1ec5m b\u1eb1ng c\u00e1ch bi\u1ebfn \u0111\u1ed5i ch\u00fang th\u00e0nh d\u1ea1ng k\u1ebft t\u1ee7a th\u00f4. Sau \u0111\u00f3, c\u00e1c k\u1ebft t\u1ee7a n\u00e0y s\u1ebd \u0111\u01b0\u1ee3c lo\u1ea1i b\u1ecf b\u1eb1ng c\u00e1c b\u1ed9 l\u1ecdc kh\u00e1c trong h\u1ec7 th\u1ed1ng l\u1ecdc n\u01b0\u1edbc. S\u1eed d\u1ee5ng c\u00e1t mangan trong qu\u00e1 tr\u00ecnh l\u1ecdc n\u01b0\u1edbc gi\u00fap t\u0103ng t\u00ednh hi\u1ec7u qu\u1ea3 v\u00e0 \u0111\u1ed9 ch\u00ednh x\u00e1c c\u1ee7a qu\u00e1 tr\u00ecnh l\u1ecdc, \u0111\u1ea3m b\u1ea3o ch\u1ea5t l\u01b0\u1ee3ng n\u01b0\u1edbc \u0111\u01b0\u1ee3c x\u1eed l\u00fd \u0111\u01b0\u1ee3c s\u1ea1ch v\u00e0 an to\u00e0n \u0111\u1ec3 s\u1eed d\u1ee5ng.<\/p>\n<h3 style=\"text-align: justify;\"><span style=\"color: #0000ff;\"><strong>C\u00f4ng d\u1ee5ng ch\u00ednh c\u1ee7a c\u00e1t Mangan<\/strong><\/span><\/h3>\n<ul style=\"list-style-type: circle;\">\n<li style=\"text-align: justify;\">X\u1eed l\u00fd d\u1ec5 d\u00e0ng n\u01b0\u1edbc gi\u1ebfng khoan, n\u01b0\u1edbc nhi\u1ec5m ph\u00e8n, nhi\u1ec5m m\u1eb7n.<\/li>\n<li style=\"text-align: justify;\">Kh\u1eed kim lo\u1ea1i khi n\u01b0\u1edbc nhi\u1ec5m s\u1eaft, nhi\u1ec5m Mangan, nhi\u1ec5m kim lo\u1ea1i n\u1eb7ng nh\u01b0 \u0111\u1ed3ng, k\u1ebdm, crom, ch\u00ec, asen, niken\u2026 hi\u1ec7u qu\u1ea3.<\/li>\n<li style=\"text-align: justify;\">Kh\u1eed m\u00f9i tanh trong n\u01b0\u1edbc b\u1eb1ng c\u00e1ch oxy h\u00f3a qua qu\u00e1 tr\u00ecnh ti\u1ebfp x\u00fac tr\u1ef1c ti\u1ebfp gi\u1eefa n\u01b0\u1edbc v\u00e0 b\u1ec1 m\u1eb7t c\u00e1t.<\/li>\n<li style=\"text-align: justify;\">Kh\u1eed \u0111\u01b0\u1ee3c Clo v\u00e0 l\u00e0m gi\u1ea3m l\u01b0\u1ee3ng Nitrogen, Phosphate.<\/li>\n<li style=\"text-align: justify;\">L\u00e0m gi\u1ea3m \u0111\u00e1ng k\u1ec3 nh\u1eefng t\u1ea1p ch\u1ea5t c\u00f3 h\u1ea1i trong n\u01b0\u1edbc, ch\u1ebf ph\u1ea9m b\u1ea3o v\u1ec7 th\u1ef1c v\u1eadt nh\u01b0: thu\u1ed1c tr\u1eeb s\u00e2u, ph\u00e2n b\u00f3n n\u00f4ng nghi\u1ec7p\u2026<\/li>\n<\/ul>\n","protected":false},"excerpt":{"rendered":"<p style=\"text-align: justify;\">C\u00e1t Mangan l\u00e0 v\u1eadt li\u1ec7u l\u1ecdc n\u01b0\u1edbc hi\u1ec7u qu\u1ea3 trong kh\u1eed S\u1eaft, Asen, Mangan trong ngu\u1ed3n n\u01b0\u1edbc c\u1ea7n x\u1eed l\u00fd. S\u1ea3n ph\u1ea9m \u0111\u01b0\u1ee3c \u1ee9ng d\u1ee5ng trong l\u1ecdc n\u01b0\u1edbc gi\u1ebfng khoan, x\u1eed l\u00fd n\u01b0\u1edbc nhi\u1ec5m kim lo\u1ea1i n\u1eb7ng, nhi\u1ec5m ph\u00e8n, kh\u1eed m\u00f9i tanh b\u1eb1ng c\u00e1ch oxy h\u00f3a tr\u1ef1c ti\u1ebfp qua ti\u1ebfp x\u00fac v\u1edbi b\u1ec1 m\u1eb7t c\u00e1t. To\u00e0n \u00c1 cung c\u1ea5p \u0111a d\u1ea1ng c\u00e1c s\u1ea3n ph\u1ea9m c\u00e1t mangan n\u1ed9i \u0111\u1ecba v\u00e0 nh\u1eadp kh\u1ea9u nh\u01b0 h\u1ea1t Greensand (nh\u1eadp kh\u1ea9u ch\u00ednh h\u00e3ng t\u1eeb M\u1ef9).<\/p>\n","protected":false},"featured_media":2767,"comment_status":"open","ping_status":"closed","template":"","meta":[],"product_brand":[],"product_cat":[153,198],"product_tag":[],"class_list":{"0":"post-2766","1":"product","2":"type-product","3":"status-publish","4":"has-post-thumbnail","6":"product_cat-hoa-chat-vat-lieu","7":"product_cat-mangan","9":"first","10":"instock","11":"shipping-taxable","12":"product-type-simple"},"yoast_head":"<!-- This site is optimized with the Yoast SEO plugin v24.6 - https:\/\/yoast.com\/wordpress\/plugins\/seo\/ -->\n<title>MANGAN MF2 - H\u1ee3p Nh\u1ea5t<\/title>\n<meta name=\"robots\" content=\"index, follow, max-snippet:-1, max-image-preview:large, max-video-preview:-1\" \/>\n<link rel=\"canonical\" href=\"https:\/\/maylocnuoc2.hoctot.top\/?product=mangan-mf2\" \/>\n<meta property=\"og:locale\" content=\"vi_VN\" \/>\n<meta property=\"og:type\" content=\"article\" \/>\n<meta property=\"og:title\" content=\"MANGAN MF2 - H\u1ee3p Nh\u1ea5t\" \/>\n<meta property=\"og:description\" content=\"C\u00e1t Mangan l\u00e0 v\u1eadt li\u1ec7u l\u1ecdc n\u01b0\u1edbc hi\u1ec7u qu\u1ea3 trong kh\u1eed S\u1eaft, Asen, Mangan trong ngu\u1ed3n n\u01b0\u1edbc c\u1ea7n x\u1eed l\u00fd. S\u1ea3n ph\u1ea9m \u0111\u01b0\u1ee3c \u1ee9ng d\u1ee5ng trong l\u1ecdc n\u01b0\u1edbc gi\u1ebfng khoan, x\u1eed l\u00fd n\u01b0\u1edbc nhi\u1ec5m kim lo\u1ea1i n\u1eb7ng, nhi\u1ec5m ph\u00e8n, kh\u1eed m\u00f9i tanh b\u1eb1ng c\u00e1ch oxy h\u00f3a tr\u1ef1c ti\u1ebfp qua ti\u1ebfp x\u00fac v\u1edbi b\u1ec1 m\u1eb7t c\u00e1t. To\u00e0n \u00c1 cung c\u1ea5p \u0111a d\u1ea1ng c\u00e1c s\u1ea3n ph\u1ea9m c\u00e1t mangan n\u1ed9i \u0111\u1ecba v\u00e0 nh\u1eadp kh\u1ea9u nh\u01b0 h\u1ea1t Greensand (nh\u1eadp kh\u1ea9u ch\u00ednh h\u00e3ng t\u1eeb M\u1ef9).\" \/>\n<meta property=\"og:url\" content=\"https:\/\/maylocnuoc2.hoctot.top\/?product=mangan-mf2\" \/>\n<meta property=\"og:site_name\" content=\"H\u1ee3p Nh\u1ea5t\" \/>\n<meta property=\"article:modified_time\" content=\"2023-06-11T11:09:29+00:00\" \/>\n<meta property=\"og:image\" content=\"https:\/\/maylocnuoc2.hoctot.top\/wp-content\/uploads\/2023\/06\/0ca08c77179e8a4b039d3ee2d93092b6.jpg\" \/>\n\t<meta property=\"og:image:width\" content=\"800\" \/>\n\t<meta property=\"og:image:height\" content=\"800\" \/>\n\t<meta property=\"og:image:type\" content=\"image\/jpeg\" \/>\n<meta name=\"twitter:card\" content=\"summary_large_image\" \/>\n<meta name=\"twitter:label1\" content=\"\u01af\u1edbc t\u00ednh th\u1eddi gian \u0111\u1ecdc\" \/>\n\t<meta name=\"twitter:data1\" content=\"2 ph\u00fat\" \/>\n<script type=\"application\/ld+json\" class=\"yoast-schema-graph\">{\"@context\":\"https:\/\/schema.org\",\"@graph\":[{\"@type\":\"WebPage\",\"@id\":\"https:\/\/maylocnuoc2.hoctot.top\/?product=mangan-mf2\",\"url\":\"https:\/\/maylocnuoc2.hoctot.top\/?product=mangan-mf2\",\"name\":\"MANGAN MF2 - H\u1ee3p Nh\u1ea5t\",\"isPartOf\":{\"@id\":\"https:\/\/maylocnuoc2.hoctot.top\/#website\"},\"primaryImageOfPage\":{\"@id\":\"https:\/\/maylocnuoc2.hoctot.top\/?product=mangan-mf2#primaryimage\"},\"image\":{\"@id\":\"https:\/\/maylocnuoc2.hoctot.top\/?product=mangan-mf2#primaryimage\"},\"thumbnailUrl\":\"https:\/\/maylocnuoc2.hoctot.top\/wp-content\/uploads\/2023\/06\/0ca08c77179e8a4b039d3ee2d93092b6.jpg\",\"datePublished\":\"2023-06-11T11:09:28+00:00\",\"dateModified\":\"2023-06-11T11:09:29+00:00\",\"breadcrumb\":{\"@id\":\"https:\/\/maylocnuoc2.hoctot.top\/?product=mangan-mf2#breadcrumb\"},\"inLanguage\":\"vi\",\"potentialAction\":[{\"@type\":\"ReadAction\",\"target\":[\"https:\/\/maylocnuoc2.hoctot.top\/?product=mangan-mf2\"]}]},{\"@type\":\"ImageObject\",\"inLanguage\":\"vi\",\"@id\":\"https:\/\/maylocnuoc2.hoctot.top\/?product=mangan-mf2#primaryimage\",\"url\":\"https:\/\/maylocnuoc2.hoctot.top\/wp-content\/uploads\/2023\/06\/0ca08c77179e8a4b039d3ee2d93092b6.jpg\",\"contentUrl\":\"https:\/\/maylocnuoc2.hoctot.top\/wp-content\/uploads\/2023\/06\/0ca08c77179e8a4b039d3ee2d93092b6.jpg\",\"width\":800,\"height\":800},{\"@type\":\"BreadcrumbList\",\"@id\":\"https:\/\/maylocnuoc2.hoctot.top\/?product=mangan-mf2#breadcrumb\",\"itemListElement\":[{\"@type\":\"ListItem\",\"position\":1,\"name\":\"Trang ch\u1ee7\",\"item\":\"https:\/\/maylocnuoc2.hoctot.top\/\"},{\"@type\":\"ListItem\",\"position\":2,\"name\":\"S\u1ea3n ph\u1ea9m\",\"item\":\"https:\/\/maylocnuoc2.hoctot.top\/?page_id=63\"},{\"@type\":\"ListItem\",\"position\":3,\"name\":\"H\u00f3a Ch\u1ea5t \u2013 V\u1eadt Li\u1ec7u\",\"item\":\"https:\/\/maylocnuoc2.hoctot.top\/?product_cat=hoa-chat-vat-lieu\"},{\"@type\":\"ListItem\",\"position\":4,\"name\":\"MANGAN MF2\"}]},{\"@type\":\"WebSite\",\"@id\":\"https:\/\/maylocnuoc2.hoctot.top\/#website\",\"url\":\"https:\/\/maylocnuoc2.hoctot.top\/\",\"name\":\"H\u1ee3p Nh\u1ea5t\",\"description\":\"\",\"potentialAction\":[{\"@type\":\"SearchAction\",\"target\":{\"@type\":\"EntryPoint\",\"urlTemplate\":\"https:\/\/maylocnuoc2.hoctot.top\/?s={search_term_string}\"},\"query-input\":{\"@type\":\"PropertyValueSpecification\",\"valueRequired\":true,\"valueName\":\"search_term_string\"}}],\"inLanguage\":\"vi\"}]}<\/script>\n<!-- \/ Yoast SEO plugin. -->","yoast_head_json":{"title":"MANGAN MF2 - H\u1ee3p Nh\u1ea5t","robots":{"index":"index","follow":"follow","max-snippet":"max-snippet:-1","max-image-preview":"max-image-preview:large","max-video-preview":"max-video-preview:-1"},"canonical":"https:\/\/maylocnuoc2.hoctot.top\/?product=mangan-mf2","og_locale":"vi_VN","og_type":"article","og_title":"MANGAN MF2 - H\u1ee3p Nh\u1ea5t","og_description":"C\u00e1t Mangan l\u00e0 v\u1eadt li\u1ec7u l\u1ecdc n\u01b0\u1edbc hi\u1ec7u qu\u1ea3 trong kh\u1eed S\u1eaft, Asen, Mangan trong ngu\u1ed3n n\u01b0\u1edbc c\u1ea7n x\u1eed l\u00fd. S\u1ea3n ph\u1ea9m \u0111\u01b0\u1ee3c \u1ee9ng d\u1ee5ng trong l\u1ecdc n\u01b0\u1edbc gi\u1ebfng khoan, x\u1eed l\u00fd n\u01b0\u1edbc nhi\u1ec5m kim lo\u1ea1i n\u1eb7ng, nhi\u1ec5m ph\u00e8n, kh\u1eed m\u00f9i tanh b\u1eb1ng c\u00e1ch oxy h\u00f3a tr\u1ef1c ti\u1ebfp qua ti\u1ebfp x\u00fac v\u1edbi b\u1ec1 m\u1eb7t c\u00e1t. To\u00e0n \u00c1 cung c\u1ea5p \u0111a d\u1ea1ng c\u00e1c s\u1ea3n ph\u1ea9m c\u00e1t mangan n\u1ed9i \u0111\u1ecba v\u00e0 nh\u1eadp kh\u1ea9u nh\u01b0 h\u1ea1t Greensand (nh\u1eadp kh\u1ea9u ch\u00ednh h\u00e3ng t\u1eeb M\u1ef9).","og_url":"https:\/\/maylocnuoc2.hoctot.top\/?product=mangan-mf2","og_site_name":"H\u1ee3p Nh\u1ea5t","article_modified_time":"2023-06-11T11:09:29+00:00","og_image":[{"width":800,"height":800,"url":"https:\/\/maylocnuoc2.hoctot.top\/wp-content\/uploads\/2023\/06\/0ca08c77179e8a4b039d3ee2d93092b6.jpg","type":"image\/jpeg"}],"twitter_card":"summary_large_image","twitter_misc":{"\u01af\u1edbc t\u00ednh th\u1eddi gian \u0111\u1ecdc":"2 ph\u00fat"},"schema":{"@context":"https:\/\/schema.org","@graph":[{"@type":"WebPage","@id":"https:\/\/maylocnuoc2.hoctot.top\/?product=mangan-mf2","url":"https:\/\/maylocnuoc2.hoctot.top\/?product=mangan-mf2","name":"MANGAN MF2 - H\u1ee3p Nh\u1ea5t","isPartOf":{"@id":"https:\/\/maylocnuoc2.hoctot.top\/#website"},"primaryImageOfPage":{"@id":"https:\/\/maylocnuoc2.hoctot.top\/?product=mangan-mf2#primaryimage"},"image":{"@id":"https:\/\/maylocnuoc2.hoctot.top\/?product=mangan-mf2#primaryimage"},"thumbnailUrl":"https:\/\/maylocnuoc2.hoctot.top\/wp-content\/uploads\/2023\/06\/0ca08c77179e8a4b039d3ee2d93092b6.jpg","datePublished":"2023-06-11T11:09:28+00:00","dateModified":"2023-06-11T11:09:29+00:00","breadcrumb":{"@id":"https:\/\/maylocnuoc2.hoctot.top\/?product=mangan-mf2#breadcrumb"},"inLanguage":"vi","potentialAction":[{"@type":"ReadAction","target":["https:\/\/maylocnuoc2.hoctot.top\/?product=mangan-mf2"]}]},{"@type":"ImageObject","inLanguage":"vi","@id":"https:\/\/maylocnuoc2.hoctot.top\/?product=mangan-mf2#primaryimage","url":"https:\/\/maylocnuoc2.hoctot.top\/wp-content\/uploads\/2023\/06\/0ca08c77179e8a4b039d3ee2d93092b6.jpg","contentUrl":"https:\/\/maylocnuoc2.hoctot.top\/wp-content\/uploads\/2023\/06\/0ca08c77179e8a4b039d3ee2d93092b6.jpg","width":800,"height":800},{"@type":"BreadcrumbList","@id":"https:\/\/maylocnuoc2.hoctot.top\/?product=mangan-mf2#breadcrumb","itemListElement":[{"@type":"ListItem","position":1,"name":"Trang ch\u1ee7","item":"https:\/\/maylocnuoc2.hoctot.top\/"},{"@type":"ListItem","position":2,"name":"S\u1ea3n ph\u1ea9m","item":"https:\/\/maylocnuoc2.hoctot.top\/?page_id=63"},{"@type":"ListItem","position":3,"name":"H\u00f3a Ch\u1ea5t \u2013 V\u1eadt Li\u1ec7u","item":"https:\/\/maylocnuoc2.hoctot.top\/?product_cat=hoa-chat-vat-lieu"},{"@type":"ListItem","position":4,"name":"MANGAN MF2"}]},{"@type":"WebSite","@id":"https:\/\/maylocnuoc2.hoctot.top\/#website","url":"https:\/\/maylocnuoc2.hoctot.top\/","name":"H\u1ee3p Nh\u1ea5t","description":"","potentialAction":[{"@type":"SearchAction","target":{"@type":"EntryPoint","urlTemplate":"https:\/\/maylocnuoc2.hoctot.top\/?s={search_term_string}"},"query-input":{"@type":"PropertyValueSpecification","valueRequired":true,"valueName":"search_term_string"}}],"inLanguage":"vi"}]}},"_links":{"self":[{"href":"https:\/\/maylocnuoc2.hoctot.top\/index.php?rest_route=\/wp\/v2\/product\/2766","targetHints":{"allow":["GET"]}}],"collection":[{"href":"https:\/\/maylocnuoc2.hoctot.top\/index.php?rest_route=\/wp\/v2\/product"}],"about":[{"href":"https:\/\/maylocnuoc2.hoctot.top\/index.php?rest_route=\/wp\/v2\/types\/product"}],"replies":[{"embeddable":true,"href":"https:\/\/maylocnuoc2.hoctot.top\/index.php?rest_route=%2Fwp%2Fv2%2Fcomments&post=2766"}],"wp:featuredmedia":[{"embeddable":true,"href":"https:\/\/maylocnuoc2.hoctot.top\/index.php?rest_route=\/wp\/v2\/media\/2767"}],"wp:attachment":[{"href":"https:\/\/maylocnuoc2.hoctot.top\/index.php?rest_route=%2Fwp%2Fv2%2Fmedia&parent=2766"}],"wp:term":[{"taxonomy":"product_brand","embeddable":true,"href":"https:\/\/maylocnuoc2.hoctot.top\/index.php?rest_route=%2Fwp%2Fv2%2Fproduct_brand&post=2766"},{"taxonomy":"product_cat","embeddable":true,"href":"https:\/\/maylocnuoc2.hoctot.top\/index.php?rest_route=%2Fwp%2Fv2%2Fproduct_cat&post=2766"},{"taxonomy":"product_tag","embeddable":true,"href":"https:\/\/maylocnuoc2.hoctot.top\/index.php?rest_route=%2Fwp%2Fv2%2Fproduct_tag&post=2766"}],"curies":[{"name":"wp","href":"https:\/\/api.w.org\/{rel}","templated":true}]}}