{"id":2775,"date":"2023-06-11T11:54:15","date_gmt":"2023-06-11T11:54:15","guid":{"rendered":"https:\/\/luan.webrt.net\/hadoco\/?post_type=product&#038;p=2775"},"modified":"2023-06-11T11:54:16","modified_gmt":"2023-06-11T11:54:16","slug":"loc-tong-cho-khach-san","status":"publish","type":"product","link":"https:\/\/maylocnuoc2.hoctot.top\/?product=loc-tong-cho-khach-san","title":{"rendered":"L\u1ecdc t\u1ed5ng cho kh\u00e1ch s\u1ea1n"},"content":{"rendered":"<p style=\"text-align: justify;\">H\u1ec7 th\u1ed1ng l\u1ecdc t\u1ed5ng nh\u00e0 h\u00e0ng kh\u00e1ch s\u1ea1n<\/p>\n<p style=\"text-align: justify;\">B\u1ea1n \u0111ang nghi\u00ean c\u1ee9u m\u1ed9t ph\u01b0\u01a1ng \u00e1n x\u1eed l\u00fd ngu\u1ed3n n\u01b0\u1edbc t\u1ed1t nh\u1ea5t cho nh\u00e0 h\u00e0ng, kh\u00e1ch s\u1ea1n c\u1ee7a m\u00ecnh? B\u1ea1n ch\u01b0a t\u00ecm \u0111\u01b0\u1ee3c m\u1ed9t h\u1ec7 th\u1ed1ng l\u1ecdc n\u01b0\u1edbc \u0111\u1ea7u ngu\u1ed3n \u0111\u1ea3m b\u1ea3o an to\u00e0n v\u00e0 h\u1ee3p v\u1ec7 sinh nh\u1ea5t? \u0110\u1ebfn v\u1edbi HADOCO h\u00f4m nay, b\u1ea1n s\u1ebd \u0111\u01b0\u1ee3c t\u01b0 v\u1ea5n v\u1ec1 h\u1ec7 th\u1ed1ng l\u1ecdc t\u1ed5ng nh\u00e0 h\u00e0ng, kh\u00e1ch s\u1ea1n m\u1ed9t c\u00e1ch hi\u1ec7u qu\u1ea3 nh\u1ea5t.<\/p>\n<p style=\"text-align: justify;\">V\u00ec sao c\u00e1c nh\u00e0 h\u00e0ng, kh\u00e1ch s\u1ea1n c\u1ea7n ph\u1ea3i c\u00f3 h\u1ec7 th\u1ed1ng l\u1ecdc n\u01b0\u1edbc?<\/p>\n<p style=\"text-align: justify;\">Vi\u1ec7c s\u1eed d\u1ee5ng n\u01b0\u1edbc s\u1ea1ch l\u00e0 nhu c\u1ea7u t\u1ea5t y\u1ebfu c\u1ee7a t\u1ea5t c\u1ea3 m\u1ecdi ng\u01b0\u1eddi. Ngu\u1ed3n n\u01b0\u1edbc h\u1ee3p v\u1ec7 sinh v\u00e0 an to\u00e0n \u0111ang \u0111\u01b0\u1ee3c \u0111\u1eb7t l\u00ean h\u00e0ng \u0111\u1ea7u \u1edf h\u1ea7u h\u1ebft c\u00e1c nh\u00e0 h\u00e0ng, kh\u00e1ch s\u1ea1n l\u1edbn nh\u1ecf kh\u1eafp c\u1ea3 n\u01b0\u1edbc. B\u1edfi n\u01b0\u1edbc s\u1ea1ch \u0111\u00f3ng vai tr\u00f2 quan tr\u1ecdng trong qu\u00e1 tr\u00ecnh ch\u1ebf bi\u1ebfn th\u1ef1c ph\u1ea9m gi\u00fap \u0111\u1ea3m b\u1ea3o an to\u00e0n trong c\u00e1c m\u00f3n \u0103n, \u0111\u1ed3 u\u1ed1ng, gi\u1eef nguy\u00ean h\u01b0\u01a1ng v\u1ecb c\u1ee7a th\u1ef1c ph\u1ea9m.<\/p>\n<p><img loading=\"lazy\" decoding=\"async\" class=\"aligncenter  wp-image-2776\" src=\"https:\/\/luan.webrt.net\/hadoco\/wp-content\/uploads\/2023\/06\/1212.jpg\" alt=\"\" width=\"559\" height=\"419\" srcset=\"https:\/\/maylocnuoc2.hoctot.top\/wp-content\/uploads\/2023\/06\/1212.jpg 1280w, https:\/\/maylocnuoc2.hoctot.top\/wp-content\/uploads\/2023\/06\/1212-533x400.jpg 533w, https:\/\/maylocnuoc2.hoctot.top\/wp-content\/uploads\/2023\/06\/1212-1067x800.jpg 1067w, https:\/\/maylocnuoc2.hoctot.top\/wp-content\/uploads\/2023\/06\/1212-768x576.jpg 768w, https:\/\/maylocnuoc2.hoctot.top\/wp-content\/uploads\/2023\/06\/1212-600x450.jpg 600w\" sizes=\"auto, (max-width: 559px) 100vw, 559px\" \/><\/p>\n<p style=\"text-align: justify;\">N\u1ebfu s\u1eed d\u1ee5ng ngu\u1ed3n n\u01b0\u1edbc nhi\u1ec5m b\u1ea9n, ch\u01b0a qua x\u1eed l\u00fd c\u00f3 th\u1ec3 g\u00e2y ra nhi\u1ec1u h\u1eadu qu\u1ea3 nghi\u1ec7m tr\u1ecdng, l\u00e0m gi\u1ea3m uy t\u00edn c\u1ee7a nh\u00e0 h\u00e0ng \u0111\u1ed3ng th\u1eddi g\u00e2y \u1ea3nh h\u01b0\u1edfng \u0111\u1ebfn tr\u1ea3i nghi\u1ec7m c\u1ee7a kh\u00e1ch h\u00e0ng nh\u01b0:<\/p>\n<ul style=\"list-style-type: circle;\">\n<li style=\"text-align: justify;\">C\u00f3 th\u1ec3 g\u00e2y ng\u1ed9 \u0111\u1ed9c th\u1ef1c ph\u1ea9m, ti\u00eau ch\u1ea3y v\u00e0 c\u1ea3 m\u1ed9t s\u1ed1 c\u0103n b\u1ec7nh nguy hi\u1ec3m kh\u00e1c.<\/li>\n<li style=\"text-align: justify;\">Ngu\u1ed3n n\u01b0\u1edbc b\u1ecb nhi\u1ec5m ph\u00e8n, v\u1ea9n \u0111\u1ee5c,&#8230; khi s\u1eed d\u1ee5ng trong sinh ho\u1ea1t v\u1ec7 sinh h\u00e0ng ng\u00e0y s\u1ebd l\u00e0m t\u00f3c kh\u00f4 c\u1ee9ng, da d\u1ebb m\u1ea9n ng\u1ee9a d\u1ecb \u1ee9ng,&#8230;<\/li>\n<li style=\"text-align: justify;\">C\u00e1c v\u1eadt d\u1ee5ng nh\u01b0 b\u1ed3n r\u1eeda, s\u00e0n t\u1eafm, ch\u1eadu t\u1eafm \u1ed1 v\u00e0ng, c\u1ed1c ly, c\u1eeda k\u00ednh,&#8230; b\u1ecb \u0111\u00f3ng c\u1eb7n kh\u00f4ng t\u1ea9y r\u1eeda \u0111\u01b0\u1ee3c, g\u00e2y t\u1ed1n k\u00e9m chi ph\u00ed s\u1eeda ch\u1eefa, thay m\u1edbi th\u01b0\u1eddng xuy\u00ean.<\/li>\n<\/ul>\n<p><img loading=\"lazy\" decoding=\"async\" class=\"aligncenter  wp-image-2777\" src=\"https:\/\/luan.webrt.net\/hadoco\/wp-content\/uploads\/2023\/06\/data-he-thong-loc-nuoc-ro.jpg\" alt=\"\" width=\"554\" height=\"432\" \/><\/p>\n<p style=\"text-align: justify;\">V\u00ec v\u1eady m\u1ed9t h\u1ec7 th\u1ed1ng l\u1ecdc t\u1ed5ng nh\u00e0 h\u00e0ng, kh\u00e1ch s\u1ea1n s\u1eed d\u1ee5ng cho to\u00e0n b\u1ed9 ho\u1ea1t \u0111\u1ed9ng c\u1ee7a nh\u00e0 h\u00e0ng kh\u00e1ch s\u1ea1n l\u00e0 r\u1ea5t c\u1ea7n thi\u1ebft. Sau khi ngu\u1ed3n n\u01b0\u1edbc \u0111i qua h\u1ec7 th\u1ed1ng l\u1ecdc n\u01b0\u1edbc t\u1ed5ng \u0111\u1ea7u ngu\u1ed3n s\u1ebd \u0111\u01b0\u1ee3c x\u1eed l\u00fd ho\u00e0n to\u00e0n t\u1ea1p ch\u1ea5t, c\u00e1c ch\u1ea5t h\u1eefu c\u01a1 \u0111\u1ed9c h\u1ea1i g\u00e2y \u1ea3nh h\u01b0\u1edfng t\u1edbi s\u1ee9c kh\u1ecfe mang \u0111\u1ebfn ngu\u1ed3n n\u01b0\u1edbc s\u1ea1ch, \u0111\u1ea1t ti\u00eau chu\u1ea9n \u0111\u1ec3 ph\u1ee5c v\u1ee5 cho kh\u00e1ch h\u00e0ng.<\/p>\n<p style=\"text-align: justify;\">\u01afu \u0111i\u1ec3m v\u01b0\u1ee3t tr\u1ed9i c\u1ee7a h\u1ec7 th\u1ed1ng l\u1ecdc t\u1ed5ng nh\u00e0 h\u00e0ng, kh\u00e1ch s\u1ea1n<\/p>\n<p style=\"text-align: justify;\">H\u1ec7 th\u1ed1ng l\u1ecdc n\u01b0\u1edbc to\u00e0n b\u1ed9 nh\u00e0 h\u00e0ng, kh\u00e1ch s\u1ea1n l\u00e0 m\u00e1y l\u1ecdc n\u01b0\u1edbc ngay t\u1eeb \u0111\u1ea7u ngu\u1ed3n. H\u1ec7 th\u1ed1ng x\u1eed l\u00fd n\u01b0\u1edbc g\u1ed3m c\u00e1c c\u1ea5p l\u1ecdc kh\u1eaft khe, \u0111\u01b0\u1ee3c thi\u1ebft k\u1ebf v\u00e0 v\u1eadn h\u00e0nh ho\u00e0n to\u00e0n t\u1ef1 \u0111\u1ed9ng \u0111\u01b0\u1ee3c k\u1ebft n\u1ed1i ngay sau ngu\u1ed3n n\u01b0\u1edbc c\u1ea5p ch\u00ednh v\u00e0o kh\u00e1ch s\u1ea1n, nh\u00e0 h\u00e0ng.<\/p>\n<p style=\"text-align: justify;\">N\u01b0\u1edbc sau khi \u0111\u01b0\u1ee3c l\u1ecdc qua h\u1ec7 th\u1ed1ng s\u1ebd theo c\u00e1c \u0111\u01b0\u1eddng \u1ed1ng d\u1eabn n\u01b0\u1edbc \u0111i v\u00e0o m\u1ecdi khu t\u1eeb nh\u00e0 \u0103n, khu pha ch\u1ebf, b\u1ed3n t\u1eafm, v\u00f2i sen \u0111\u1ebfn x\u01b0\u1edfng gi\u1eb7t,\u2026v\u00e0 lan t\u1ecfa ra t\u1ea5t c\u1ea3 c\u00e1c \u0111i\u1ec3m s\u1eed d\u1ee5ng n\u01b0\u1edbc. Ch\u00ednh \u0111i\u1ec1u n\u00e0y s\u1ebd gi\u00fap gi\u1ea3i quy\u1ebft v\u1ea5n \u0111\u1ec1 n\u01b0\u1edbc nhi\u1ec5m b\u1ea9n trong m\u1ecdi khu v\u1ef1c c\u1ee7a nh\u00e0 h\u00e0ng, kh\u00e1ch s\u1ea1n ch\u1ee9 kh\u00f4ng ch\u1ec9 ri\u00eang l\u1ebb t\u1ea1i m\u1ed9t v\u00e0i khu v\u1ef1c nh\u1ecf.<\/p>\n<ul style=\"list-style-type: circle;\">\n<li style=\"text-align: justify;\">Lo\u1ea1i b\u1ecf ho\u00e0n to\u00e0n c\u1eb7n, t\u1ea1p ch\u1ea5t, c\u00e1c ch\u1ea5t g\u00e2y h\u1ea1i cho s\u1ee9c kh\u1ecfe.<\/li>\n<li style=\"text-align: justify;\">N\u01b0\u1edbc thu \u0111\u01b0\u1ee3c sau l\u1ecdc \u0111\u1ea3m b\u1ea3o quy chu\u1ea9n c\u1ee7a B\u1ed9 Y t\u1ebf.<\/li>\n<li style=\"text-align: justify;\">H\u1ec7 th\u1ed1ng nh\u1ecf g\u1ecdn, d\u1ec5 l\u1eafp \u0111\u1eb7t, v\u1eadn h\u00e0nh d\u1ec5 d\u00e0ng.<\/li>\n<li style=\"text-align: justify;\">Ti\u1ebft ki\u1ec7m chi ph\u00ed.<\/li>\n<\/ul>\n<p><img loading=\"lazy\" decoding=\"async\" class=\"aligncenter  wp-image-2778\" src=\"https:\/\/luan.webrt.net\/hadoco\/wp-content\/uploads\/2023\/06\/he-thong-loc-nuoc-dau-nguon-trong-chung-cu.jpg\" alt=\"\" width=\"556\" height=\"417\" srcset=\"https:\/\/maylocnuoc2.hoctot.top\/wp-content\/uploads\/2023\/06\/he-thong-loc-nuoc-dau-nguon-trong-chung-cu.jpg 600w, https:\/\/maylocnuoc2.hoctot.top\/wp-content\/uploads\/2023\/06\/he-thong-loc-nuoc-dau-nguon-trong-chung-cu-533x400.jpg 533w\" sizes=\"auto, (max-width: 556px) 100vw, 556px\" \/><\/p>\n<h3><span style=\"color: #0000ff;\"><strong>D\u1ecbch v\u1ee5 l\u1ecdc t\u1ed5ng nh\u00e0 h\u00e0ng, kh\u00e1ch s\u1ea1n t\u1ea1i Adoco<\/strong><\/span><\/h3>\n<p>V\u1edbi h\u1ec7 th\u1ed1ng l\u1ecdc t\u1ed5ng nh\u00e0 h\u00e0ng, kh\u00e1ch s\u1ea1n c\u1ee7a Adoco. Qu\u00fd kh\u00e1ch s\u1ebd lu\u00f4n c\u00f3 \u0111\u1ee7 ngu\u1ed3n n\u01b0\u1edbc s\u1ea1ch \u0111\u1ea1t ti\u00eau chu\u1ea9n cho ho\u1ea1t \u0111\u1ed9ng kinh doanh c\u1ee7a nh\u00e0 h\u00e0ng, \u0111\u1ea3m b\u1ea3o an to\u00e0n th\u1ef1c ph\u1ea9m c\u0169ng nh\u01b0 s\u1ee9c kh\u1ecfe cho m\u1ecdi kh\u00e1ch h\u00e0ng.<\/p>\n<p>Ngo\u00e0i ra, khi \u0111\u1ebfn v\u1edbi Hadoco, qu\u00fd kh\u00e1ch s\u1ebd \u0111\u01b0\u1ee3c:<\/p>\n<ul style=\"list-style-type: circle;\">\n<li>\u0110\u1ed9i ng\u0169 nh\u00e2n vi\u00ean t\u01b0 v\u1ea5n nhi\u1ec7t t\u00ecnh, cung c\u1ea5p cho qu\u00fd kh\u00e1ch m\u1ed9t s\u1ea3n ph\u1ea9m ph\u00f9 h\u1ee3p v\u1edbi quy m\u00f4 c\u1ee7a t\u1eebng kh\u00e1ch s\u1ea1n, nh\u00e0 h\u00e0ng.<\/li>\n<li>K\u1ef9 thu\u1eadt vi\u00ean l\u00e0nh ngh\u1ec1, h\u1ed7 tr\u1ee3 t\u1ed1i \u01b0u trong vi\u1ec7c l\u1eafp \u0111\u1eb7t h\u1ec7 th\u1ed1ng l\u1ecdc n\u01b0\u1edbc, \u0111\u1ea3m b\u1ea3o an to\u00e0n, \u0111\u00fang k\u1ef9 thu\u1eadt.<\/li>\n<li>D\u1ecbch v\u1ee5 ch\u0103m s\u00f3c sau b\u00e1n h\u00e0ng chuy\u00ean nghi\u1ec7p v\u1edbi ch\u1ebf \u0111\u1ed9 b\u1ea3o h\u00e0nh l\u00e2u d\u00e0i, b\u1ea3o d\u01b0\u1ee1ng \u0111\u1ecbnh k\u1ef3 v\u00e0 h\u1ed7 tr\u1ee3 s\u1eeda ch\u1eefa 24\/7.<\/li>\n<\/ul>\n<p style=\"text-align: justify;\">Qu\u00fd kh\u00e1ch c\u00f3 nhu c\u1ea7u t\u01b0 v\u1ea5n l\u1eafp \u0111\u1eb7t h\u1ec7 th\u1ed1ng l\u1ecdc t\u1ed5ng nh\u00e0 h\u00e0ng, kh\u00e1ch s\u1ea1n. Xin vui l\u00f2ng li\u00ean h\u1ec7 qua Hotline :<span style=\"color: #ff0000;\"><strong>0988.971.636 &#8211; 0989.645.389<\/strong><\/span>\u00a0 Hadoco s\u1ebd ph\u00e2n t\u00edch ngu\u1ed3n n\u01b0\u1edbc c\u1ea5p \u0111\u1ea7u v\u00e0o \u0111\u1ec3 \u0111\u01b0a ra c\u00e1c gi\u1ea3i ph\u00e1p t\u1ed1i \u01b0u cho h\u1ec7 l\u1ecdc t\u1ed5ng c\u1ee7a kh\u00e1ch s\u1ea1n v\u00e0 khu v\u1ef1c b\u1ebfp \u0103n kh\u00e1ch s\u1ea1n, tu\u1ef3 theo quy m\u00f4 c\u1ee7a t\u1eebng kh\u00e1ch s\u1ea1n, nh\u00e0 h\u00e0ng s\u1ebd c\u00f3 nh\u1eefng c\u00f4ng su\u1ea5t kh\u00e1c nhau.<\/p>\n","protected":false},"excerpt":{"rendered":"<p>H\u1ec7 th\u1ed1ng l\u1ecdc t\u1ed5ng nh\u00e0 h\u00e0ng kh\u00e1ch s\u1ea1n B\u1ea1n \u0111ang nghi\u00ean c\u1ee9u m\u1ed9t ph\u01b0\u01a1ng \u00e1n x\u1eed l\u00fd ngu\u1ed3n n\u01b0\u1edbc t\u1ed1t nh\u1ea5t cho nh\u00e0 h\u00e0ng, kh\u00e1ch s\u1ea1n c\u1ee7a m\u00ecnh? B\u1ea1n ch\u01b0a t\u00ecm \u0111\u01b0\u1ee3c m\u1ed9t h\u1ec7 th\u1ed1ng l\u1ecdc n\u01b0\u1edbc \u0111\u1ea7u ngu\u1ed3n \u0111\u1ea3m b\u1ea3o an to\u00e0n v\u00e0 h\u1ee3p v\u1ec7 sinh nh\u1ea5t? \u0110\u1ebfn v\u1edbi HADOCO h\u00f4m nay, b\u1ea1n s\u1ebd [&#8230;]\n","protected":false},"featured_media":2776,"comment_status":"open","ping_status":"closed","template":"","meta":[],"product_brand":[],"product_cat":[15,200],"product_tag":[],"class_list":{"0":"post-2775","1":"product","2":"type-product","3":"status-publish","4":"has-post-thumbnail","6":"product_cat-thiet-bi-xu-ly-nuoc","7":"product_cat-thiet-bi-loc-nuoc-cong-nghiep","9":"first","10":"instock","11":"shipping-taxable","12":"product-type-simple"},"yoast_head":"<!-- This site is optimized with the Yoast SEO plugin v24.6 - https:\/\/yoast.com\/wordpress\/plugins\/seo\/ -->\n<title>L\u1ecdc t\u1ed5ng cho kh\u00e1ch s\u1ea1n - H\u1ee3p Nh\u1ea5t<\/title>\n<meta name=\"robots\" content=\"index, follow, max-snippet:-1, max-image-preview:large, max-video-preview:-1\" \/>\n<link rel=\"canonical\" href=\"https:\/\/maylocnuoc2.hoctot.top\/?product=loc-tong-cho-khach-san\" \/>\n<meta property=\"og:locale\" content=\"vi_VN\" \/>\n<meta property=\"og:type\" content=\"article\" \/>\n<meta property=\"og:title\" content=\"L\u1ecdc t\u1ed5ng cho kh\u00e1ch s\u1ea1n - H\u1ee3p Nh\u1ea5t\" \/>\n<meta property=\"og:description\" content=\"H\u1ec7 th\u1ed1ng l\u1ecdc t\u1ed5ng nh\u00e0 h\u00e0ng kh\u00e1ch s\u1ea1n B\u1ea1n \u0111ang nghi\u00ean c\u1ee9u m\u1ed9t ph\u01b0\u01a1ng \u00e1n x\u1eed l\u00fd ngu\u1ed3n n\u01b0\u1edbc t\u1ed1t nh\u1ea5t cho nh\u00e0 h\u00e0ng, kh\u00e1ch s\u1ea1n c\u1ee7a m\u00ecnh? B\u1ea1n ch\u01b0a t\u00ecm \u0111\u01b0\u1ee3c m\u1ed9t h\u1ec7 th\u1ed1ng l\u1ecdc n\u01b0\u1edbc \u0111\u1ea7u ngu\u1ed3n \u0111\u1ea3m b\u1ea3o an to\u00e0n v\u00e0 h\u1ee3p v\u1ec7 sinh nh\u1ea5t? \u0110\u1ebfn v\u1edbi HADOCO h\u00f4m nay, b\u1ea1n s\u1ebd [...]\" \/>\n<meta property=\"og:url\" content=\"https:\/\/maylocnuoc2.hoctot.top\/?product=loc-tong-cho-khach-san\" \/>\n<meta property=\"og:site_name\" content=\"H\u1ee3p Nh\u1ea5t\" \/>\n<meta property=\"article:modified_time\" content=\"2023-06-11T11:54:16+00:00\" \/>\n<meta property=\"og:image\" content=\"https:\/\/maylocnuoc2.hoctot.top\/wp-content\/uploads\/2023\/06\/1212.jpg\" \/>\n\t<meta property=\"og:image:width\" content=\"1280\" \/>\n\t<meta property=\"og:image:height\" content=\"960\" \/>\n\t<meta property=\"og:image:type\" content=\"image\/jpeg\" \/>\n<meta name=\"twitter:card\" content=\"summary_large_image\" \/>\n<meta name=\"twitter:label1\" content=\"\u01af\u1edbc t\u00ednh th\u1eddi gian \u0111\u1ecdc\" \/>\n\t<meta name=\"twitter:data1\" content=\"5 ph\u00fat\" \/>\n<script type=\"application\/ld+json\" class=\"yoast-schema-graph\">{\"@context\":\"https:\/\/schema.org\",\"@graph\":[{\"@type\":\"WebPage\",\"@id\":\"https:\/\/maylocnuoc2.hoctot.top\/?product=loc-tong-cho-khach-san\",\"url\":\"https:\/\/maylocnuoc2.hoctot.top\/?product=loc-tong-cho-khach-san\",\"name\":\"L\u1ecdc t\u1ed5ng cho kh\u00e1ch s\u1ea1n - H\u1ee3p Nh\u1ea5t\",\"isPartOf\":{\"@id\":\"https:\/\/maylocnuoc2.hoctot.top\/#website\"},\"primaryImageOfPage\":{\"@id\":\"https:\/\/maylocnuoc2.hoctot.top\/?product=loc-tong-cho-khach-san#primaryimage\"},\"image\":{\"@id\":\"https:\/\/maylocnuoc2.hoctot.top\/?product=loc-tong-cho-khach-san#primaryimage\"},\"thumbnailUrl\":\"https:\/\/maylocnuoc2.hoctot.top\/wp-content\/uploads\/2023\/06\/1212.jpg\",\"datePublished\":\"2023-06-11T11:54:15+00:00\",\"dateModified\":\"2023-06-11T11:54:16+00:00\",\"breadcrumb\":{\"@id\":\"https:\/\/maylocnuoc2.hoctot.top\/?product=loc-tong-cho-khach-san#breadcrumb\"},\"inLanguage\":\"vi\",\"potentialAction\":[{\"@type\":\"ReadAction\",\"target\":[\"https:\/\/maylocnuoc2.hoctot.top\/?product=loc-tong-cho-khach-san\"]}]},{\"@type\":\"ImageObject\",\"inLanguage\":\"vi\",\"@id\":\"https:\/\/maylocnuoc2.hoctot.top\/?product=loc-tong-cho-khach-san#primaryimage\",\"url\":\"https:\/\/maylocnuoc2.hoctot.top\/wp-content\/uploads\/2023\/06\/1212.jpg\",\"contentUrl\":\"https:\/\/maylocnuoc2.hoctot.top\/wp-content\/uploads\/2023\/06\/1212.jpg\",\"width\":1280,\"height\":960},{\"@type\":\"BreadcrumbList\",\"@id\":\"https:\/\/maylocnuoc2.hoctot.top\/?product=loc-tong-cho-khach-san#breadcrumb\",\"itemListElement\":[{\"@type\":\"ListItem\",\"position\":1,\"name\":\"Trang ch\u1ee7\",\"item\":\"https:\/\/maylocnuoc2.hoctot.top\/\"},{\"@type\":\"ListItem\",\"position\":2,\"name\":\"S\u1ea3n ph\u1ea9m\",\"item\":\"https:\/\/maylocnuoc2.hoctot.top\/?page_id=63\"},{\"@type\":\"ListItem\",\"position\":3,\"name\":\"Thi\u1ebft b\u1ecb x\u1eed l\u00fd n\u01b0\u1edbc\",\"item\":\"https:\/\/maylocnuoc2.hoctot.top\/?product_cat=thiet-bi-xu-ly-nuoc\"},{\"@type\":\"ListItem\",\"position\":4,\"name\":\"L\u1ecdc t\u1ed5ng cho kh\u00e1ch s\u1ea1n\"}]},{\"@type\":\"WebSite\",\"@id\":\"https:\/\/maylocnuoc2.hoctot.top\/#website\",\"url\":\"https:\/\/maylocnuoc2.hoctot.top\/\",\"name\":\"H\u1ee3p Nh\u1ea5t\",\"description\":\"\",\"potentialAction\":[{\"@type\":\"SearchAction\",\"target\":{\"@type\":\"EntryPoint\",\"urlTemplate\":\"https:\/\/maylocnuoc2.hoctot.top\/?s={search_term_string}\"},\"query-input\":{\"@type\":\"PropertyValueSpecification\",\"valueRequired\":true,\"valueName\":\"search_term_string\"}}],\"inLanguage\":\"vi\"}]}<\/script>\n<!-- \/ Yoast SEO plugin. -->","yoast_head_json":{"title":"L\u1ecdc t\u1ed5ng cho kh\u00e1ch s\u1ea1n - H\u1ee3p Nh\u1ea5t","robots":{"index":"index","follow":"follow","max-snippet":"max-snippet:-1","max-image-preview":"max-image-preview:large","max-video-preview":"max-video-preview:-1"},"canonical":"https:\/\/maylocnuoc2.hoctot.top\/?product=loc-tong-cho-khach-san","og_locale":"vi_VN","og_type":"article","og_title":"L\u1ecdc t\u1ed5ng cho kh\u00e1ch s\u1ea1n - H\u1ee3p Nh\u1ea5t","og_description":"H\u1ec7 th\u1ed1ng l\u1ecdc t\u1ed5ng nh\u00e0 h\u00e0ng kh\u00e1ch s\u1ea1n B\u1ea1n \u0111ang nghi\u00ean c\u1ee9u m\u1ed9t ph\u01b0\u01a1ng \u00e1n x\u1eed l\u00fd ngu\u1ed3n n\u01b0\u1edbc t\u1ed1t nh\u1ea5t cho nh\u00e0 h\u00e0ng, kh\u00e1ch s\u1ea1n c\u1ee7a m\u00ecnh? B\u1ea1n ch\u01b0a t\u00ecm \u0111\u01b0\u1ee3c m\u1ed9t h\u1ec7 th\u1ed1ng l\u1ecdc n\u01b0\u1edbc \u0111\u1ea7u ngu\u1ed3n \u0111\u1ea3m b\u1ea3o an to\u00e0n v\u00e0 h\u1ee3p v\u1ec7 sinh nh\u1ea5t? \u0110\u1ebfn v\u1edbi HADOCO h\u00f4m nay, b\u1ea1n s\u1ebd [...]","og_url":"https:\/\/maylocnuoc2.hoctot.top\/?product=loc-tong-cho-khach-san","og_site_name":"H\u1ee3p Nh\u1ea5t","article_modified_time":"2023-06-11T11:54:16+00:00","og_image":[{"width":1280,"height":960,"url":"https:\/\/maylocnuoc2.hoctot.top\/wp-content\/uploads\/2023\/06\/1212.jpg","type":"image\/jpeg"}],"twitter_card":"summary_large_image","twitter_misc":{"\u01af\u1edbc t\u00ednh th\u1eddi gian \u0111\u1ecdc":"5 ph\u00fat"},"schema":{"@context":"https:\/\/schema.org","@graph":[{"@type":"WebPage","@id":"https:\/\/maylocnuoc2.hoctot.top\/?product=loc-tong-cho-khach-san","url":"https:\/\/maylocnuoc2.hoctot.top\/?product=loc-tong-cho-khach-san","name":"L\u1ecdc t\u1ed5ng cho kh\u00e1ch s\u1ea1n - H\u1ee3p Nh\u1ea5t","isPartOf":{"@id":"https:\/\/maylocnuoc2.hoctot.top\/#website"},"primaryImageOfPage":{"@id":"https:\/\/maylocnuoc2.hoctot.top\/?product=loc-tong-cho-khach-san#primaryimage"},"image":{"@id":"https:\/\/maylocnuoc2.hoctot.top\/?product=loc-tong-cho-khach-san#primaryimage"},"thumbnailUrl":"https:\/\/maylocnuoc2.hoctot.top\/wp-content\/uploads\/2023\/06\/1212.jpg","datePublished":"2023-06-11T11:54:15+00:00","dateModified":"2023-06-11T11:54:16+00:00","breadcrumb":{"@id":"https:\/\/maylocnuoc2.hoctot.top\/?product=loc-tong-cho-khach-san#breadcrumb"},"inLanguage":"vi","potentialAction":[{"@type":"ReadAction","target":["https:\/\/maylocnuoc2.hoctot.top\/?product=loc-tong-cho-khach-san"]}]},{"@type":"ImageObject","inLanguage":"vi","@id":"https:\/\/maylocnuoc2.hoctot.top\/?product=loc-tong-cho-khach-san#primaryimage","url":"https:\/\/maylocnuoc2.hoctot.top\/wp-content\/uploads\/2023\/06\/1212.jpg","contentUrl":"https:\/\/maylocnuoc2.hoctot.top\/wp-content\/uploads\/2023\/06\/1212.jpg","width":1280,"height":960},{"@type":"BreadcrumbList","@id":"https:\/\/maylocnuoc2.hoctot.top\/?product=loc-tong-cho-khach-san#breadcrumb","itemListElement":[{"@type":"ListItem","position":1,"name":"Trang ch\u1ee7","item":"https:\/\/maylocnuoc2.hoctot.top\/"},{"@type":"ListItem","position":2,"name":"S\u1ea3n ph\u1ea9m","item":"https:\/\/maylocnuoc2.hoctot.top\/?page_id=63"},{"@type":"ListItem","position":3,"name":"Thi\u1ebft b\u1ecb x\u1eed l\u00fd n\u01b0\u1edbc","item":"https:\/\/maylocnuoc2.hoctot.top\/?product_cat=thiet-bi-xu-ly-nuoc"},{"@type":"ListItem","position":4,"name":"L\u1ecdc t\u1ed5ng cho kh\u00e1ch s\u1ea1n"}]},{"@type":"WebSite","@id":"https:\/\/maylocnuoc2.hoctot.top\/#website","url":"https:\/\/maylocnuoc2.hoctot.top\/","name":"H\u1ee3p Nh\u1ea5t","description":"","potentialAction":[{"@type":"SearchAction","target":{"@type":"EntryPoint","urlTemplate":"https:\/\/maylocnuoc2.hoctot.top\/?s={search_term_string}"},"query-input":{"@type":"PropertyValueSpecification","valueRequired":true,"valueName":"search_term_string"}}],"inLanguage":"vi"}]}},"_links":{"self":[{"href":"https:\/\/maylocnuoc2.hoctot.top\/index.php?rest_route=\/wp\/v2\/product\/2775","targetHints":{"allow":["GET"]}}],"collection":[{"href":"https:\/\/maylocnuoc2.hoctot.top\/index.php?rest_route=\/wp\/v2\/product"}],"about":[{"href":"https:\/\/maylocnuoc2.hoctot.top\/index.php?rest_route=\/wp\/v2\/types\/product"}],"replies":[{"embeddable":true,"href":"https:\/\/maylocnuoc2.hoctot.top\/index.php?rest_route=%2Fwp%2Fv2%2Fcomments&post=2775"}],"wp:featuredmedia":[{"embeddable":true,"href":"https:\/\/maylocnuoc2.hoctot.top\/index.php?rest_route=\/wp\/v2\/media\/2776"}],"wp:attachment":[{"href":"https:\/\/maylocnuoc2.hoctot.top\/index.php?rest_route=%2Fwp%2Fv2%2Fmedia&parent=2775"}],"wp:term":[{"taxonomy":"product_brand","embeddable":true,"href":"https:\/\/maylocnuoc2.hoctot.top\/index.php?rest_route=%2Fwp%2Fv2%2Fproduct_brand&post=2775"},{"taxonomy":"product_cat","embeddable":true,"href":"https:\/\/maylocnuoc2.hoctot.top\/index.php?rest_route=%2Fwp%2Fv2%2Fproduct_cat&post=2775"},{"taxonomy":"product_tag","embeddable":true,"href":"https:\/\/maylocnuoc2.hoctot.top\/index.php?rest_route=%2Fwp%2Fv2%2Fproduct_tag&post=2775"}],"curies":[{"name":"wp","href":"https:\/\/api.w.org\/{rel}","templated":true}]}}